{"id":36340,"date":"2023-06-10T16:09:51","date_gmt":"2023-06-10T13:09:51","guid":{"rendered":"https:\/\/hookahshop.lt\/?post_type=product&#038;p=36340"},"modified":"2026-04-19T23:30:13","modified_gmt":"2026-04-19T20:30:13","slug":"individualus-kaljano-kandiklis-target","status":"publish","type":"product","link":"https:\/\/hookahshop.lt\/et\/toode\/individuaalne-vesipiibu-huulik-sihtmark\/","title":{"rendered":"Individuaalne vesipiibu huulik TARGET"},"content":{"rendered":"<h2>Individuaalne vesipiibu huulik TARGET<\/h2>\n<p>Sobib enamikule huulikutele, kuna selle allosas on silikoonosa. Kaasas rihm, millega saad seda kaelas kanda.<\/p>\n<p><strong>Spetsifikatsioon:<\/strong><br \/>\nMaterjal: roostevaba teras<br \/>\nPikkus: 6,5 cm<\/p>\n<p>Kas teil on k\u00fcsimusi? v\u00f5ta meiega \u00fchendust\u00a0<a href=\"https:\/\/hookahshop.lt\/et\/kontaktid\/\">kontaktide leht<\/a>\u00a0v\u00f5i saatke meile e-kiri aadressil\u00a0<a href=\"https:\/\/facebook.com\/HookahShop.lt\/\" target=\"_blank\" rel=\"noopener\">Facebooki konto<\/a>\u00a0ja vastame teie taotlusele samal p\u00e4eval.<\/p>","protected":false},"excerpt":{"rendered":"<p>Kohandatud vesipiibu huulik TARGET Sobib enamiku huulikutega, kuna selle allosas on silikoonosa. Kaasas rihm, millega saad seda kaelas kanda. Spetsifikatsioon: Materjal: roostevaba teras Pikkus: 6,5 cm Kas teil on k\u00fcsimusi? V\u00f5tke meiega \u00fchendust kontaktide lehel v\u00f5i kirjutage meile Facebookis ja vastame teie p\u00e4ringule samal p\u00e4eval.<\/p>","protected":false},"featured_media":36341,"comment_status":"open","ping_status":"closed","template":"","meta":[],"_links":{"self":[{"href":"https:\/\/hookahshop.lt\/et\/wp-json\/wp\/v2\/product\/36340"}],"collection":[{"href":"https:\/\/hookahshop.lt\/et\/wp-json\/wp\/v2\/product"}],"about":[{"href":"https:\/\/hookahshop.lt\/et\/wp-json\/wp\/v2\/types\/product"}],"replies":[{"embeddable":true,"href":"https:\/\/hookahshop.lt\/et\/wp-json\/wp\/v2\/comments?post=36340"}],"version-history":[{"count":3,"href":"https:\/\/hookahshop.lt\/et\/wp-json\/wp\/v2\/product\/36340\/revisions"}],"predecessor-version":[{"id":37676,"href":"https:\/\/hookahshop.lt\/et\/wp-json\/wp\/v2\/product\/36340\/revisions\/37676"}],"wp:featuredmedia":[{"embeddable":true,"href":"https:\/\/hookahshop.lt\/et\/wp-json\/wp\/v2\/media\/36341"}],"wp:attachment":[{"href":"https:\/\/hookahshop.lt\/et\/wp-json\/wp\/v2\/media?parent=36340"}],"curies":[{"name":"wp","href":"https:\/\/api.w.org\/{rel}","templated":true}]}}