{"id":36413,"date":"2023-06-26T13:55:16","date_gmt":"2023-06-26T10:55:16","guid":{"rendered":"https:\/\/hookahshop.lt\/?post_type=product&#038;p=36413"},"modified":"2026-04-18T23:29:24","modified_gmt":"2026-04-18T20:29:24","slug":"kandiklis-kaljanui-vyro-carbon-black-30cm","status":"publish","type":"product","link":"https:\/\/hookahshop.lt\/et\/toode\/huulik-piibu-meestele-susimusta-30cm\/","title":{"rendered":"Vesipiibu huulik VYRO Carbon Black 30cm"},"content":{"rendered":"<h2>Vesipiibu huulik VYRO Carbon Black 30cm<\/h2>\n<p>Suurep\u00e4rane mitte ainult oma kerge, vaid ka kvaliteetse materjali poolest. See s\u00fcsinikust huulik sobib mitte ainult igap\u00e4evaseks kasutamiseks, vaid ka iga vesipiibu ja tavalise silikoonvooliku jaoks.<\/p>\n<p><strong>Spetsifikatsioonid:<\/strong><br \/>\nPikkus: 30 cm<br \/>\nSisemine l\u00e4bim\u00f5\u00f5t: 10 mm<br \/>\nMaterjalid: s\u00fcsinik ja V2A roostevaba teras<\/p>\n<p>&nbsp;<\/p>\n<p>Kas teil on k\u00fcsimusi? v\u00f5ta meiega \u00fchendust\u00a0<a href=\"https:\/\/hookahshop.lt\/et\/kontaktid\/\">kontaktide leht<\/a>\u00a0v\u00f5i saatke meile e-kiri aadressil\u00a0<a href=\"https:\/\/facebook.com\/HookahShop.lt\/\" target=\"_blank\" rel=\"noopener noreferrer\">Facebooki konto<\/a>\u00a0ja vastame teie taotlusele samal p\u00e4eval.<\/p>","protected":false},"excerpt":{"rendered":"<p>Vesipiibu huulik VYRO Carbon Black 30cm Suurep\u00e4rane mitte ainult oma kerge kaalu, vaid ka kvaliteetse materjali t\u00f5ttu. See s\u00f6est huulik ei sobi mitte ainult igap\u00e4evaseks kasutamiseks, vaid sobib ka iga vesipiibu ja tavalise silikoonvooliku jaoks. Tehnilised andmed: Pikkus: 30cm Sisel\u00e4bim\u00f5\u00f5t: 10mm Materjalid: S\u00fcsinik ja V2A roostevaba teras K\u00fcsimused? V\u00f5tke meiega \u00fchendust kontaktide lehel v\u00f5i kirjutage [...]<\/p>","protected":false},"featured_media":36414,"comment_status":"open","ping_status":"closed","template":"","meta":[],"_links":{"self":[{"href":"https:\/\/hookahshop.lt\/et\/wp-json\/wp\/v2\/product\/36413"}],"collection":[{"href":"https:\/\/hookahshop.lt\/et\/wp-json\/wp\/v2\/product"}],"about":[{"href":"https:\/\/hookahshop.lt\/et\/wp-json\/wp\/v2\/types\/product"}],"replies":[{"embeddable":true,"href":"https:\/\/hookahshop.lt\/et\/wp-json\/wp\/v2\/comments?post=36413"}],"version-history":[{"count":3,"href":"https:\/\/hookahshop.lt\/et\/wp-json\/wp\/v2\/product\/36413\/revisions"}],"predecessor-version":[{"id":36417,"href":"https:\/\/hookahshop.lt\/et\/wp-json\/wp\/v2\/product\/36413\/revisions\/36417"}],"wp:featuredmedia":[{"embeddable":true,"href":"https:\/\/hookahshop.lt\/et\/wp-json\/wp\/v2\/media\/36414"}],"wp:attachment":[{"href":"https:\/\/hookahshop.lt\/et\/wp-json\/wp\/v2\/media?parent=36413"}],"curies":[{"name":"wp","href":"https:\/\/api.w.org\/{rel}","templated":true}]}}