{"id":36419,"date":"2023-06-26T14:18:05","date_gmt":"2023-06-26T11:18:05","guid":{"rendered":"https:\/\/hookahshop.lt\/?post_type=product&#038;p=36419"},"modified":"2026-04-06T23:29:31","modified_gmt":"2026-04-06T20:29:31","slug":"difuzorius-kaljanui-union-hookah","status":"publish","type":"product","link":"https:\/\/hookahshop.lt\/et\/toode\/difuusor-vesipiip-liit-vesipiip\/","title":{"rendered":"Vesipiibu difuusor UNION Vesipiibu"},"content":{"rendered":"<h2>Vesipiibu difuusor UNION Vesipiibu<\/h2>\n<p>Toiming sarnaneb filtriga, kuna see lagundab kolvis t\u00f5usvad \u00f5humullid. Sel viisil jahutatakse kolvis olev suits. Samuti summutab see veidi vesipiibu mullitamise heli vaiksemates keskkondades nt. filmi vaatamine v\u00f5i teistega suhtlemine.<\/p>\n<p><strong>Kasutamine:<\/strong><br \/>\nDifuusor kinnitatakse o-r\u00f5ngastega ainult UNION vesipiibu mudeli v\u00f5lli (varre) otsa.<\/p>\n<p><strong>Spetsifikatsioonid:<\/strong><br \/>\nMaterjal: plastik (meditsiiniline)<br \/>\nK\u00f5rgus: 2,8 cm<br \/>\nLaius: 2 cm<\/p>\n<p>Kas teil on k\u00fcsimusi? v\u00f5ta meiega \u00fchendust\u00a0<a href=\"https:\/\/hookahshop.lt\/et\/kontaktid\/\">kontaktide leht<\/a>\u00a0v\u00f5i saatke meile e-kiri aadressil\u00a0<a href=\"https:\/\/facebook.com\/HookahShop.lt\/\" target=\"_blank\" rel=\"noopener noreferrer\">Facebooki konto<\/a>\u00a0ja vastame teie taotlusele samal p\u00e4eval.<\/p>\n<p>&nbsp;<\/p>","protected":false},"excerpt":{"rendered":"<p>Vesipiibu difuusor UNION Vesipiip T\u00f6\u00f6protsess sarnaneb filtriga, kuna see purustab kolvis t\u00f5usvad \u00f5humullid. Sel viisil jahutatakse kolvis olev suits. Samuti summutab veidi vesipiibu mullitavat heli, vaiksema keskkonna jaoks nt. filmi vaadates v\u00f5i teistega suheldes. Kasutamine: Difuusor kinnitatakse o-r\u00f5ngastega ainult UNION vesipiibu mudeli v\u00f5lli (varre) otsa. Tehnilised andmed: materjal: plastik [\u2026]<\/p>","protected":false},"featured_media":36420,"comment_status":"open","ping_status":"closed","template":"","meta":[],"_links":{"self":[{"href":"https:\/\/hookahshop.lt\/et\/wp-json\/wp\/v2\/product\/36419"}],"collection":[{"href":"https:\/\/hookahshop.lt\/et\/wp-json\/wp\/v2\/product"}],"about":[{"href":"https:\/\/hookahshop.lt\/et\/wp-json\/wp\/v2\/types\/product"}],"replies":[{"embeddable":true,"href":"https:\/\/hookahshop.lt\/et\/wp-json\/wp\/v2\/comments?post=36419"}],"version-history":[{"count":4,"href":"https:\/\/hookahshop.lt\/et\/wp-json\/wp\/v2\/product\/36419\/revisions"}],"predecessor-version":[{"id":45264,"href":"https:\/\/hookahshop.lt\/et\/wp-json\/wp\/v2\/product\/36419\/revisions\/45264"}],"wp:featuredmedia":[{"embeddable":true,"href":"https:\/\/hookahshop.lt\/et\/wp-json\/wp\/v2\/media\/36420"}],"wp:attachment":[{"href":"https:\/\/hookahshop.lt\/et\/wp-json\/wp\/v2\/media?parent=36419"}],"curies":[{"name":"wp","href":"https:\/\/api.w.org\/{rel}","templated":true}]}}