{"id":36483,"date":"2023-07-04T23:28:58","date_gmt":"2023-07-04T20:28:58","guid":{"rendered":"https:\/\/hookahshop.lt\/?post_type=product&#038;p=36483"},"modified":"2026-04-15T23:29:31","modified_gmt":"2026-04-15T20:29:31","slug":"taurele-kaljanui-moon-turkish-black-space","status":"publish","type":"product","link":"https:\/\/hookahshop.lt\/et\/toode\/tass-vesipiip-kuu-turgi-must-ruum\/","title":{"rendered":"Tass vesipiibu jaoks MOON Turkish Black Space"},"content":{"rendered":"<h2>Tass vesipiibu jaoks MOON Turkish Black Space<\/h2>\n<p>K\u00e4sitsi valmistatud, suurep\u00e4rase t\u00f6\u00f6tlusega, valmistatud kvaliteetsest savitopsist. Uus turul, nende heaks t\u00f6\u00f6tasid samad inimesed, kes olid seotud Oblakas Cupide loomisega. Kvaliteetne savi ja glasuur on ideaalne kombinatsioon.<br \/>\nRahvas sobib nii tumedale kui heledale tubakale.<br \/>\nTassi maht on umbes 20-25 g (olenevalt kasutatavast pakkimisviisist).<\/p>\n<p><strong>Omadused:<\/strong><br \/>\nMaterjal: glasuuriga savi<br \/>\nK\u00f5rgus: ~ 8 cm<br \/>\nLaius: ~ 7,5 cm<br \/>\nMahutavus: ~ 2,5 cm<\/p>\n<p>&nbsp;<\/p>\n<p>Kas teil on k\u00fcsimusi? v\u00f5ta meiega \u00fchendust\u00a0<a href=\"https:\/\/hookahshop.lt\/et\/kontaktid\/\">kontaktide leht<\/a>\u00a0v\u00f5i saatke meile e-kiri aadressil\u00a0<a href=\"https:\/\/facebook.com\/HookahShop.lt\/\" target=\"_blank\" rel=\"noopener noreferrer\">Facebooki konto<\/a>\u00a0ja vastame teie taotlusele samal p\u00e4eval.<\/p>","protected":false},"excerpt":{"rendered":"<p>Tass vesipiibu jaoks MOON Turkish Black Space K\u00e4sitsi valmistatud, suurep\u00e4rane t\u00f6\u00f6tlus, tops valmistatud kvaliteetsest savist. Uus turul, nendega t\u00f6\u00f6tasid samad inimesed, kes olid seotud Oblaki tasside loomisega. Kvaliteetne savi ja glasuur on ideaalne kombinatsioon. Kauss sobib nii tumedale kui heledale tubakale. Tassi maht on umbes 20-25 g (olenevalt kasutatavast pakkimisviisist). Omadused: [\u2026]<\/p>","protected":false},"featured_media":36487,"comment_status":"open","ping_status":"closed","template":"","meta":[],"_links":{"self":[{"href":"https:\/\/hookahshop.lt\/et\/wp-json\/wp\/v2\/product\/36483"}],"collection":[{"href":"https:\/\/hookahshop.lt\/et\/wp-json\/wp\/v2\/product"}],"about":[{"href":"https:\/\/hookahshop.lt\/et\/wp-json\/wp\/v2\/types\/product"}],"replies":[{"embeddable":true,"href":"https:\/\/hookahshop.lt\/et\/wp-json\/wp\/v2\/comments?post=36483"}],"version-history":[{"count":2,"href":"https:\/\/hookahshop.lt\/et\/wp-json\/wp\/v2\/product\/36483\/revisions"}],"predecessor-version":[{"id":36498,"href":"https:\/\/hookahshop.lt\/et\/wp-json\/wp\/v2\/product\/36483\/revisions\/36498"}],"wp:featuredmedia":[{"embeddable":true,"href":"https:\/\/hookahshop.lt\/et\/wp-json\/wp\/v2\/media\/36487"}],"wp:attachment":[{"href":"https:\/\/hookahshop.lt\/et\/wp-json\/wp\/v2\/media?parent=36483"}],"curies":[{"name":"wp","href":"https:\/\/api.w.org\/{rel}","templated":true}]}}