{"id":36488,"date":"2023-07-04T23:49:10","date_gmt":"2023-07-04T20:49:10","guid":{"rendered":"https:\/\/hookahshop.lt\/?post_type=product&#038;p=36488"},"modified":"2026-04-21T23:30:16","modified_gmt":"2026-04-21T20:30:16","slug":"kaljanas-ykap-mini-m3-black-su-krepsiu","status":"publish","type":"product","link":"https:\/\/hookahshop.lt\/et\/toode\/vesipiibu-ykap-mini-m3-must-korviga\/","title":{"rendered":"Vesipiip YKAP Mini M3 Must kotiga"},"content":{"rendered":"<h2>Vesipiip YKAP Mini M3 Must kotiga<\/h2>\n<p>See on v\u00e4ikese suurusega ja kvaliteetne vesipiip, mis tagab meeldiva seansi ja sobib suurep\u00e4raselt reisimiseks. Komplektis pole mitte ainult kott vesipiibu jaoks, vaid ka kott tarvikute hoidmiseks. Vesipiibu valmistamisel on kasutatud k\u00f5rgeima kvaliteediga materjale, mis tagavad vesipiibu pika kasutusea. Lihtne t\u00f5mmata vesipiip.<\/p>\n<p><strong>Spetsifikatsioon:<\/strong><br \/>\nV\u00e4rvus must<br \/>\nMaterjal: roostevaba teras ja plastik<br \/>\nSilikoonvoolik<br \/>\nO-r\u00f5nga pistik<br \/>\nSuitsu eemaldamine \u00fclalt alla (plaadi alt)<br \/>\nK\u00f5rgus: 38,5 cm<br \/>\nVesipiibu varre l\u00e4bim\u00f5\u00f5t: 1,1 cm<\/p>\n<p><strong>Varustus:<\/strong><br \/>\nV\u00f5ll, difuusor, kolb, silikoonvoolik, kott tarvikutele, kott vesipiibu jaoks<\/p>\n<p><img decoding=\"async\" loading=\"lazy\" class=\"alignnone size-medium wp-image-38520\" src=\"https:\/\/hookahshop.lt\/wp-content\/uploads\/2020\/09\/stiebas-kolba-zarna-kandiklis-1-300x273.jpg\" alt=\"- hookahshop.lt\" width=\"300\" height=\"273\" srcset=\"https:\/\/hookahshop.lt\/wp-content\/uploads\/2020\/09\/stiebas-kolba-zarna-kandiklis-1-300x273.jpg 300w, https:\/\/hookahshop.lt\/wp-content\/uploads\/2020\/09\/stiebas-kolba-zarna-kandiklis-1-13x12.jpg 13w, https:\/\/hookahshop.lt\/wp-content\/uploads\/2020\/09\/stiebas-kolba-zarna-kandiklis-1-64x58.jpg 64w, https:\/\/hookahshop.lt\/wp-content\/uploads\/2020\/09\/stiebas-kolba-zarna-kandiklis-1.jpg 420w\" sizes=\"(max-width: 300px) 100vw, 300px\" title=\"\"><\/p>\n<p>Kas teil on k\u00fcsimusi? v\u00f5ta meiega \u00fchendust\u00a0<a href=\"https:\/\/hookahshop.lt\/et\/kontaktid\/\">kontaktide leht<\/a>\u00a0v\u00f5i saatke meile e-kiri aadressil\u00a0<a href=\"https:\/\/facebook.com\/HookahShop.lt\/\" target=\"_blank\" rel=\"noopener noreferrer\">Facebooki konto<\/a>\u00a0ja vastame teie taotlusele samal p\u00e4eval.<\/p>\n<p>&nbsp;<\/p>","protected":false},"excerpt":{"rendered":"<p>Vesipiip YKAP Mini M3 must kotiga See on v\u00e4ike ja kvaliteetne vesipiip, mis garanteerib meeldiva sessiooni ja sobib ideaalselt reisimiseks. Komplekt sisaldab lisaks vesipiibukotile ka kotti aksessuaaride ja otsikute hoidmiseks. Vesipiip on valmistatud k\u00f5rgeima kvaliteediga materjalidest, mis tagavad vesipiibu pika kasutusea. Lihtsalt t\u00f5mmatav vesipiip. Spetsifikatsioon: V\u00e4rvus: must Materjal: [\u2026]<\/p>","protected":false},"featured_media":36494,"comment_status":"open","ping_status":"closed","template":"","meta":[],"_links":{"self":[{"href":"https:\/\/hookahshop.lt\/et\/wp-json\/wp\/v2\/product\/36488"}],"collection":[{"href":"https:\/\/hookahshop.lt\/et\/wp-json\/wp\/v2\/product"}],"about":[{"href":"https:\/\/hookahshop.lt\/et\/wp-json\/wp\/v2\/types\/product"}],"replies":[{"embeddable":true,"href":"https:\/\/hookahshop.lt\/et\/wp-json\/wp\/v2\/comments?post=36488"}],"version-history":[{"count":5,"href":"https:\/\/hookahshop.lt\/et\/wp-json\/wp\/v2\/product\/36488\/revisions"}],"predecessor-version":[{"id":44482,"href":"https:\/\/hookahshop.lt\/et\/wp-json\/wp\/v2\/product\/36488\/revisions\/44482"}],"wp:featuredmedia":[{"embeddable":true,"href":"https:\/\/hookahshop.lt\/et\/wp-json\/wp\/v2\/media\/36494"}],"wp:attachment":[{"href":"https:\/\/hookahshop.lt\/et\/wp-json\/wp\/v2\/media?parent=36488"}],"curies":[{"name":"wp","href":"https:\/\/api.w.org\/{rel}","templated":true}]}}