{"id":36506,"date":"2023-07-06T22:40:43","date_gmt":"2023-07-06T19:40:43","guid":{"rendered":"https:\/\/hookahshop.lt\/?post_type=product&#038;p=36506"},"modified":"2026-04-21T23:30:16","modified_gmt":"2026-04-21T20:30:16","slug":"kaljanas-alpha-hookah-x-vndl-jet-black","status":"publish","type":"product","link":"https:\/\/hookahshop.lt\/et\/toode\/vesipiip-alfa-vesipiip-x-vndl-jet-black\/","title":{"rendered":"Vesipiip ALPHA HOOKAH X VNDL Jet Black"},"content":{"rendered":"<h2>Vesipiip ALPHA HOOKAH X VNDL Jet Black<\/h2>\n<p>John Calliano Awards 2021 ja Vesipiibuklubi n\u00e4itus 2022 v\u00f5itis Aasta Vesipiibu. Kulddetailid, ainulaadne graveering ja eksklusiivne pakend \u2013 see on Model X Vandal. See on kompaktne ja h\u00f5lpsasti kasutatav. \u00dcsna kerge vesipiip, mille k\u00f5ik elemendid on valmistatud kvaliteetsetest kaasaegsetest materjalidest, mis tagavad suurep\u00e4rase maitse ja vastupidavuse ka regulaarsel kasutamisel.<\/p>\n<p><strong>Omadused:<\/strong><br \/>\nVesipiibu k\u00f5rgus: 42 cm<br \/>\nVarre l\u00e4bim\u00f5\u00f5t: 1,4 cm<br \/>\nMaterjal: roostevaba teras<br \/>\nPeamine materjal: Saksa pol\u00fcatsetaal<br \/>\nVooliku \u00fchendus: magnetiline<br \/>\nHajuti: sisset\u00f5mmatav<br \/>\nHuulik: roostevaba teras<br \/>\nHuuliku pikkus: 30 cm<br \/>\nVoolik: silikoon (pehme puudutusega)<br \/>\nVooliku pikkus: 150 cm<\/p>\n<p><strong>Varustus:<\/strong><\/p>\n<p>V\u00f5ll, plaat, voolik koos huulikuga, tihendid.<\/p>\n<p>Kas teil on k\u00fcsimusi? v\u00f5ta meiega \u00fchendust\u00a0<a href=\"https:\/\/hookahshop.lt\/et\/kontaktid\/\">kontaktide leht<\/a>\u00a0v\u00f5i saatke meile e-kiri aadressil\u00a0<a href=\"https:\/\/facebook.com\/HookahShop.lt\/\" target=\"_blank\" rel=\"noopener noreferrer\">Facebooki konto<\/a>\u00a0ja vastame teie taotlusele samal p\u00e4eval.<\/p>\n<p>&nbsp;<\/p>","protected":false},"excerpt":{"rendered":"<p>Vesipiip ALPHA HOOKAH X VNDL Jet Black Aasta Vesipiip vastavalt &quot;John Calliano Awards 2021&quot; ja &quot;Hookah Club Show 2022&quot;. Kulddetailid, ainulaadne graveering ja eksklusiivne pakend \u2013 see on Model X Vandal. See on kompaktne ja h\u00f5lpsasti kasutatav. \u00dcsna kerge vesipiip, mille k\u00f5ik elemendid on valmistatud kvaliteetsetest kaasaegsetest materjalidest, mis tagavad suurep\u00e4rase maitse ja vastupidavuse ka tavaliste [...]<\/p>","protected":false},"featured_media":36515,"comment_status":"open","ping_status":"closed","template":"","meta":[],"_links":{"self":[{"href":"https:\/\/hookahshop.lt\/et\/wp-json\/wp\/v2\/product\/36506"}],"collection":[{"href":"https:\/\/hookahshop.lt\/et\/wp-json\/wp\/v2\/product"}],"about":[{"href":"https:\/\/hookahshop.lt\/et\/wp-json\/wp\/v2\/types\/product"}],"replies":[{"embeddable":true,"href":"https:\/\/hookahshop.lt\/et\/wp-json\/wp\/v2\/comments?post=36506"}],"version-history":[{"count":2,"href":"https:\/\/hookahshop.lt\/et\/wp-json\/wp\/v2\/product\/36506\/revisions"}],"predecessor-version":[{"id":36514,"href":"https:\/\/hookahshop.lt\/et\/wp-json\/wp\/v2\/product\/36506\/revisions\/36514"}],"wp:featuredmedia":[{"embeddable":true,"href":"https:\/\/hookahshop.lt\/et\/wp-json\/wp\/v2\/media\/36515"}],"wp:attachment":[{"href":"https:\/\/hookahshop.lt\/et\/wp-json\/wp\/v2\/media?parent=36506"}],"curies":[{"name":"wp","href":"https:\/\/api.w.org\/{rel}","templated":true}]}}