{"id":36516,"date":"2023-07-06T23:24:24","date_gmt":"2023-07-06T20:24:24","guid":{"rendered":"https:\/\/hookahshop.lt\/?post_type=product&#038;p=36516"},"modified":"2026-04-06T23:29:31","modified_gmt":"2026-04-06T20:29:31","slug":"taurele-kaljanui-voskurimsya-mummy","status":"publish","type":"product","link":"https:\/\/hookahshop.lt\/et\/toode\/tass-vesipiip-voskurimsja-mummy\/","title":{"rendered":"Vesipiibu tass VOSKURIMSYA Muumia"},"content":{"rendered":"<h2>Vesipiibu tass VOSKURIMSYA Muumia<\/h2>\n<p>Valmistatud paksude seintega punasest savist. Sobib k\u00f5ikidele tubakatele ja nende valmistamisviisidele, nii fooliumiga kui ka kuumakambriga. Tootja p\u00fc\u00fcab anda igale vesipiibus\u00f5brale v\u00f5imaluse saada hea ja kvaliteetne tass! Tassi maht on 15-20 g.<\/p>\n<p><strong>Spetsifikatsioonid:<br \/>\n<\/strong>Vorm: t\u00fcrgi<br \/>\nMaterjal: savi<br \/>\nK\u00f5rgus: ~9 cm<br \/>\nL\u00e4bim\u00f5\u00f5t (v\u00e4limine): ~7 cm<sub><br \/>\n<\/sub>Aukude arv: 5 tk<strong><br \/>\n<\/strong><\/p>\n<p>Kas teil on k\u00fcsimusi? v\u00f5ta meiega \u00fchendust\u00a0<a href=\"https:\/\/hookahshop.lt\/et\/kontaktid\/\">kontaktide leht<\/a>\u00a0v\u00f5i saatke meile e-kiri aadressil\u00a0<a href=\"https:\/\/facebook.com\/HookahShop.lt\/\" target=\"_blank\" rel=\"noopener\">Facebooki konto<\/a>\u00a0ja vastame teie taotlusele samal p\u00e4eval.<\/p>\n<p>&nbsp;<\/p>","protected":false},"excerpt":{"rendered":"<p>Vesipiibutops VOSKURIMSYA Mummy Valmistatud paksude seintega punasest savist. Sobib k\u00f5ikidele tubakatele ja nende valmistamisviisidele, nii fooliumiga kui ka kuumakambriga. Tootja p\u00fc\u00fcab anda igale vesipiibus\u00f5brale v\u00f5imaluse saada hea ja kvaliteetne tass! Tassi maht on 15-20 g. Tehnilised andmed: Kuju: T\u00fcrgi Materjal: savi K\u00f5rgus: ~9 cm L\u00e4bim\u00f5\u00f5t (v\u00e4limine): ~7 cm Avad [\u2026]<\/p>","protected":false},"featured_media":36519,"comment_status":"open","ping_status":"closed","template":"","meta":[],"_links":{"self":[{"href":"https:\/\/hookahshop.lt\/et\/wp-json\/wp\/v2\/product\/36516"}],"collection":[{"href":"https:\/\/hookahshop.lt\/et\/wp-json\/wp\/v2\/product"}],"about":[{"href":"https:\/\/hookahshop.lt\/et\/wp-json\/wp\/v2\/types\/product"}],"replies":[{"embeddable":true,"href":"https:\/\/hookahshop.lt\/et\/wp-json\/wp\/v2\/comments?post=36516"}],"version-history":[{"count":3,"href":"https:\/\/hookahshop.lt\/et\/wp-json\/wp\/v2\/product\/36516\/revisions"}],"predecessor-version":[{"id":40365,"href":"https:\/\/hookahshop.lt\/et\/wp-json\/wp\/v2\/product\/36516\/revisions\/40365"}],"wp:featuredmedia":[{"embeddable":true,"href":"https:\/\/hookahshop.lt\/et\/wp-json\/wp\/v2\/media\/36519"}],"wp:attachment":[{"href":"https:\/\/hookahshop.lt\/et\/wp-json\/wp\/v2\/media?parent=36516"}],"curies":[{"name":"wp","href":"https:\/\/api.w.org\/{rel}","templated":true}]}}