{"id":36554,"date":"2023-07-11T22:16:04","date_gmt":"2023-07-11T19:16:04","guid":{"rendered":"https:\/\/hookahshop.lt\/?post_type=product&#038;p=36554"},"modified":"2026-04-06T23:29:31","modified_gmt":"2026-04-06T20:29:31","slug":"sepetelis-kaljano-sachtai-white-65cm","status":"publish","type":"product","link":"https:\/\/hookahshop.lt\/et\/toode\/sepetelis-vesipiip-lukud-valge-65cm\/","title":{"rendered":"Pintsel vesipiibu varrele Valge 65cm"},"content":{"rendered":"<h2>Pintsel vesipiibu varrele Valge 65cm<\/h2>\n<p>Hari on m\u00f5eldud vesipiibu varre puhastamiseks, soovitav kasutada koos puhastusvahenditega. J\u00f5uab kohale ja aitab eemaldada kogu mustuse.<\/p>\n<p><strong>Omadused:<\/strong><sub><br \/>\n<\/sub>Harja pikkus: 65 cm<br \/>\nHarjaste laius: 3 cm<br \/>\nV\u00e4rv: valge<\/p>\n<p>Miks on vesipiibu varre puhastamine oluline?<sub><br \/>\n<\/sub>Vesipiibu kasutamisel sadestuvad suitsus olevad kahjulikud ained \u0161ahti seintele. Nikotiin, kivis\u00f6e p\u00f5lemisproduktid, tubakaj\u00e4\u00e4kide aroom, mida kasutati eelmistel suitsetamiskordadel jne. Kahjulikud ained ei ole tervisele kasulikud. Ja k\u00f5rvalised aroomid ei lase vesipiipu t\u00e4ielikult nautida. Seet\u00f5ttu on oluline vesipiibu varre iga kord puhastada.<sub><br \/>\n<\/sub>Ideaalis puhastage vesipiibu vars \u2013 p\u00e4rast igat vesipiibu kasutamist.<\/p>\n<p>Kas teil on k\u00fcsimusi? v\u00f5ta meiega \u00fchendust\u00a0<a href=\"https:\/\/hookahshop.lt\/et\/kontaktid\/\">kontaktide leht<\/a>\u00a0v\u00f5i saatke meile e-kiri aadressil\u00a0<a href=\"https:\/\/facebook.com\/HookahShop.lt\/\" target=\"_blank\" rel=\"noopener\">Facebooki konto<\/a>\u00a0ja vastame teie taotlusele samal p\u00e4eval.<\/p>\n<p>&nbsp;<\/p>\n<p>&nbsp;<\/p>","protected":false},"excerpt":{"rendered":"<p>Vesipiibu varrehari Valge 65cm Pintsel on m\u00f5eldud vesipiibuvarre puhastamiseks, soovitav kasutada koos puhastusvahenditega. J\u00f5uab k\u00e4tte ja aitab puhastada k\u00f5ik mustused. Omadused: Harja pikkus: 65cm Harjaste laius: 3cm V\u00e4rvus: valge Miks on vesipiibu varre puhastamine oluline? Vesipiibu kasutamisel sadestuvad suitsus olevad kahjulikud ained \u0161ahti seintele. Nikotiini, s\u00f6e p\u00f5lemisproduktide, tubakaj\u00e4\u00e4gi aroom, mis oli [\u2026]<\/p>","protected":false},"featured_media":36555,"comment_status":"open","ping_status":"closed","template":"","meta":[],"_links":{"self":[{"href":"https:\/\/hookahshop.lt\/et\/wp-json\/wp\/v2\/product\/36554"}],"collection":[{"href":"https:\/\/hookahshop.lt\/et\/wp-json\/wp\/v2\/product"}],"about":[{"href":"https:\/\/hookahshop.lt\/et\/wp-json\/wp\/v2\/types\/product"}],"replies":[{"embeddable":true,"href":"https:\/\/hookahshop.lt\/et\/wp-json\/wp\/v2\/comments?post=36554"}],"version-history":[{"count":4,"href":"https:\/\/hookahshop.lt\/et\/wp-json\/wp\/v2\/product\/36554\/revisions"}],"predecessor-version":[{"id":43040,"href":"https:\/\/hookahshop.lt\/et\/wp-json\/wp\/v2\/product\/36554\/revisions\/43040"}],"wp:featuredmedia":[{"embeddable":true,"href":"https:\/\/hookahshop.lt\/et\/wp-json\/wp\/v2\/media\/36555"}],"wp:attachment":[{"href":"https:\/\/hookahshop.lt\/et\/wp-json\/wp\/v2\/media?parent=36554"}],"curies":[{"name":"wp","href":"https:\/\/api.w.org\/{rel}","templated":true}]}}