{"id":36561,"date":"2023-07-11T22:34:37","date_gmt":"2023-07-11T19:34:37","guid":{"rendered":"https:\/\/hookahshop.lt\/?post_type=product&#038;p=36561"},"modified":"2026-05-14T23:29:52","modified_gmt":"2026-05-14T20:29:52","slug":"taurele-kaljanui-kong-subzero","status":"publish","type":"product","link":"https:\/\/hookahshop.lt\/et\/toode\/tass-for-vesipiibu-kong-subzero\/","title":{"rendered":"Vesipiibu kauss KONG Subzero"},"content":{"rendered":"<h2>Vesipiibu kauss KONG Subzero<\/h2>\n<p>Eksklusiivselt kujundatud Mortal Kombati tegelase SUBZERO kujutisega. Tass taastoodab suurep\u00e4raselt maitseomadusi ja v\u00f5imaldab nautida vesipiibu naudinguid. Tass jaotab soojust ideaalselt, nii et tubakas p\u00f5leb \u00fchtlaselt. Tass sobib nii heledale kui tumedale tubakale. KONG vesipiibutopsid on valmistatud professionaalsetes \u00fcle 1200 kraadise temperatuuriga ahjudes, mis ei ima endasse kasutatud tubaka l\u00f5hna. Kasutamise ajal ei leki tassist &quot;Kong&quot; siirupit ja see s\u00e4ilitab oma esialgse v\u00e4limuse pikka aega. Karika tugevus on v\u00f5rdne kivi tugevusega.<\/p>\n<p>Tassi mahub umbes 16-20 g tubakasegu.<\/p>\n<p><strong>Spetsifikatsioonid:<\/strong><br \/>\nK\u00f5rgus: 125 mm<br \/>\nL\u00e4bim\u00f5\u00f5t (v\u00e4limine): 76 mm<br \/>\nL\u00e4bim\u00f5\u00f5t (sisemine): 64 mm<br \/>\nS\u00fcgavus: 15 mm<br \/>\nAukude arv: 9 tk.<br \/>\nKaal: umbes 565 g.<\/p>\n<p>Kas teil on k\u00fcsimusi? v\u00f5ta meiega \u00fchendust\u00a0<a href=\"https:\/\/hookahshop.lt\/et\/kontaktid\/\">kontaktide leht<\/a>\u00a0v\u00f5i saatke meile e-kiri aadressil\u00a0<a href=\"https:\/\/facebook.com\/HookahShop.lt\/\" target=\"_blank\" rel=\"noopener\">Facebooki konto<\/a>\u00a0ja vastame teie taotlusele samal p\u00e4eval.<\/p>","protected":false},"excerpt":{"rendered":"<p>Vesipiibu tass KONG Subzero Eksklusiivne disain Mortal Kombati tegelase SUBZERO kujutisega. Tass taastoodab suurep\u00e4raselt maitseomadusi ja v\u00f5imaldab nautida vesipiibu m\u00f5nusid. Tass jaotab soojust ideaalselt, nii et tubakas p\u00f5leb \u00fchtlaselt. Tass sobib nii heledale kui tumedale tubakale. Vesipiibutopsid &quot;KONG&quot; on valmistatud professionaalsetes \u00fcle 1200 kraadise temperatuuriga ahjudes, mis ei ima endasse kasutatud tubaka l\u00f5hna. [\u2026]<\/p>","protected":false},"featured_media":36657,"comment_status":"open","ping_status":"closed","template":"","meta":[],"_links":{"self":[{"href":"https:\/\/hookahshop.lt\/et\/wp-json\/wp\/v2\/product\/36561"}],"collection":[{"href":"https:\/\/hookahshop.lt\/et\/wp-json\/wp\/v2\/product"}],"about":[{"href":"https:\/\/hookahshop.lt\/et\/wp-json\/wp\/v2\/types\/product"}],"replies":[{"embeddable":true,"href":"https:\/\/hookahshop.lt\/et\/wp-json\/wp\/v2\/comments?post=36561"}],"version-history":[{"count":4,"href":"https:\/\/hookahshop.lt\/et\/wp-json\/wp\/v2\/product\/36561\/revisions"}],"predecessor-version":[{"id":36674,"href":"https:\/\/hookahshop.lt\/et\/wp-json\/wp\/v2\/product\/36561\/revisions\/36674"}],"wp:featuredmedia":[{"embeddable":true,"href":"https:\/\/hookahshop.lt\/et\/wp-json\/wp\/v2\/media\/36657"}],"wp:attachment":[{"href":"https:\/\/hookahshop.lt\/et\/wp-json\/wp\/v2\/media?parent=36561"}],"curies":[{"name":"wp","href":"https:\/\/api.w.org\/{rel}","templated":true}]}}