{"id":36575,"date":"2023-07-11T23:48:02","date_gmt":"2023-07-11T20:48:02","guid":{"rendered":"https:\/\/hookahshop.lt\/?post_type=product&#038;p=36575"},"modified":"2026-04-06T23:29:32","modified_gmt":"2026-04-06T20:29:32","slug":"apsauginis-sietelis-kaljanui-small-silver","status":"publish","type":"product","link":"https:\/\/hookahshop.lt\/et\/toode\/kaitsev-soel-piibu-vaike-hobedane\/","title":{"rendered":"Kaitsev s\u00f5el vesipiibu jaoks V\u00e4ike h\u00f5bedane"},"content":{"rendered":"<h2>Kaitsev s\u00f5el vesipiibu jaoks V\u00e4ike h\u00f5bedane<\/h2>\n<p>Selle k\u00f5rgus muudab selle mugavaks enamiku turul pakutavate vesipiipude jaoks. See ei lase kivis\u00f6el kodus vesipiipu kasutades kogemata teie v\u00e4\u00e4rtuslikku vara p\u00f5letada.<\/p>\n<p><strong>Spetsifikatsioon:<\/strong><br \/>\nK\u00f5rgus: 21 cm<br \/>\nL\u00e4bim\u00f5\u00f5t: 12 cm<\/p>\n<p>Kas teil on k\u00fcsimusi? v\u00f5ta meiega \u00fchendust\u00a0<a href=\"https:\/\/hookahshop.lt\/et\/kontaktid\/\">kontaktide leht<\/a>\u00a0v\u00f5i saatke meile e-kiri aadressil\u00a0<a href=\"https:\/\/facebook.com\/HookahShop.lt\/\" target=\"_blank\" rel=\"noopener\">Facebooki konto<\/a>\u00a0ja vastame teie taotlusele samal p\u00e4eval.<\/p>\n<p>&nbsp;<\/p>","protected":false},"excerpt":{"rendered":"<p>Kaitsev s\u00f5el vesipiibu jaoks V\u00e4ike h\u00f5bedane T\u00e4nu oma k\u00f5rgusele sobib see mugavalt enamiku turul pakutavate vesipiipudega. See ei lase kivis\u00f6el kodus vesipiipu kasutades kogemata teie v\u00e4\u00e4rtuslikku vara p\u00f5letada. Spetsifikatsioon: K\u00f5rgus: 21cm L\u00e4bim\u00f5\u00f5t: 12cm Kas on k\u00fcsimusi? V\u00f5tke meiega \u00fchendust kontaktide lehel v\u00f5i kirjutage meile meie Facebooki kontol ja vastame teie p\u00e4ringule samal p\u00e4eval. &nbsp;<\/p>","protected":false},"featured_media":36576,"comment_status":"open","ping_status":"closed","template":"","meta":[],"_links":{"self":[{"href":"https:\/\/hookahshop.lt\/et\/wp-json\/wp\/v2\/product\/36575"}],"collection":[{"href":"https:\/\/hookahshop.lt\/et\/wp-json\/wp\/v2\/product"}],"about":[{"href":"https:\/\/hookahshop.lt\/et\/wp-json\/wp\/v2\/types\/product"}],"replies":[{"embeddable":true,"href":"https:\/\/hookahshop.lt\/et\/wp-json\/wp\/v2\/comments?post=36575"}],"version-history":[{"count":4,"href":"https:\/\/hookahshop.lt\/et\/wp-json\/wp\/v2\/product\/36575\/revisions"}],"predecessor-version":[{"id":43921,"href":"https:\/\/hookahshop.lt\/et\/wp-json\/wp\/v2\/product\/36575\/revisions\/43921"}],"wp:featuredmedia":[{"embeddable":true,"href":"https:\/\/hookahshop.lt\/et\/wp-json\/wp\/v2\/media\/36576"}],"wp:attachment":[{"href":"https:\/\/hookahshop.lt\/et\/wp-json\/wp\/v2\/media?parent=36575"}],"curies":[{"name":"wp","href":"https:\/\/api.w.org\/{rel}","templated":true}]}}