{"id":36579,"date":"2023-07-11T23:50:12","date_gmt":"2023-07-11T20:50:12","guid":{"rendered":"https:\/\/hookahshop.lt\/?post_type=product&#038;p=36579"},"modified":"2026-04-23T23:29:58","modified_gmt":"2026-04-23T20:29:58","slug":"apsauginis-sietelis-kaljanui-big-silver","status":"publish","type":"product","link":"https:\/\/hookahshop.lt\/et\/toode\/kaitsev-soel-piibu-suure-hobedaseks\/","title":{"rendered":"Kaitsev s\u00f5el vesipiibu jaoks Big Silver"},"content":{"rendered":"<h2>Kaitsev s\u00f5el vesipiibu jaoks Big Silver<\/h2>\n<p>Selle k\u00f5rgus muudab selle mugavaks enamiku turul pakutavate vesipiipude jaoks. See ei lase s\u00f6el kodus suitsetades kogemata teie v\u00e4\u00e4risesemeid p\u00f5letada.<\/p>\n<p><strong>Spetsifikatsioon:<\/strong><br \/>\nK\u00f5rgus: 20 cm<br \/>\nL\u00e4bim\u00f5\u00f5t: 11 cm<\/p>\n<p>Kas teil on k\u00fcsimusi? v\u00f5ta meiega \u00fchendust\u00a0<a href=\"https:\/\/hookahshop.lt\/et\/kontaktid\/\">kontaktide leht<\/a>\u00a0v\u00f5i saatke meile e-kiri aadressil\u00a0<a href=\"https:\/\/facebook.com\/HookahShop.lt\/\" target=\"_blank\" rel=\"noopener\">Facebooki konto<\/a>\u00a0ja vastame teie taotlusele samal p\u00e4eval.<\/p>\n<p>&nbsp;<\/p>","protected":false},"excerpt":{"rendered":"<p>Kaitsev s\u00f5el vesipiibu jaoks Big Silver T\u00e4nu oma k\u00f5rgusele sobib see mugavalt enamiku turul pakutavate vesipiipudega. See ei lase s\u00f6el kodus suitsetades kogemata teie v\u00e4\u00e4risesemeid p\u00f5letada. Spetsifikatsioon: K\u00f5rgus: 20cm L\u00e4bim\u00f5\u00f5t: 11cm Kas on k\u00fcsimusi? V\u00f5tke meiega \u00fchendust kontaktide lehel v\u00f5i kirjutage meile meie Facebooki kontol ja vastame teie p\u00e4ringule samal p\u00e4eval. &nbsp;<\/p>","protected":false},"featured_media":36582,"comment_status":"open","ping_status":"closed","template":"","meta":[],"_links":{"self":[{"href":"https:\/\/hookahshop.lt\/et\/wp-json\/wp\/v2\/product\/36579"}],"collection":[{"href":"https:\/\/hookahshop.lt\/et\/wp-json\/wp\/v2\/product"}],"about":[{"href":"https:\/\/hookahshop.lt\/et\/wp-json\/wp\/v2\/types\/product"}],"replies":[{"embeddable":true,"href":"https:\/\/hookahshop.lt\/et\/wp-json\/wp\/v2\/comments?post=36579"}],"version-history":[{"count":4,"href":"https:\/\/hookahshop.lt\/et\/wp-json\/wp\/v2\/product\/36579\/revisions"}],"predecessor-version":[{"id":37671,"href":"https:\/\/hookahshop.lt\/et\/wp-json\/wp\/v2\/product\/36579\/revisions\/37671"}],"wp:featuredmedia":[{"embeddable":true,"href":"https:\/\/hookahshop.lt\/et\/wp-json\/wp\/v2\/media\/36582"}],"wp:attachment":[{"href":"https:\/\/hookahshop.lt\/et\/wp-json\/wp\/v2\/media?parent=36579"}],"curies":[{"name":"wp","href":"https:\/\/api.w.org\/{rel}","templated":true}]}}