{"id":36587,"date":"2023-07-12T00:04:17","date_gmt":"2023-07-11T21:04:17","guid":{"rendered":"https:\/\/hookahshop.lt\/?post_type=product&#038;p=36587"},"modified":"2026-04-26T23:30:06","modified_gmt":"2026-04-26T20:30:06","slug":"vienkartiniai-kandikliai-kaljanui-black-6cm-100vnt","status":"publish","type":"product","link":"https:\/\/hookahshop.lt\/et\/toode\/uhekordsed-huulikud-piibu-must-6cm-100tk\/","title":{"rendered":"\u00dchekordsed vesipiibu huulikud Must 6cm 100 tk"},"content":{"rendered":"<h2>\u00dchekordsed vesipiibu huulikud Must 6cm 100 tk<\/h2>\n<p>M\u00f5eldud t\u00e4iendavaks kinnitamiseks vesipiibu huuliku k\u00fclge h\u00fcgieeniliseks kasutamiseks.<\/p>\n<p><strong>Omadused:<\/strong><sub><br \/>\n<\/sub>V\u00e4rvus must<sub><br \/>\n<\/sub>Huuliku pikkus: 6 cm<sub><br \/>\n<\/sub>Kogus pakendis: 100tk<\/p>\n<p>Kas teil on k\u00fcsimusi? v\u00f5ta meiega \u00fchendust\u00a0<a href=\"https:\/\/hookahshop.lt\/et\/kontaktid\/\">kontaktide leht<\/a>\u00a0v\u00f5i saatke meile e-kiri aadressil\u00a0<a href=\"https:\/\/facebook.com\/HookahShop.lt\/\" target=\"_blank\" rel=\"noopener\">Facebooki konto<\/a>\u00a0ja vastame teie taotlusele samal p\u00e4eval.<\/p>","protected":false},"excerpt":{"rendered":"<p>\u00dchekordsed huulikud vesipiibu jaoks Must 6cm 100tk T\u00e4iendavaks kasutamiseks vesipiibu huulikul h\u00fcgieeniliseks kasutamiseks. Omadused: V\u00e4rv: Must Suuliku pikkus: 6cm Pakendi kogus: 100 tk Kas teil on k\u00fcsimusi? V\u00f5tke meiega \u00fchendust kontaktide lehel v\u00f5i kirjutage meile Facebookis ja vastame teie p\u00e4ringule samal p\u00e4eval.<\/p>","protected":false},"featured_media":36588,"comment_status":"open","ping_status":"closed","template":"","meta":[],"_links":{"self":[{"href":"https:\/\/hookahshop.lt\/et\/wp-json\/wp\/v2\/product\/36587"}],"collection":[{"href":"https:\/\/hookahshop.lt\/et\/wp-json\/wp\/v2\/product"}],"about":[{"href":"https:\/\/hookahshop.lt\/et\/wp-json\/wp\/v2\/types\/product"}],"replies":[{"embeddable":true,"href":"https:\/\/hookahshop.lt\/et\/wp-json\/wp\/v2\/comments?post=36587"}],"version-history":[{"count":4,"href":"https:\/\/hookahshop.lt\/et\/wp-json\/wp\/v2\/product\/36587\/revisions"}],"predecessor-version":[{"id":42963,"href":"https:\/\/hookahshop.lt\/et\/wp-json\/wp\/v2\/product\/36587\/revisions\/42963"}],"wp:featuredmedia":[{"embeddable":true,"href":"https:\/\/hookahshop.lt\/et\/wp-json\/wp\/v2\/media\/36588"}],"wp:attachment":[{"href":"https:\/\/hookahshop.lt\/et\/wp-json\/wp\/v2\/media?parent=36587"}],"curies":[{"name":"wp","href":"https:\/\/api.w.org\/{rel}","templated":true}]}}