{"id":36595,"date":"2023-07-12T00:16:04","date_gmt":"2023-07-11T21:16:04","guid":{"rendered":"https:\/\/hookahshop.lt\/?post_type=product&#038;p=36595"},"modified":"2026-04-09T12:29:17","modified_gmt":"2026-04-09T09:29:17","slug":"kandiklis-kaljanui-silver-40cm","status":"publish","type":"product","link":"https:\/\/hookahshop.lt\/et\/toode\/huulik-piibu-jaoks-hobe-40cm\/","title":{"rendered":"Vesipiibu huulik H\u00f5bedane 40cm"},"content":{"rendered":"<h2>Vesipiibu huulik H\u00f5bedane 40cm<\/h2>\n<p>\u00dches t\u00fckis integreeritud huulik, mis sobib peaaegu k\u00f5ikidele silikoonvoolikutele. Sobib erinevat t\u00fc\u00fcpi \u00fchekordseks kasutamiseks m\u00f5eldud huulikutele.<\/p>\n<p><strong>Spetsifikatsioon:<\/strong><sub><br \/>\n<\/sub>Pikkus: 40 cm<sub><br \/>\n<\/sub>V\u00e4rvus: h\u00f5bedane<br \/>\nMaterjal: alumiinium<\/p>\n<p>Kas teil on k\u00fcsimusi? v\u00f5ta meiega \u00fchendust\u00a0<a href=\"https:\/\/hookahshop.lt\/et\/kontaktid\/\">kontaktide leht<\/a>\u00a0v\u00f5i saatke meile e-kiri aadressil\u00a0<a href=\"https:\/\/facebook.com\/HookahShop.lt\/\" target=\"_blank\" rel=\"noopener\">Facebooki konto<\/a>\u00a0ja vastame teie taotlusele samal p\u00e4eval.<\/p>\n<p>&nbsp;<\/p>","protected":false},"excerpt":{"rendered":"<p>Vesipiibu huulik H\u00f5bedane 40cm \u00dches t\u00fckis lahutamatu huulik, mis sobib peaaegu k\u00f5ikidele silikoonvoolikutele. Sobib erinevat t\u00fc\u00fcpi \u00fchekordseks kasutamiseks m\u00f5eldud huulikutele. Spetsifikatsioon: Pikkus: 40 cm V\u00e4rv: H\u00f5bedane Materjal: Alumiinium Kas teil on k\u00fcsimusi? V\u00f5tke meiega \u00fchendust kontaktide lehel v\u00f5i kirjutage meile meie Facebooki kontol ja vastame teie p\u00e4ringule samal p\u00e4eval. &nbsp;<\/p>","protected":false},"featured_media":36592,"comment_status":"open","ping_status":"closed","template":"","meta":[],"_links":{"self":[{"href":"https:\/\/hookahshop.lt\/et\/wp-json\/wp\/v2\/product\/36595"}],"collection":[{"href":"https:\/\/hookahshop.lt\/et\/wp-json\/wp\/v2\/product"}],"about":[{"href":"https:\/\/hookahshop.lt\/et\/wp-json\/wp\/v2\/types\/product"}],"replies":[{"embeddable":true,"href":"https:\/\/hookahshop.lt\/et\/wp-json\/wp\/v2\/comments?post=36595"}],"version-history":[{"count":3,"href":"https:\/\/hookahshop.lt\/et\/wp-json\/wp\/v2\/product\/36595\/revisions"}],"predecessor-version":[{"id":36646,"href":"https:\/\/hookahshop.lt\/et\/wp-json\/wp\/v2\/product\/36595\/revisions\/36646"}],"wp:featuredmedia":[{"embeddable":true,"href":"https:\/\/hookahshop.lt\/et\/wp-json\/wp\/v2\/media\/36592"}],"wp:attachment":[{"href":"https:\/\/hookahshop.lt\/et\/wp-json\/wp\/v2\/media?parent=36595"}],"curies":[{"name":"wp","href":"https:\/\/api.w.org\/{rel}","templated":true}]}}