{"id":36603,"date":"2023-07-12T00:31:10","date_gmt":"2023-07-11T21:31:10","guid":{"rendered":"https:\/\/hookahshop.lt\/?post_type=product&#038;p=36603"},"modified":"2026-04-17T23:29:54","modified_gmt":"2026-04-17T20:29:54","slug":"taurele-kaljanui-oblako-stone-classic-blue","status":"publish","type":"product","link":"https:\/\/hookahshop.lt\/et\/toode\/tass-vesipiip-pilvekivi-klassika-sinine\/","title":{"rendered":"Vesipiibu kauss OBLAKO Stone Classic Blue"},"content":{"rendered":"<h2>Vesipiibu kauss OBLAKO Stone Classic Blue<\/h2>\n<p>Uus mudel tootjalt Oblak. Siseosa eriline kuju v\u00e4hendab suurenenud soojus\u00fclekandepinna t\u00f5ttu tubakasegude \u00fclekuumenemist. Tassi sisemuses on suurem auk, et v\u00e4hendada veoj\u00f5u halvenemise v\u00f5imalust. Tassi soojusjuhtivust peetakse keskmiseks, mis t\u00e4hendab, et \u00fclekuumenemise oht pole suur. Tass on m\u00f5eldud igap\u00e4evaseks suitsetamiseks, ideaalne kerge ja raske tubaka jaoks!<br \/>\nTassit\u00e4is tubakat mahutab 20-25 g.<\/p>\n<p><strong>Spetsifikatsioonid:<\/strong><sub><br \/>\n<\/sub>K\u00f5rgus: 8mm<sub><br \/>\n<\/sub>L\u00e4bim\u00f5\u00f5t (v\u00e4limine): 7,5 mm<sub><br \/>\n<\/sub>Aukude arv: 7<br \/>\nV\u00e4rv: sinine (varjundid v\u00f5ivad erineda)<\/p>\n<p>Kas teil on k\u00fcsimusi? v\u00f5ta meiega \u00fchendust\u00a0<a href=\"https:\/\/hookahshop.lt\/et\/kontaktid\/\">kontaktide leht<\/a>\u00a0v\u00f5i saatke meile e-kiri aadressil\u00a0<a href=\"https:\/\/facebook.com\/HookahShop.lt\/\" target=\"_blank\" rel=\"noopener\">Facebooki konto<\/a>\u00a0ja vastame teie taotlusele samal p\u00e4eval.<\/p>\n<p>&nbsp;<\/p>","protected":false},"excerpt":{"rendered":"<p>Vesipiibu kauss OBLAKO Stone Classic Blue Tootja Oblak uus mudel. Siseosa eriline kuju v\u00e4hendab suurenenud soojus\u00fclekandepinna t\u00f5ttu tubakasegude \u00fclekuumenemist. Tassi sisemuses on suurem auk, et v\u00e4hendada veoj\u00f5u halvenemise v\u00f5imalust. Tassi soojusjuhtivust peetakse keskmiseks, mis t\u00e4hendab, et \u00fclekuumenemise oht pole suur. Tass on m\u00f5eldud igap\u00e4evaseks suitsetamiseks, sobib suurep\u00e4raselt kergeks ja [\u2026]<\/p>","protected":false},"featured_media":36604,"comment_status":"open","ping_status":"closed","template":"","meta":[],"_links":{"self":[{"href":"https:\/\/hookahshop.lt\/et\/wp-json\/wp\/v2\/product\/36603"}],"collection":[{"href":"https:\/\/hookahshop.lt\/et\/wp-json\/wp\/v2\/product"}],"about":[{"href":"https:\/\/hookahshop.lt\/et\/wp-json\/wp\/v2\/types\/product"}],"replies":[{"embeddable":true,"href":"https:\/\/hookahshop.lt\/et\/wp-json\/wp\/v2\/comments?post=36603"}],"version-history":[{"count":3,"href":"https:\/\/hookahshop.lt\/et\/wp-json\/wp\/v2\/product\/36603\/revisions"}],"predecessor-version":[{"id":36644,"href":"https:\/\/hookahshop.lt\/et\/wp-json\/wp\/v2\/product\/36603\/revisions\/36644"}],"wp:featuredmedia":[{"embeddable":true,"href":"https:\/\/hookahshop.lt\/et\/wp-json\/wp\/v2\/media\/36604"}],"wp:attachment":[{"href":"https:\/\/hookahshop.lt\/et\/wp-json\/wp\/v2\/media?parent=36603"}],"curies":[{"name":"wp","href":"https:\/\/api.w.org\/{rel}","templated":true}]}}