{"id":36613,"date":"2023-07-12T01:13:49","date_gmt":"2023-07-11T22:13:49","guid":{"rendered":"https:\/\/hookahshop.lt\/?post_type=product&#038;p=36613"},"modified":"2026-04-14T23:29:37","modified_gmt":"2026-04-14T20:29:37","slug":"kaljanas-ykap-killer-classic-black","status":"publish","type":"product","link":"https:\/\/hookahshop.lt\/et\/toode\/vesipiip-ykap-killer-classic-black\/","title":{"rendered":"Vesipiip YKAP Killer klassikaline must"},"content":{"rendered":"<h2>Vesipiip YKAP Killer klassikaline must<\/h2>\n<p>Uus vesipiip &quot;YKAP Classic Black&quot; tuntud tootjalt - YKAP. See on keskmise suurusega ja kvaliteetne vesipiip, mis garanteerib meeldiva sessiooni. Vesipiip on valmistatud k\u00f5rgeima kvaliteediga materjalidest, mis tagavad vesipiibu pika eluea. Kerge vesipiip.<\/p>\n<p><strong>Varustus:<\/strong><sub><br \/>\n<\/sub>Vesipiip (v\u00f5ll),<br \/>\nHuulik<sub><br \/>\n<\/sub>Silikoonvoolik (O-r\u00f5ngas)<br \/>\nHajuti: jah<\/p>\n<p><img decoding=\"async\" loading=\"lazy\" class=\"alignnone size-medium wp-image-38521\" src=\"https:\/\/hookahshop.lt\/wp-content\/uploads\/2020\/09\/stiebas-zarna-kandiklis-1-300x273.jpg\" alt=\"- hookahshop.lt\" width=\"300\" height=\"273\" srcset=\"https:\/\/hookahshop.lt\/wp-content\/uploads\/2020\/09\/stiebas-zarna-kandiklis-1-300x273.jpg 300w, https:\/\/hookahshop.lt\/wp-content\/uploads\/2020\/09\/stiebas-zarna-kandiklis-1-13x12.jpg 13w, https:\/\/hookahshop.lt\/wp-content\/uploads\/2020\/09\/stiebas-zarna-kandiklis-1-64x58.jpg 64w, https:\/\/hookahshop.lt\/wp-content\/uploads\/2020\/09\/stiebas-zarna-kandiklis-1.jpg 420w\" sizes=\"(max-width: 300px) 100vw, 300px\" title=\"\"><\/p>\n<p><strong>Spetsifikatsioon:<\/strong><sub><br \/>\n<\/sub>K\u00f5rgus: 54 cm<sub><br \/>\n<\/sub>Materjal: roostevaba teras, puitdetailid<\/p>\n<p>Kas teil on k\u00fcsimusi? v\u00f5ta meiega \u00fchendust\u00a0<a href=\"https:\/\/hookahshop.lt\/et\/kontaktid\/\">kontaktide leht<\/a>\u00a0v\u00f5i saatke meile e-kiri aadressil\u00a0<a href=\"https:\/\/facebook.com\/HookahShop.lt\/\" target=\"_blank\" rel=\"noopener\">Facebooki konto<\/a>\u00a0ja vastame teie taotlusele samal p\u00e4eval.<\/p>","protected":false},"excerpt":{"rendered":"<p>Kaljanas YKAP Killer Classic Black \u017dinomo gamintojo \u2013 YKAP naujasis kaljanas \u201eYKAP Classic Black\u201c. Tai vidutinio dyd\u017eio ir auk\u0161tos kokyb\u0117s kaljanas, kuris garantuos malon\u0173 seans\u0105. Kaljanas pagamintas naudojant auk\u0161\u010diausios kokyb\u0117s med\u017eiagas, tai u\u017etikrins kaljano ilg\u0105 tarnavimo laik\u0105. Lengvos traukos kaljanas. Komplektacija: Kaljanas (\u0161achta), Kandiklis Silikonin\u0117 \u017earna (O-ring) Difuzorius: yra Specifikacija: Auk\u0161tis: 54cm Med\u017eiaga: ner\u016bdijantis plienas, [&hellip;]<\/p>","protected":false},"featured_media":36614,"comment_status":"open","ping_status":"closed","template":"","meta":[],"_links":{"self":[{"href":"https:\/\/hookahshop.lt\/et\/wp-json\/wp\/v2\/product\/36613"}],"collection":[{"href":"https:\/\/hookahshop.lt\/et\/wp-json\/wp\/v2\/product"}],"about":[{"href":"https:\/\/hookahshop.lt\/et\/wp-json\/wp\/v2\/types\/product"}],"replies":[{"embeddable":true,"href":"https:\/\/hookahshop.lt\/et\/wp-json\/wp\/v2\/comments?post=36613"}],"version-history":[{"count":7,"href":"https:\/\/hookahshop.lt\/et\/wp-json\/wp\/v2\/product\/36613\/revisions"}],"predecessor-version":[{"id":44254,"href":"https:\/\/hookahshop.lt\/et\/wp-json\/wp\/v2\/product\/36613\/revisions\/44254"}],"wp:featuredmedia":[{"embeddable":true,"href":"https:\/\/hookahshop.lt\/et\/wp-json\/wp\/v2\/media\/36614"}],"wp:attachment":[{"href":"https:\/\/hookahshop.lt\/et\/wp-json\/wp\/v2\/media?parent=36613"}],"curies":[{"name":"wp","href":"https:\/\/api.w.org\/{rel}","templated":true}]}}