{"id":36622,"date":"2023-07-12T01:21:06","date_gmt":"2023-07-11T22:21:06","guid":{"rendered":"https:\/\/hookahshop.lt\/?post_type=product&#038;p=36622"},"modified":"2026-04-21T23:30:17","modified_gmt":"2026-04-21T20:30:17","slug":"kaljanas-ykap-killer-classic-white","status":"publish","type":"product","link":"https:\/\/hookahshop.lt\/et\/toode\/vesipiip-ykap-killer-classic-white\/","title":{"rendered":"Vesipiip YKAP Killer Classic valge"},"content":{"rendered":"<h2>Vesipiip YKAP Killer Classic valge<\/h2>\n<p>Uus vesipiip &quot;YKAP Classic White&quot; tuntud tootjalt - YKAP. See on keskmise suurusega ja kvaliteetne vesipiip, mis tagab meeldiva seansi. Vesipiibu valmistamisel on kasutatud k\u00f5rgeima kvaliteediga materjale, mis tagavad vesipiibu pika kasutusea. Klassikaline vesipiip.<\/p>\n<p><strong>Varustus:<\/strong><sub><br \/>\n<\/sub>Vesipiip (v\u00f5ll),<br \/>\nHuulik<sub><br \/>\n<\/sub>Silikoonvoolik (O-r\u00f5ngas)<\/p>\n<p><img decoding=\"async\" loading=\"lazy\" class=\"alignnone size-medium wp-image-38521\" src=\"https:\/\/hookahshop.lt\/wp-content\/uploads\/2020\/09\/stiebas-zarna-kandiklis-1-300x273.jpg\" alt=\"- hookahshop.lt\" width=\"300\" height=\"273\" srcset=\"https:\/\/hookahshop.lt\/wp-content\/uploads\/2020\/09\/stiebas-zarna-kandiklis-1-300x273.jpg 300w, https:\/\/hookahshop.lt\/wp-content\/uploads\/2020\/09\/stiebas-zarna-kandiklis-1-13x12.jpg 13w, https:\/\/hookahshop.lt\/wp-content\/uploads\/2020\/09\/stiebas-zarna-kandiklis-1-64x58.jpg 64w, https:\/\/hookahshop.lt\/wp-content\/uploads\/2020\/09\/stiebas-zarna-kandiklis-1.jpg 420w\" sizes=\"(max-width: 300px) 100vw, 300px\" title=\"\"><\/p>\n<p><strong>Spetsifikatsioon:<\/strong><sub><br \/>\n<\/sub>K\u00f5rgus: 54 cm<sub><br \/>\n<\/sub>Materjal: roostevaba teras, puitdetailid<\/p>\n<p>Kas teil on k\u00fcsimusi? v\u00f5ta meiega \u00fchendust\u00a0<a href=\"https:\/\/hookahshop.lt\/et\/kontaktid\/\">kontaktide leht<\/a>\u00a0v\u00f5i saatke meile e-kiri aadressil\u00a0<a href=\"https:\/\/facebook.com\/HookahShop.lt\/\" target=\"_blank\" rel=\"noopener\">Facebooki konto<\/a>\u00a0ja vastame teie taotlusele samal p\u00e4eval.<\/p>\n<p>&nbsp;<\/p>","protected":false},"excerpt":{"rendered":"<p>Vesipiip YKAP Killer Classic White Tuntud tootja - YKAP uus vesipiip &quot;YKAP Classic White&quot;. See on keskmise suurusega ja kvaliteetne vesipiip, mis tagab meeldiva seansi. Vesipiibu valmistamisel on kasutatud k\u00f5rgeima kvaliteediga materjale, mis tagavad vesipiibu pika kasutusea. Klassikaline vesipiip. T\u00e4ielik komplekt: Vesipiip (vars), huulik Silikoonvoolik (O-r\u00f5ngas) Spetsifikatsioon: K\u00f5rgus: 54cm Materjal: roostevaba teras, puitosa [\u2026]<\/p>","protected":false},"featured_media":36623,"comment_status":"open","ping_status":"closed","template":"","meta":[],"_links":{"self":[{"href":"https:\/\/hookahshop.lt\/et\/wp-json\/wp\/v2\/product\/36622"}],"collection":[{"href":"https:\/\/hookahshop.lt\/et\/wp-json\/wp\/v2\/product"}],"about":[{"href":"https:\/\/hookahshop.lt\/et\/wp-json\/wp\/v2\/types\/product"}],"replies":[{"embeddable":true,"href":"https:\/\/hookahshop.lt\/et\/wp-json\/wp\/v2\/comments?post=36622"}],"version-history":[{"count":5,"href":"https:\/\/hookahshop.lt\/et\/wp-json\/wp\/v2\/product\/36622\/revisions"}],"predecessor-version":[{"id":44613,"href":"https:\/\/hookahshop.lt\/et\/wp-json\/wp\/v2\/product\/36622\/revisions\/44613"}],"wp:featuredmedia":[{"embeddable":true,"href":"https:\/\/hookahshop.lt\/et\/wp-json\/wp\/v2\/media\/36623"}],"wp:attachment":[{"href":"https:\/\/hookahshop.lt\/et\/wp-json\/wp\/v2\/media?parent=36622"}],"curies":[{"name":"wp","href":"https:\/\/api.w.org\/{rel}","templated":true}]}}