{"id":36667,"date":"2023-07-12T15:39:23","date_gmt":"2023-07-12T12:39:23","guid":{"rendered":"https:\/\/hookahshop.lt\/?post_type=product&#038;p=36667"},"modified":"2026-04-17T23:29:54","modified_gmt":"2026-04-17T20:29:54","slug":"gaubtas-taureles-kaitinimui-black","status":"publish","type":"product","link":"https:\/\/hookahshop.lt\/et\/toode\/kubu-topsid-kutteks-must\/","title":{"rendered":"Kapuuts tasside soojendamiseks Must"},"content":{"rendered":"<h2>Kapuuts tasside soojendamiseks Must<\/h2>\n<p>Kaitseb tuule eest \u00f5ues vesipiibu seanssi nautides. Saab kasutada s\u00fcsivesikute langemiskaitsena. Samuti kiirendab see vesipiibu valmistamise aega, seega on soovitatav seda kasutada p\u00e4rast s\u00fcsivesikute lisamist seansi alguses.<\/p>\n<p><strong>Spetsifikatsioonid:<\/strong><br \/>\nK\u00f5rgus: umbes 21 cm<br \/>\nL\u00e4bim\u00f5\u00f5t: 11 cm<\/p>\n<p>Kas teil on k\u00fcsimusi? v\u00f5ta meiega \u00fchendust <a href=\"https:\/\/hookahshop.lt\/et\/kontaktid\/\">kontaktide leht<\/a> v\u00f5i saatke meile e-kiri aadressil <a href=\"https:\/\/facebook.com\/HookahShop.lt\/\" target=\"_blank\" rel=\"noopener noreferrer\">Facebooki konto<\/a> ja vastame teie taotlusele samal p\u00e4eval.<\/p>","protected":false},"excerpt":{"rendered":"<p>Kaas tasside soojendamiseks Must Kaitseb tuule eest \u00f5ues vesipiibu nautides. Saab kasutada s\u00fcsivesikute langemiskaitsena. Samuti kiirendab see vesipiibu valmistamise aega, seega on soovitatav seda kasutada p\u00e4rast s\u00fcsivesikute lisamist seansi alguses. Tehnilised andmed: K\u00f5rgus: umbes 21 cm L\u00e4bim\u00f5\u00f5t: 11 cm Kas teil on k\u00fcsimusi? V\u00f5tke meiega \u00fchendust kontaktide lehel v\u00f5i kirjutage meile meie Facebooki kontol ja me vastame [\u2026]<\/p>","protected":false},"featured_media":36668,"comment_status":"open","ping_status":"closed","template":"","meta":[],"_links":{"self":[{"href":"https:\/\/hookahshop.lt\/et\/wp-json\/wp\/v2\/product\/36667"}],"collection":[{"href":"https:\/\/hookahshop.lt\/et\/wp-json\/wp\/v2\/product"}],"about":[{"href":"https:\/\/hookahshop.lt\/et\/wp-json\/wp\/v2\/types\/product"}],"replies":[{"embeddable":true,"href":"https:\/\/hookahshop.lt\/et\/wp-json\/wp\/v2\/comments?post=36667"}],"version-history":[{"count":4,"href":"https:\/\/hookahshop.lt\/et\/wp-json\/wp\/v2\/product\/36667\/revisions"}],"predecessor-version":[{"id":42989,"href":"https:\/\/hookahshop.lt\/et\/wp-json\/wp\/v2\/product\/36667\/revisions\/42989"}],"wp:featuredmedia":[{"embeddable":true,"href":"https:\/\/hookahshop.lt\/et\/wp-json\/wp\/v2\/media\/36668"}],"wp:attachment":[{"href":"https:\/\/hookahshop.lt\/et\/wp-json\/wp\/v2\/media?parent=36667"}],"curies":[{"name":"wp","href":"https:\/\/api.w.org\/{rel}","templated":true}]}}