{"id":36678,"date":"2023-07-12T18:55:46","date_gmt":"2023-07-12T15:55:46","guid":{"rendered":"https:\/\/hookahshop.lt\/?post_type=product&#038;p=36678"},"modified":"2026-05-13T23:30:03","modified_gmt":"2026-05-13T20:30:03","slug":"kolba-kaljanui-vg-mini-craft-tint","status":"publish","type":"product","link":"https:\/\/hookahshop.lt\/et\/toode\/kolb-vesipiibu-vg-mini-kasitoo-toon\/","title":{"rendered":"Vesipiibu kolb VG Mini Craft Tint"},"content":{"rendered":"<h2>Vesipiibu kolb VG Mini Craft Tint<\/h2>\n<p>See minikolb on valmistatud toidukvaliteediga l\u00e4bipaistvast klaasist ja paistab silma oma vastupidavuse poolest. Kolb pole v\u00e4rvitud, mis t\u00e4hendab, et see teenib teid palju aastaid. Sobib igale minipiibule.<\/p>\n<p><strong>Spetsifikatsioonid:<\/strong><br \/>\nK\u00f5rgus: 190 mm<br \/>\nKaal: 920 g<br \/>\nKaela v\u00e4lisl\u00e4bim\u00f5\u00f5t: 71 mm<br \/>\nKaela sisel\u00e4bim\u00f5\u00f5t: 48 mm<br \/>\nToote materjal: klaas<\/p>\n<p><strong>Kolb on m\u00f5eldud v\u00e4ikeste vesipiipude jaoks nagu Alpha Beat, BigMaks mini, Misha Shisha jne.<\/strong><\/p>\n<p>Kas teil on k\u00fcsimusi? v\u00f5ta meiega \u00fchendust\u00a0<a href=\"https:\/\/hookahshop.lt\/et\/kontaktid\/\">kontaktide leht<\/a>\u00a0v\u00f5i saatke meile e-kiri aadressil\u00a0<a href=\"https:\/\/facebook.com\/HookahShop.lt\/\" target=\"_blank\" rel=\"noopener\">Facebooki konto<\/a>\u00a0ja vastame teie taotlusele samal p\u00e4eval.<\/p>\n<p>&nbsp;<\/p>","protected":false},"excerpt":{"rendered":"<p>Vesipiibu kolb VG Mini Craft Tint See minikolb on valmistatud toidukvaliteediga l\u00e4bipaistvast klaasist ja paistab silma oma vastupidavuse poolest. Kolb ei ole v\u00e4rvitud, mis t\u00e4hendab, et see teenib teid palju aastaid. Sobib kasutamiseks iga mini vesipiibuga. Tehnilised andmed: K\u00f5rgus: 190 mm Kaal: 920 g Kaela v\u00e4lisl\u00e4bim\u00f5\u00f5t: 71 mm Kaela sisel\u00e4bim\u00f5\u00f5t: 48 mm Toote materjal: klaas Kolb on m\u00f5eldud v\u00e4ikeste [\u2026]<\/p>","protected":false},"featured_media":36679,"comment_status":"open","ping_status":"closed","template":"","meta":[],"_links":{"self":[{"href":"https:\/\/hookahshop.lt\/et\/wp-json\/wp\/v2\/product\/36678"}],"collection":[{"href":"https:\/\/hookahshop.lt\/et\/wp-json\/wp\/v2\/product"}],"about":[{"href":"https:\/\/hookahshop.lt\/et\/wp-json\/wp\/v2\/types\/product"}],"replies":[{"embeddable":true,"href":"https:\/\/hookahshop.lt\/et\/wp-json\/wp\/v2\/comments?post=36678"}],"version-history":[{"count":3,"href":"https:\/\/hookahshop.lt\/et\/wp-json\/wp\/v2\/product\/36678\/revisions"}],"predecessor-version":[{"id":45329,"href":"https:\/\/hookahshop.lt\/et\/wp-json\/wp\/v2\/product\/36678\/revisions\/45329"}],"wp:featuredmedia":[{"embeddable":true,"href":"https:\/\/hookahshop.lt\/et\/wp-json\/wp\/v2\/media\/36679"}],"wp:attachment":[{"href":"https:\/\/hookahshop.lt\/et\/wp-json\/wp\/v2\/media?parent=36678"}],"curies":[{"name":"wp","href":"https:\/\/api.w.org\/{rel}","templated":true}]}}