{"id":36739,"date":"2023-07-20T22:01:10","date_gmt":"2023-07-20T19:01:10","guid":{"rendered":"https:\/\/hookahshop.lt\/?post_type=product&#038;p=36739"},"modified":"2026-04-15T23:29:32","modified_gmt":"2026-04-15T20:29:32","slug":"karscio-kamera-alpha-hookah-fnx-gold","status":"publish","type":"product","link":"https:\/\/hookahshop.lt\/et\/toode\/soojus-kaamera-alfa-vesipiip-fnx-kuld\/","title":{"rendered":"Soojuskaamera ALPHA HOOKAH FNX Gold"},"content":{"rendered":"<h2>Soojuskaamera ALPHA HOOKAH FNX Gold<\/h2>\n<p>Valmistatud tugevast terasest tugeva konstruktsiooniga, mis tagab vastupidavuse. Paksud seinad ja mugav kuju tagavad tassis \u00fchtlase kuumuse juhtimise. Soojuskamber on sarnane auto kolvile, seega on arendajad \u00fchel k\u00fcljel m\u00e4rkinud tehnilised omadused. Aksessuaar on suurep\u00e4rane kombinatsioon Alpha Hookah vesipiipudega ja sobib k\u00f5ikidele populaarsetele tassidele turul.<\/p>\n<p><strong>Spetsifikatsioon<\/strong><br \/>\nMaterjal: roostevaba teras (<em>tugevad konstruktsioonid)<\/em><br \/>\nV\u00e4rv: Kuldne<br \/>\nL\u00e4bim\u00f5\u00f5t: 75mm<br \/>\nK\u00f5rgus: 27mm<br \/>\nKaal: 217g.<\/p>\n<p>Kas teil on k\u00fcsimusi? v\u00f5ta meiega \u00fchendust\u00a0<a href=\"https:\/\/hookahshop.lt\/et\/kontaktid\/\">kontaktide leht<\/a>\u00a0v\u00f5i saatke meile e-kiri aadressil\u00a0<a href=\"https:\/\/facebook.com\/HookahShop.lt\/\" target=\"_blank\" rel=\"noopener noreferrer\">Facebooki konto<\/a>\u00a0ja vastame teie taotlusele samal p\u00e4eval.<\/p>\n<p>&nbsp;<\/p>","protected":false},"excerpt":{"rendered":"<p>Soojuskamber ALPHA HOOKAH FNX Gold Valmistatud \u00fches t\u00fckis roostevabast terasest konstruktsioonist, mis tagab vastupidavuse. Paksud seinad ja mugav kuju tagavad tassi \u00fchtlase kuumuse kontrolli. Soojuskamber on sarnane auto kolviga, nii et arendajad m\u00e4rkisid tehnilised omadused \u00fchel k\u00fcljel. Aksessuaar on suurep\u00e4rane kombinatsioon Alpha Hookah vesipiipudega ja sobib k\u00f5ikidele populaarsetele tassidele turul. Spetsifikatsiooni materjal: [\u2026]<\/p>","protected":false},"featured_media":36740,"comment_status":"open","ping_status":"closed","template":"","meta":[],"_links":{"self":[{"href":"https:\/\/hookahshop.lt\/et\/wp-json\/wp\/v2\/product\/36739"}],"collection":[{"href":"https:\/\/hookahshop.lt\/et\/wp-json\/wp\/v2\/product"}],"about":[{"href":"https:\/\/hookahshop.lt\/et\/wp-json\/wp\/v2\/types\/product"}],"replies":[{"embeddable":true,"href":"https:\/\/hookahshop.lt\/et\/wp-json\/wp\/v2\/comments?post=36739"}],"version-history":[{"count":4,"href":"https:\/\/hookahshop.lt\/et\/wp-json\/wp\/v2\/product\/36739\/revisions"}],"predecessor-version":[{"id":44944,"href":"https:\/\/hookahshop.lt\/et\/wp-json\/wp\/v2\/product\/36739\/revisions\/44944"}],"wp:featuredmedia":[{"embeddable":true,"href":"https:\/\/hookahshop.lt\/et\/wp-json\/wp\/v2\/media\/36740"}],"wp:attachment":[{"href":"https:\/\/hookahshop.lt\/et\/wp-json\/wp\/v2\/media?parent=36739"}],"curies":[{"name":"wp","href":"https:\/\/api.w.org\/{rel}","templated":true}]}}