{"id":36750,"date":"2023-07-21T21:54:25","date_gmt":"2023-07-21T18:54:25","guid":{"rendered":"https:\/\/hookahshop.lt\/?post_type=product&#038;p=36750"},"modified":"2026-04-10T23:29:40","modified_gmt":"2026-04-10T20:29:40","slug":"kandiklis-kaljanui-alpha-hookah-black-matte","status":"publish","type":"product","link":"https:\/\/hookahshop.lt\/et\/toode\/huulik-piibu-alfa-vesipiibu-must-matt\/","title":{"rendered":"Vesipiibu huulik ALPHA HOOKAH Must matt"},"content":{"rendered":"<h2>Vesipiibu huulik ALPHA HOOKAH Must matt<\/h2>\n<p>Alpha Hookah lakooniline ja stiilne huulik. Lihtsustatud vorm ja kvaliteetne materjal. Alpha Hookah huulik on kaetud vastupidava pulberv\u00e4rviga, mida temperatuurimuutused ei m\u00f5juta.<\/p>\n<p><strong>Spetsifikatsioonid:<\/strong><br \/>\nPikkus: 29 cm<br \/>\nV\u00e4rvus: matt must<\/p>\n<p>Sobib k\u00f5ikidele silikoonvoolikutele sisel\u00e4bim\u00f5\u00f5duga 10-11mm<\/p>\n<p>&nbsp;<\/p>\n<p>Kas teil on k\u00fcsimusi? v\u00f5ta meiega \u00fchendust\u00a0<a href=\"https:\/\/hookahshop.lt\/et\/kontaktid\/\">kontaktide leht<\/a>\u00a0v\u00f5i saatke meile e-kiri aadressil\u00a0<a href=\"https:\/\/facebook.com\/HookahShop.lt\/\" target=\"_blank\" rel=\"noopener\">Facebooki konto<\/a>\u00a0ja vastame teie taotlusele samal p\u00e4eval.<\/p>\n<p>&nbsp;<\/p>","protected":false},"excerpt":{"rendered":"<p>Vesipiibu huulik ALPHA HOOKAH Must Matte Lakooniline ja stiilne huulik tootjalt Alpha Hookah. Lihtsustatud vorm ja kvaliteetne materjal. Alpha Hookah huulik on kaetud vastupidava pulberv\u00e4rviga, mida temperatuurimuutused ei m\u00f5juta. Tehnilised andmed: Pikkus: 29cm V\u00e4rvus: mattmust Sobib k\u00f5ikidele silikoonvoolikutele sisel\u00e4bim\u00f5\u00f5duga 10-11mm Kas teil on k\u00fcsimusi? V\u00f5tke meiega \u00fchendust kontaktide lehel v\u00f5i kirjutage [...]<\/p>","protected":false},"featured_media":36751,"comment_status":"open","ping_status":"closed","template":"","meta":[],"_links":{"self":[{"href":"https:\/\/hookahshop.lt\/et\/wp-json\/wp\/v2\/product\/36750"}],"collection":[{"href":"https:\/\/hookahshop.lt\/et\/wp-json\/wp\/v2\/product"}],"about":[{"href":"https:\/\/hookahshop.lt\/et\/wp-json\/wp\/v2\/types\/product"}],"replies":[{"embeddable":true,"href":"https:\/\/hookahshop.lt\/et\/wp-json\/wp\/v2\/comments?post=36750"}],"version-history":[{"count":3,"href":"https:\/\/hookahshop.lt\/et\/wp-json\/wp\/v2\/product\/36750\/revisions"}],"predecessor-version":[{"id":42585,"href":"https:\/\/hookahshop.lt\/et\/wp-json\/wp\/v2\/product\/36750\/revisions\/42585"}],"wp:featuredmedia":[{"embeddable":true,"href":"https:\/\/hookahshop.lt\/et\/wp-json\/wp\/v2\/media\/36751"}],"wp:attachment":[{"href":"https:\/\/hookahshop.lt\/et\/wp-json\/wp\/v2\/media?parent=36750"}],"curies":[{"name":"wp","href":"https:\/\/api.w.org\/{rel}","templated":true}]}}