{"id":36754,"date":"2023-07-21T22:09:13","date_gmt":"2023-07-21T19:09:13","guid":{"rendered":"https:\/\/hookahshop.lt\/?post_type=product&#038;p=36754"},"modified":"2026-04-25T23:29:56","modified_gmt":"2026-04-25T20:29:56","slug":"lekste-kaljanui-alpha-hookah-beat-ufo","status":"publish","type":"product","link":"https:\/\/hookahshop.lt\/et\/toode\/taldrik-vesipiibulealfa-vesipiip-beat-ufo\/","title":{"rendered":"Taldrik vesipiibu jaoks ALPHA HOOKAH Beat Ufo"},"content":{"rendered":"<h2>Taldrik vesipiibu jaoks ALPHA HOOKAH Beat Ufo<\/h2>\n<p>Individuaalne taldrik vesipiibu jaoks ALPHA Vesipiibu mudel Beat. Plaat on valmistatud roostevabast terasest ja kaetud kuumakindla pulberv\u00e4rviga.<\/p>\n<p><strong>Spetsifikatsioonid:<\/strong><br \/>\nL\u00e4bim\u00f5\u00f5t: ~ 17 cm<br \/>\nAva l\u00e4bim\u00f5\u00f5t: ~ 1,5 cm<\/p>\n<p>&nbsp;<\/p>\n<p>Kas teil on k\u00fcsimusi? v\u00f5ta meiega \u00fchendust\u00a0<a href=\"https:\/\/hookahshop.lt\/et\/kontaktid\/\">kontaktide leht<\/a>\u00a0v\u00f5i saatke meile e-kiri aadressil\u00a0<a href=\"https:\/\/facebook.com\/HookahShop.lt\/\" target=\"_blank\" rel=\"noopener\">Facebooki konto<\/a>\u00a0ja vastame teie taotlusele samal p\u00e4eval.<\/p>\n<p>&nbsp;<\/p>","protected":false},"excerpt":{"rendered":"<p>Vesipiibu taldrik ALPHA HOOKAH Beat Ufo Individuaalne taldrik vesipiibu jaoks ALPHA Vesipiibu mudel Beat. Plaat on valmistatud roostevabast terasest ja kaetud kuumakindla pulberv\u00e4rviga. Tehnilised andmed: L\u00e4bim\u00f5\u00f5t: ~ 17 cm Ava l\u00e4bim\u00f5\u00f5t: ~ 1,5 cm K\u00fcsimused? V\u00f5tke meiega \u00fchendust kontaktide lehel v\u00f5i kirjutage meile meie Facebooki kontol ja vastame teie p\u00e4ringule samal p\u00e4eval. &nbsp;<\/p>","protected":false},"featured_media":36758,"comment_status":"open","ping_status":"closed","template":"","meta":[],"_links":{"self":[{"href":"https:\/\/hookahshop.lt\/et\/wp-json\/wp\/v2\/product\/36754"}],"collection":[{"href":"https:\/\/hookahshop.lt\/et\/wp-json\/wp\/v2\/product"}],"about":[{"href":"https:\/\/hookahshop.lt\/et\/wp-json\/wp\/v2\/types\/product"}],"replies":[{"embeddable":true,"href":"https:\/\/hookahshop.lt\/et\/wp-json\/wp\/v2\/comments?post=36754"}],"version-history":[{"count":2,"href":"https:\/\/hookahshop.lt\/et\/wp-json\/wp\/v2\/product\/36754\/revisions"}],"predecessor-version":[{"id":36757,"href":"https:\/\/hookahshop.lt\/et\/wp-json\/wp\/v2\/product\/36754\/revisions\/36757"}],"wp:featuredmedia":[{"embeddable":true,"href":"https:\/\/hookahshop.lt\/et\/wp-json\/wp\/v2\/media\/36758"}],"wp:attachment":[{"href":"https:\/\/hookahshop.lt\/et\/wp-json\/wp\/v2\/media?parent=36754"}],"curies":[{"name":"wp","href":"https:\/\/api.w.org\/{rel}","templated":true}]}}