{"id":36759,"date":"2023-07-21T23:21:32","date_gmt":"2023-07-21T20:21:32","guid":{"rendered":"https:\/\/hookahshop.lt\/?post_type=product&#038;p=36759"},"modified":"2026-05-14T23:29:54","modified_gmt":"2026-05-14T20:29:54","slug":"saldanti-juosta-vyro-freeze","status":"publish","type":"product","link":"https:\/\/hookahshop.lt\/et\/toode\/maiustuslint-mees-kulma\/","title":{"rendered":"K\u00fclmutuslint VYRO Freeze"},"content":{"rendered":"<h2>K\u00fclmutuslint VYRO Freeze<\/h2>\n<p>P\u00fchendatud AEON Vyro \u00dcks vesipiibu seanss muutis veelgi v\u00e4rskendavamaks. Olenemata sellest, kas olete kodus v\u00f5i liikvel, saate Freeze&#039;i jahutusriba abil hoida oma VYRO One&#039;i jahedas kuni 30 minutit. FREEZE on loodud spetsiaalselt VYRO ONE jaoks ja seda on t\u00e4nu pandlale v\u00e4ga lihtne kinnitada.<\/p>\n<p><strong>Spetsifikatsioonid:<\/strong><br \/>\nV\u00e4rvus must<br \/>\nMaterjal: plastik<\/p>\n<p><strong>Varustus:<\/strong><br \/>\nLint;<br \/>\nkaubam\u00e4rgiga kast\/<\/p>\n<p>Kas teil on k\u00fcsimusi? v\u00f5ta meiega \u00fchendust\u00a0<a href=\"https:\/\/hookahshop.lt\/et\/kontaktid\/\">kontaktide leht<\/a>\u00a0v\u00f5i saatke meile e-kiri aadressil\u00a0<a href=\"https:\/\/facebook.com\/HookahShop.lt\/\" target=\"_blank\" rel=\"noopener\">Facebooki konto<\/a>\u00a0ja vastame teie taotlusele samal p\u00e4eval.<\/p>","protected":false},"excerpt":{"rendered":"<p>K\u00fclmutuslint VYRO Freeze For AEON Vyro \u00dcks vesipiibu seanss on veelgi v\u00e4rskem. Olenemata sellest, kas olete kodus v\u00f5i liikvel, saate Freeze&#039;i jahutusriba abil hoida oma VYRO One&#039;i jahedas kuni 30 minutit. FREEZE on loodud spetsiaalselt VYRO ONE jaoks ja seda on t\u00e4nu pandlale v\u00e4ga lihtne kinnitada. Tehnilised andmed: V\u00e4rv: must Materjal: plastik Pakend: Teip; Kaubam\u00e4rgiga kast\/ Kas teil on k\u00fcsimusi? [\u2026]<\/p>","protected":false},"featured_media":36760,"comment_status":"open","ping_status":"closed","template":"","meta":[],"_links":{"self":[{"href":"https:\/\/hookahshop.lt\/et\/wp-json\/wp\/v2\/product\/36759"}],"collection":[{"href":"https:\/\/hookahshop.lt\/et\/wp-json\/wp\/v2\/product"}],"about":[{"href":"https:\/\/hookahshop.lt\/et\/wp-json\/wp\/v2\/types\/product"}],"replies":[{"embeddable":true,"href":"https:\/\/hookahshop.lt\/et\/wp-json\/wp\/v2\/comments?post=36759"}],"version-history":[{"count":3,"href":"https:\/\/hookahshop.lt\/et\/wp-json\/wp\/v2\/product\/36759\/revisions"}],"predecessor-version":[{"id":36767,"href":"https:\/\/hookahshop.lt\/et\/wp-json\/wp\/v2\/product\/36759\/revisions\/36767"}],"wp:featuredmedia":[{"embeddable":true,"href":"https:\/\/hookahshop.lt\/et\/wp-json\/wp\/v2\/media\/36760"}],"wp:attachment":[{"href":"https:\/\/hookahshop.lt\/et\/wp-json\/wp\/v2\/media?parent=36759"}],"curies":[{"name":"wp","href":"https:\/\/api.w.org\/{rel}","templated":true}]}}