{"id":36775,"date":"2023-07-22T12:18:21","date_gmt":"2023-07-22T09:18:21","guid":{"rendered":"https:\/\/hookahshop.lt\/?post_type=product&#038;p=36775"},"modified":"2026-04-17T23:29:54","modified_gmt":"2026-04-17T20:29:54","slug":"kaljanas-aeon-vyro-one-carbon-forged-gold","status":"publish","type":"product","link":"https:\/\/hookahshop.lt\/et\/toode\/vesipiibu-aeon-viro-one-carbon-sepistatud-kuld\/","title":{"rendered":"Vesipiip AEON VYRO One Carbon Forged Gold"},"content":{"rendered":"<h2>Vesipiip AEON VYRO One Carbon Forged Gold<\/h2>\n<p>Uuendatud mudel, k\u00f5rgeima kvaliteediga roostevabast terasest ja s\u00fcsinikkiust kaasaskantav vesipiip on m\u00f5eldud kasutamiseks mitte ainult reisil, vaid ka kodus. See on \u00fcks paremaid kaasaskantavaid vesipiipu turul. T\u00e4nu oma erakordsele ehitusele on sellel madal raskuskese, mis muudab selle stabiilseks.<\/p>\n<p><strong>Spetsifikatsioonid:<\/strong><br \/>\nK\u00f5rgus: 15 cm<br \/>\nL\u00e4bim\u00f5\u00f5t: 8 cm<br \/>\nKaal: 1,3 kg<br \/>\nMaterjal: tipptasemel roostevaba teras ja s\u00fcsinikkiud<br \/>\nP\u00e4ritoluriik: Saksamaa<\/p>\n<p><strong>Komplekti ei kuulu: voolik ja huulik.\u00a0<\/strong><\/p>\n<p><img decoding=\"async\" loading=\"lazy\" class=\"alignnone size-medium wp-image-38512\" src=\"https:\/\/hookahshop.lt\/wp-content\/uploads\/2022\/06\/mazu-aladinu-komplektacija-1-300x273.jpg\" alt=\"- hookahshop.lt\" width=\"300\" height=\"273\" srcset=\"https:\/\/hookahshop.lt\/wp-content\/uploads\/2022\/06\/mazu-aladinu-komplektacija-1-300x273.jpg 300w, https:\/\/hookahshop.lt\/wp-content\/uploads\/2022\/06\/mazu-aladinu-komplektacija-1-13x12.jpg 13w, https:\/\/hookahshop.lt\/wp-content\/uploads\/2022\/06\/mazu-aladinu-komplektacija-1-64x58.jpg 64w, https:\/\/hookahshop.lt\/wp-content\/uploads\/2022\/06\/mazu-aladinu-komplektacija-1.jpg 420w\" sizes=\"(max-width: 300px) 100vw, 300px\" title=\"\"><\/p>\n<p>Kas teil on k\u00fcsimusi? v\u00f5ta meiega \u00fchendust\u00a0<a href=\"https:\/\/hookahshop.lt\/et\/kontaktid\/\">kontaktide leht<\/a>\u00a0v\u00f5i saatke meile e-kiri aadressil\u00a0<a href=\"https:\/\/facebook.com\/HookahShop.lt\/\" target=\"_blank\" rel=\"noopener noreferrer\">Facebooki konto<\/a>\u00a0ja vastame teie taotlusele samal p\u00e4eval.<\/p>","protected":false},"excerpt":{"rendered":"<p>Vesipiip AEON VYRO One Carbon Forged Gold Uuendatud mudel, k\u00f5rgeima kvaliteediga roostevabast terasest ja s\u00fcsinikkiust kaasaskantav vesipiip on m\u00f5eldud kasutamiseks mitte ainult reisidel, vaid ka kodus. See on \u00fcks paremaid kaasaskantavaid vesipiipu turul. T\u00e4nu oma ainulaadsele disainile on sellel madal raskuskese, mis muudab selle stabiilseks. Tehnilised andmed: K\u00f5rgus: 15 cm L\u00e4bim\u00f5\u00f5t: 8 cm Kaal: [\u2026]<\/p>","protected":false},"featured_media":36776,"comment_status":"open","ping_status":"closed","template":"","meta":[],"_links":{"self":[{"href":"https:\/\/hookahshop.lt\/et\/wp-json\/wp\/v2\/product\/36775"}],"collection":[{"href":"https:\/\/hookahshop.lt\/et\/wp-json\/wp\/v2\/product"}],"about":[{"href":"https:\/\/hookahshop.lt\/et\/wp-json\/wp\/v2\/types\/product"}],"replies":[{"embeddable":true,"href":"https:\/\/hookahshop.lt\/et\/wp-json\/wp\/v2\/comments?post=36775"}],"version-history":[{"count":4,"href":"https:\/\/hookahshop.lt\/et\/wp-json\/wp\/v2\/product\/36775\/revisions"}],"predecessor-version":[{"id":40323,"href":"https:\/\/hookahshop.lt\/et\/wp-json\/wp\/v2\/product\/36775\/revisions\/40323"}],"wp:featuredmedia":[{"embeddable":true,"href":"https:\/\/hookahshop.lt\/et\/wp-json\/wp\/v2\/media\/36776"}],"wp:attachment":[{"href":"https:\/\/hookahshop.lt\/et\/wp-json\/wp\/v2\/media?parent=36775"}],"curies":[{"name":"wp","href":"https:\/\/api.w.org\/{rel}","templated":true}]}}