{"id":36895,"date":"2023-08-23T22:25:14","date_gmt":"2023-08-23T19:25:14","guid":{"rendered":"https:\/\/hookahshop.lt\/?post_type=product&#038;p=36895"},"modified":"2026-04-18T23:29:25","modified_gmt":"2026-04-18T20:29:25","slug":"anglys-kaljanui-shaman-premium-26mm-1kg","status":"publish","type":"product","link":"https:\/\/hookahshop.lt\/et\/toode\/susi-vesipiibule-shaman-premium-26mm-1kg\/","title":{"rendered":"S\u00dcSI VESIPIIBULE SHAMAN Premium 26mm 1kg"},"content":{"rendered":"<h2>S\u00dcSI VESIPIIBULE SHAMAN Premium 26mm 1kg<\/h2>\n<p>S\u00f6ed on valmistatud looduslikust kookoskoorest.<br \/>\n\u00dche s\u00fcsiniku m\u00f5\u00f5dud: 26x26x26mm.<br \/>\nKarbis on 64 s\u00fcsinikku.<br \/>\nS\u00f6ed hoiavad soojust kaua.<br \/>\nV\u00e4hem tuhka.<br \/>\nL\u00f5hnatu.<br \/>\nS\u00f6e p\u00f5letamiseks vajate vesipiibu, turistide gaasipliidi vms jaoks elektrilist pliiti.<br \/>\nP\u00e4ritoluriik: Indoneesia<\/p>\n<p>Kas teil on k\u00fcsimusi? v\u00f5ta meiega \u00fchendust\u00a0<a href=\"https:\/\/hookahshop.lt\/et\/kontaktid\/\">kontaktide leht<\/a>\u00a0v\u00f5i saatke meile e-kiri aadressil\u00a0<a href=\"https:\/\/facebook.com\/HookahShop.lt\/\" target=\"_blank\" rel=\"noopener\">Facebooki konto<\/a>\u00a0ja vastame teie taotlusele samal p\u00e4eval.<\/p>\n<p>&nbsp;<\/p>\n<p>&nbsp;<\/p>","protected":false},"excerpt":{"rendered":"<p>S\u00fcsinik vesipiibu jaoks SHAMAN Premium 26mm 1kg Valmistatud naturaalsest kookoskoorest. \u00dche s\u00fcsiniku m\u00f5\u00f5dud: 26x26x26mm. Karbis on 64 s\u00fcsinikku. S\u00fcsi hoiab soojust kaua. V\u00e4hem tuhka. V\u00e4hem l\u00f5hna. S\u00f6e s\u00fc\u00fctamiseks on vaja elektripliiti vesipiibu jaoks, turistigaasipliiti vms. P\u00e4ritoluriik: Indoneesia Kas teil on k\u00fcsimusi? V\u00f5tke meiega \u00fchendust kontaktide lehel v\u00f5i kirjutage meile meie Facebooki kontol ja me vastame teie p\u00e4ringule [\u2026]<\/p>","protected":false},"featured_media":36896,"comment_status":"open","ping_status":"closed","template":"","meta":[],"_links":{"self":[{"href":"https:\/\/hookahshop.lt\/et\/wp-json\/wp\/v2\/product\/36895"}],"collection":[{"href":"https:\/\/hookahshop.lt\/et\/wp-json\/wp\/v2\/product"}],"about":[{"href":"https:\/\/hookahshop.lt\/et\/wp-json\/wp\/v2\/types\/product"}],"replies":[{"embeddable":true,"href":"https:\/\/hookahshop.lt\/et\/wp-json\/wp\/v2\/comments?post=36895"}],"version-history":[{"count":4,"href":"https:\/\/hookahshop.lt\/et\/wp-json\/wp\/v2\/product\/36895\/revisions"}],"predecessor-version":[{"id":36960,"href":"https:\/\/hookahshop.lt\/et\/wp-json\/wp\/v2\/product\/36895\/revisions\/36960"}],"wp:featuredmedia":[{"embeddable":true,"href":"https:\/\/hookahshop.lt\/et\/wp-json\/wp\/v2\/media\/36896"}],"wp:attachment":[{"href":"https:\/\/hookahshop.lt\/et\/wp-json\/wp\/v2\/media?parent=36895"}],"curies":[{"name":"wp","href":"https:\/\/api.w.org\/{rel}","templated":true}]}}