{"id":36976,"date":"2023-09-11T20:55:51","date_gmt":"2023-09-11T17:55:51","guid":{"rendered":"https:\/\/hookahshop.lt\/?post_type=product&#038;p=36976"},"modified":"2026-04-09T12:29:18","modified_gmt":"2026-04-09T09:29:18","slug":"kolba-kaljanui-vg-black-matt-stripes","status":"publish","type":"product","link":"https:\/\/hookahshop.lt\/et\/toode\/vesipiibu-kolb-vg-black-matt-stripes\/","title":{"rendered":"VESIPIIBU KOLB VG Black Matt Stripes"},"content":{"rendered":"<h2>VESIPIIBU KOLB VG Black Matt Stripes<\/h2>\n<p>Kolb m\u00f5jub suitsuselt ning t\u00e4nu l\u00e4ikivale pinnale on sellel veelgi \u0161ikim ja eksklusiivsem v\u00e4rviilme. Sobib peaaegu k\u00f5ikidele kaasaegsetele vesipiipudele. Kolvi \u00e4\u00e4r aitab vesipiipu mugavalt k\u00e4es hoida, et see k\u00e4est ei libiseks. See kolb on kaetud kvaliteetse v\u00e4rviga, mis aitab hoida kolbil aja jooksul nagu uus, isegi p\u00e4rast paljusid kasutusi. Sobib universaalse tihendiga vesipiipudele. Kolb on valmistatud k\u00e4sitsi ja kaela sisel\u00e4bim\u00f5\u00f5t v\u00f5ib erineda deklareeritust 1-1,5 mm.<\/p>\n<p><strong>Spetsifikatsioon:<\/strong><br \/>\nK\u00f5rgus: 266 mm<br \/>\nKaal: ~ 1550 g<br \/>\nV\u00e4lisl\u00e4bim\u00f5\u00f5t: 75 mm<br \/>\nSisel\u00e4bim\u00f5\u00f5t: 47 mm<br \/>\nMaterjal: klaas<\/p>\n<p>&nbsp;<\/p>\n<p>Kas teil on k\u00fcsimusi? v\u00f5ta meiega \u00fchendust\u00a0<a href=\"https:\/\/hookahshop.lt\/et\/kontaktid\/\">kontaktide leht<\/a>\u00a0v\u00f5i saatke meile e-kiri aadressil\u00a0<a href=\"https:\/\/facebook.com\/HookahShop.lt\/\" target=\"_blank\" rel=\"noopener\">Facebooki konto<\/a>\u00a0ja vastame teie taotlusele samal p\u00e4eval.<\/p>","protected":false},"excerpt":{"rendered":"<p>Vesipiibu kolb VG Black Matt Stripes Valmistatud kvaliteetsest klaasist. Kolb on musta v\u00e4rvi ja matt viimistlus annab sellele veelgi \u0161ikima v\u00e4rvi v\u00e4limuse. Sobib peaaegu k\u00f5ikidele kaasaegsetele vesipiipudele. Kolvi \u00e4\u00e4r aitab vesipiipu mugavalt k\u00e4es hoida, et see k\u00e4est ei libiseks. See kolb on kaetud kvaliteetse v\u00e4rviga, mis aitab s\u00e4ilitada kolvi v\u00e4limust aja jooksul, [...]<\/p>","protected":false},"featured_media":36986,"comment_status":"open","ping_status":"closed","template":"","meta":[],"_links":{"self":[{"href":"https:\/\/hookahshop.lt\/et\/wp-json\/wp\/v2\/product\/36976"}],"collection":[{"href":"https:\/\/hookahshop.lt\/et\/wp-json\/wp\/v2\/product"}],"about":[{"href":"https:\/\/hookahshop.lt\/et\/wp-json\/wp\/v2\/types\/product"}],"replies":[{"embeddable":true,"href":"https:\/\/hookahshop.lt\/et\/wp-json\/wp\/v2\/comments?post=36976"}],"version-history":[{"count":5,"href":"https:\/\/hookahshop.lt\/et\/wp-json\/wp\/v2\/product\/36976\/revisions"}],"predecessor-version":[{"id":43079,"href":"https:\/\/hookahshop.lt\/et\/wp-json\/wp\/v2\/product\/36976\/revisions\/43079"}],"wp:featuredmedia":[{"embeddable":true,"href":"https:\/\/hookahshop.lt\/et\/wp-json\/wp\/v2\/media\/36986"}],"wp:attachment":[{"href":"https:\/\/hookahshop.lt\/et\/wp-json\/wp\/v2\/media?parent=36976"}],"curies":[{"name":"wp","href":"https:\/\/api.w.org\/{rel}","templated":true}]}}