{"id":36981,"date":"2023-09-11T22:28:55","date_gmt":"2023-09-11T19:28:55","guid":{"rendered":"https:\/\/hookahshop.lt\/?post_type=product&#038;p=36981"},"modified":"2026-04-15T12:29:37","modified_gmt":"2026-04-15T09:29:37","slug":"kaljanas-ykap-neo-mod-red","status":"publish","type":"product","link":"https:\/\/hookahshop.lt\/et\/toode\/vesippip-ykap-neo-mod-red\/","title":{"rendered":"VESIPIIP YKAP Neo Mod Red"},"content":{"rendered":"<h2>VESIPIIP YKAP Neo Mod Red<\/h2>\n<p>Valmistatud kvaliteetsest roostevabast terasest ja pol\u00fcatsetaalist, mis tagab vastupidavuse ja tugevuse. Selle tulemusel v\u00f5ite olla kindel, et see toode teenib teid paljudel unustamatutel vesipiibuseanssidel. Y.K.A.P. NEO MOD RED on suurep\u00e4rane valik neile, kes otsivad kvaliteetset vesipiipu taskukohase hinnaga. Elegantne disain vastupidavatest materjalidest.<\/p>\n<p><strong>Spetsifikatsioon:<\/strong><br \/>\nVesipiibu t\u00f5mbamine: kerge (kaasas eemaldatav hajuti).<br \/>\nMaterjal: roostevaba teras, pol\u00fcatsetaal<br \/>\nVarre k\u00f5rgus: 47,5 cm<br \/>\nVarre l\u00e4bim\u00f5\u00f5t: 1,1 cm<br \/>\nV\u00e4rv: teras, must, punane<\/p>\n<p><strong>Varustus:<\/strong><br \/>\nV\u00f5ll (vars), plaat, huulik, silikoonmust voolik, tihendite komplekt.<\/p>\n<p><img decoding=\"async\" loading=\"lazy\" class=\"alignnone size-medium wp-image-38521\" src=\"https:\/\/hookahshop.lt\/wp-content\/uploads\/2020\/09\/stiebas-zarna-kandiklis-1-300x273.jpg\" alt=\"- hookahshop.lt\" width=\"300\" height=\"273\" srcset=\"https:\/\/hookahshop.lt\/wp-content\/uploads\/2020\/09\/stiebas-zarna-kandiklis-1-300x273.jpg 300w, https:\/\/hookahshop.lt\/wp-content\/uploads\/2020\/09\/stiebas-zarna-kandiklis-1-13x12.jpg 13w, https:\/\/hookahshop.lt\/wp-content\/uploads\/2020\/09\/stiebas-zarna-kandiklis-1-64x58.jpg 64w, https:\/\/hookahshop.lt\/wp-content\/uploads\/2020\/09\/stiebas-zarna-kandiklis-1.jpg 420w\" sizes=\"(max-width: 300px) 100vw, 300px\" title=\"\"><\/p>\n<p>&nbsp;<\/p>\n<p>Kas teil on k\u00fcsimusi? v\u00f5ta meiega \u00fchendust\u00a0<a href=\"https:\/\/hookahshop.lt\/et\/kontaktid\/\">kontaktide leht<\/a>\u00a0v\u00f5i saatke meile e-kiri aadressil\u00a0<a href=\"https:\/\/facebook.com\/HookahShop.lt\/\" target=\"_blank\" rel=\"noopener\">Facebooki konto<\/a>\u00a0ja vastame teie taotlusele samal p\u00e4eval.<\/p>\n<p>&nbsp;<\/p>","protected":false},"excerpt":{"rendered":"<p>Vesipiip YKAP Neo Mod Red Valmistatud kvaliteetsest roostevabast terasest ja pol\u00fcatsetaalist, mis tagab vastupidavuse ja tugevuse. Selle tulemusel v\u00f5ite olla kindel, et see toode teenib teid paljudel unustamatutel vesipiibuseanssidel. YKAP NEO MOD RED on suurep\u00e4rane valik neile, kes otsivad kvaliteetset vesipiipu taskukohase hinnaga. Elegantne disain vastupidavatest materjalidest. Spetsifikatsioon: [\u2026]<\/p>","protected":false},"featured_media":36982,"comment_status":"open","ping_status":"closed","template":"","meta":[],"_links":{"self":[{"href":"https:\/\/hookahshop.lt\/et\/wp-json\/wp\/v2\/product\/36981"}],"collection":[{"href":"https:\/\/hookahshop.lt\/et\/wp-json\/wp\/v2\/product"}],"about":[{"href":"https:\/\/hookahshop.lt\/et\/wp-json\/wp\/v2\/types\/product"}],"replies":[{"embeddable":true,"href":"https:\/\/hookahshop.lt\/et\/wp-json\/wp\/v2\/comments?post=36981"}],"version-history":[{"count":4,"href":"https:\/\/hookahshop.lt\/et\/wp-json\/wp\/v2\/product\/36981\/revisions"}],"predecessor-version":[{"id":37347,"href":"https:\/\/hookahshop.lt\/et\/wp-json\/wp\/v2\/product\/36981\/revisions\/37347"}],"wp:featuredmedia":[{"embeddable":true,"href":"https:\/\/hookahshop.lt\/et\/wp-json\/wp\/v2\/media\/36982"}],"wp:attachment":[{"href":"https:\/\/hookahshop.lt\/et\/wp-json\/wp\/v2\/media?parent=36981"}],"curies":[{"name":"wp","href":"https:\/\/api.w.org\/{rel}","templated":true}]}}