{"id":36997,"date":"2023-09-12T22:08:32","date_gmt":"2023-09-12T19:08:32","guid":{"rendered":"https:\/\/hookahshop.lt\/?post_type=product&#038;p=36997"},"modified":"2026-04-14T23:29:38","modified_gmt":"2026-04-14T20:29:38","slug":"kaljanas-ykap-killer-mini-su-krepsiu","status":"publish","type":"product","link":"https:\/\/hookahshop.lt\/et\/toode\/vesipiip-ykap-killer-mini-jamaga\/","title":{"rendered":"VESIPIIP YKAP Killer Mini kotiga"},"content":{"rendered":"<h2>VESIPIIP YKAP Killer Mini kotiga<\/h2>\n<p>See on v\u00e4ike ja kvaliteetne vesipiip, mis tagab meeldiva seansi ja sobib suurep\u00e4raselt reisimiseks. Komplektis pole mitte ainult kott vesipiipude jaoks, vaid ka kott aksessuaaride jaoks. Samuti on v\u00f5imalus vahetada punased vesipiibu siset\u00fckid mustade vastu. Vesipiip on valmistatud k\u00f5rgeima kvaliteediga materjalidest, mis tagab vesipiibu pikaealisuse. Kergesti t\u00f5mmatav konks.<\/p>\n<p><strong>Spetsifikatsioon:<\/strong><br \/>\nV\u00e4rvus must<br \/>\nMaterjal: roostevaba teras ja plastik<br \/>\nVoolik: silikoon (must)<br \/>\n\u00dchendus: O-r\u00f5ngas<br \/>\nK\u00f5rgus: 45 cm<br \/>\nHajuti: jah<\/p>\n<p><strong>Varustus:<\/strong><br \/>\nVars, plaat, vahet\u00fckid, difuusor, kolb, silikoonvoolik, huulik, vesipiibu kott.<\/p>\n<p><img decoding=\"async\" loading=\"lazy\" class=\"alignnone size-medium wp-image-38520\" src=\"https:\/\/hookahshop.lt\/wp-content\/uploads\/2020\/09\/stiebas-kolba-zarna-kandiklis-1-300x273.jpg\" alt=\"- hookahshop.lt\" width=\"300\" height=\"273\" srcset=\"https:\/\/hookahshop.lt\/wp-content\/uploads\/2020\/09\/stiebas-kolba-zarna-kandiklis-1-300x273.jpg 300w, https:\/\/hookahshop.lt\/wp-content\/uploads\/2020\/09\/stiebas-kolba-zarna-kandiklis-1-13x12.jpg 13w, https:\/\/hookahshop.lt\/wp-content\/uploads\/2020\/09\/stiebas-kolba-zarna-kandiklis-1-64x58.jpg 64w, https:\/\/hookahshop.lt\/wp-content\/uploads\/2020\/09\/stiebas-kolba-zarna-kandiklis-1.jpg 420w\" sizes=\"(max-width: 300px) 100vw, 300px\" title=\"\"><\/p>\n<p>&nbsp;<\/p>\n<p>Kas teil on k\u00fcsimusi? v\u00f5ta meiega \u00fchendust\u00a0<a href=\"https:\/\/hookahshop.lt\/et\/kontaktid\/\">kontaktide leht<\/a>\u00a0v\u00f5i saatke meile e-kiri aadressil\u00a0<a href=\"https:\/\/facebook.com\/HookahShop.lt\/\" target=\"_blank\" rel=\"noopener\">Facebooki konto<\/a>\u00a0ja vastame teie taotlusele samal p\u00e4eval.<\/p>","protected":false},"excerpt":{"rendered":"<p>Vesipiip YKAP Killer Mini kotiga See on v\u00e4ikese suurusega ja kvaliteetne vesipiip, mis tagab meeldiva seansi ja sobib ideaalselt reisimiseks. Vesipiibu valmistamisel on kasutatud k\u00f5rgeima kvaliteediga materjale, mis tagavad vesipiibu pika kasutusea. Lihtne t\u00f5mmata vesipiip. Spetsifikatsioon: V\u00e4rv: must Materjal: roostevaba teras ja plast Voolik: silikoon (must) \u00dchendus: O-r\u00f5ngas K\u00f5rgus: 45 cm Hajuti: Jah Pakend: [\u2026]<\/p>","protected":false},"featured_media":36998,"comment_status":"open","ping_status":"closed","template":"","meta":[],"_links":{"self":[{"href":"https:\/\/hookahshop.lt\/et\/wp-json\/wp\/v2\/product\/36997"}],"collection":[{"href":"https:\/\/hookahshop.lt\/et\/wp-json\/wp\/v2\/product"}],"about":[{"href":"https:\/\/hookahshop.lt\/et\/wp-json\/wp\/v2\/types\/product"}],"replies":[{"embeddable":true,"href":"https:\/\/hookahshop.lt\/et\/wp-json\/wp\/v2\/comments?post=36997"}],"version-history":[{"count":8,"href":"https:\/\/hookahshop.lt\/et\/wp-json\/wp\/v2\/product\/36997\/revisions"}],"predecessor-version":[{"id":37018,"href":"https:\/\/hookahshop.lt\/et\/wp-json\/wp\/v2\/product\/36997\/revisions\/37018"}],"wp:featuredmedia":[{"embeddable":true,"href":"https:\/\/hookahshop.lt\/et\/wp-json\/wp\/v2\/media\/36998"}],"wp:attachment":[{"href":"https:\/\/hookahshop.lt\/et\/wp-json\/wp\/v2\/media?parent=36997"}],"curies":[{"name":"wp","href":"https:\/\/api.w.org\/{rel}","templated":true}]}}