{"id":37025,"date":"2023-09-12T22:50:15","date_gmt":"2023-09-12T19:50:15","guid":{"rendered":"https:\/\/hookahshop.lt\/?post_type=product&#038;p=37025"},"modified":"2026-04-17T23:29:54","modified_gmt":"2026-04-17T20:29:54","slug":"znyples-kaljano-anglims-na-grani","status":"publish","type":"product","link":"https:\/\/hookahshop.lt\/et\/toode\/esipiibu-soetangid-ogle-na-grani\/","title":{"rendered":"TANGID VESIPIIBU NA GRANI"},"content":{"rendered":"<h2>TANGID VESIPIIBU NA GRANI<\/h2>\n<p>Stiilne ja mugav aksessuaar puus\u00f6ega t\u00f6\u00f6tamiseks, sobib kasutamiseks nii kodus kui ka professionaalsete k\u00e4sit\u00f6\u00f6liste poolt. Need on valmistatud roostevabast terasest, nii et nad ei kaota oma omadusi mitu aastat ega karda s\u00f6ega t\u00f6\u00f6tamisel k\u00f5rgeid temperatuure. Aksessuaar on minimalistliku disainiga, dekoratiivsete avadega ja suurep\u00e4rase ergonoomikaga. Olemas ka taldrikuhoidja.<\/p>\n<p><strong>Spetsifikatsioon:<\/strong><br \/>\nMaterjal: roostevaba teras<br \/>\nPikkus: 230 mm<br \/>\nLaius: 1,5 mm<br \/>\nKaal: 79 g.<\/p>\n<p><strong>Varustus:<\/strong><br \/>\nTangid ja kast<\/p>\n<p>&nbsp;<\/p>\n<p>Kas teil on k\u00fcsimusi? v\u00f5ta meiega \u00fchendust\u00a0<a href=\"https:\/\/hookahshop.lt\/et\/kontaktid\/\">kontaktide leht<\/a>\u00a0v\u00f5i saatke meile e-kiri aadressil\u00a0<a href=\"https:\/\/facebook.com\/HookahShop.lt\/\" target=\"_blank\" rel=\"noopener\">Facebooki konto<\/a>\u00a0ja vastame teie taotlusele samal p\u00e4eval.<\/p>","protected":false},"excerpt":{"rendered":"<p>Tangid vesipiibu s\u00f6e jaoks NA GRANI Stiilne ja mugav tarvik puus\u00f6ega t\u00f6\u00f6tamiseks, sobib kasutamiseks nii kodus kui ka professionaalsete meistrite poolt. Need on valmistatud roostevabast terasest, nii et nad ei kaota oma omadusi mitu aastat ega karda s\u00f6ega t\u00f6\u00f6tamisel k\u00f5rgeid temperatuure. Aksessuaar on minimalistliku disainiga, dekoratiivsete avadega ja suurep\u00e4rase ergonoomikaga. Olemas ka taldrikuhoidja. Spetsifikatsioon: materjal: roostevaba teras [\u2026]<\/p>","protected":false},"featured_media":37026,"comment_status":"open","ping_status":"closed","template":"","meta":[],"_links":{"self":[{"href":"https:\/\/hookahshop.lt\/et\/wp-json\/wp\/v2\/product\/37025"}],"collection":[{"href":"https:\/\/hookahshop.lt\/et\/wp-json\/wp\/v2\/product"}],"about":[{"href":"https:\/\/hookahshop.lt\/et\/wp-json\/wp\/v2\/types\/product"}],"replies":[{"embeddable":true,"href":"https:\/\/hookahshop.lt\/et\/wp-json\/wp\/v2\/comments?post=37025"}],"version-history":[{"count":5,"href":"https:\/\/hookahshop.lt\/et\/wp-json\/wp\/v2\/product\/37025\/revisions"}],"predecessor-version":[{"id":37067,"href":"https:\/\/hookahshop.lt\/et\/wp-json\/wp\/v2\/product\/37025\/revisions\/37067"}],"wp:featuredmedia":[{"embeddable":true,"href":"https:\/\/hookahshop.lt\/et\/wp-json\/wp\/v2\/media\/37026"}],"wp:attachment":[{"href":"https:\/\/hookahshop.lt\/et\/wp-json\/wp\/v2\/media?parent=37025"}],"curies":[{"name":"wp","href":"https:\/\/api.w.org\/{rel}","templated":true}]}}