{"id":37030,"date":"2023-09-12T23:03:22","date_gmt":"2023-09-12T20:03:22","guid":{"rendered":"https:\/\/hookahshop.lt\/?post_type=product&#038;p=37030"},"modified":"2026-04-19T23:30:15","modified_gmt":"2026-04-19T20:30:15","slug":"znyples-kaljano-anglims-ykap-stripes-black","status":"publish","type":"product","link":"https:\/\/hookahshop.lt\/et\/toode\/esipiibu-soetangid-ykap-stripes-black\/","title":{"rendered":"TANGID VESIPIIBU YKAP Stripes Black"},"content":{"rendered":"<h2>TANGID VESIPIIBU YKAP Stripes Black<\/h2>\n<p>See on stiilne ja mugav aksessuaar vesipiibu s\u00f6ega t\u00f6\u00f6tamisel. Tangid ei kuumene isegi p\u00e4rast pikaajalist kokkupuudet kuumade s\u00f6ega.<\/p>\n<p><strong>Spetsifikatsioon:<\/strong><br \/>\nMaterjal: roostevaba teras<br \/>\nV\u00e4rvus must<br \/>\nPikkus: 21 cm<br \/>\nLaius: 3,4 cm<\/p>\n<p>Kas teil on k\u00fcsimusi? v\u00f5ta meiega \u00fchendust\u00a0<a href=\"https:\/\/hookahshop.lt\/et\/kontaktid\/\">kontaktide leht<\/a>\u00a0v\u00f5i saatke meile e-kiri aadressil\u00a0<a href=\"https:\/\/facebook.com\/HookahShop.lt\/\" target=\"_blank\" rel=\"noopener\">Facebooki konto<\/a>\u00a0ja vastame teie taotlusele samal p\u00e4eval.<\/p>\n<p>&nbsp;<\/p>","protected":false},"excerpt":{"rendered":"<p>Tangid vesipiibu s\u00f6e jaoks YKAP Stripes Black See on stiilne ja mugav tarvik vesipiibus\u00f6ega t\u00f6\u00f6tamiseks. Tangid ei kuumene isegi p\u00e4rast pikaajalist kokkupuudet kuumade s\u00f6ega. Spetsifikatsioon: Materjal: roostevaba teras V\u00e4rv: must Pikkus: 21cm Laius: 3,4cm Kas on k\u00fcsimusi? V\u00f5tke meiega \u00fchendust kontaktide lehel v\u00f5i kirjutage meile meie Facebooki kontol ja vastame teie p\u00e4ringule samal p\u00e4eval. &nbsp;<\/p>","protected":false},"featured_media":37034,"comment_status":"open","ping_status":"closed","template":"","meta":[],"_links":{"self":[{"href":"https:\/\/hookahshop.lt\/et\/wp-json\/wp\/v2\/product\/37030"}],"collection":[{"href":"https:\/\/hookahshop.lt\/et\/wp-json\/wp\/v2\/product"}],"about":[{"href":"https:\/\/hookahshop.lt\/et\/wp-json\/wp\/v2\/types\/product"}],"replies":[{"embeddable":true,"href":"https:\/\/hookahshop.lt\/et\/wp-json\/wp\/v2\/comments?post=37030"}],"version-history":[{"count":3,"href":"https:\/\/hookahshop.lt\/et\/wp-json\/wp\/v2\/product\/37030\/revisions"}],"predecessor-version":[{"id":37033,"href":"https:\/\/hookahshop.lt\/et\/wp-json\/wp\/v2\/product\/37030\/revisions\/37033"}],"wp:featuredmedia":[{"embeddable":true,"href":"https:\/\/hookahshop.lt\/et\/wp-json\/wp\/v2\/media\/37034"}],"wp:attachment":[{"href":"https:\/\/hookahshop.lt\/et\/wp-json\/wp\/v2\/media?parent=37030"}],"curies":[{"name":"wp","href":"https:\/\/api.w.org\/{rel}","templated":true}]}}