{"id":37039,"date":"2023-09-12T23:33:53","date_gmt":"2023-09-12T20:33:53","guid":{"rendered":"https:\/\/hookahshop.lt\/?post_type=product&#038;p=37039"},"modified":"2026-05-13T23:30:04","modified_gmt":"2026-05-13T20:30:04","slug":"karscio-kamera-blade-hookah-silver","status":"publish","type":"product","link":"https:\/\/hookahshop.lt\/et\/toode\/soojuskaamera-silver\/","title":{"rendered":"SOOJUSKAAMERA BLADE HOOKAH Silver"},"content":{"rendered":"<h2>SOOJUSKAAMERA BLADE HOOKAH Silver<\/h2>\n<p>98% alumiiniumisulamist valmistatud kumerad seinad soodustavad \u00fchtlast soojusjaotust. Sellel on ka kuumuskindel kate ja see ei muuda v\u00e4rvi ega tekstuuri.<\/p>\n<p><strong>Omadused:<\/strong><br \/>\nMaterjal: alumiinium<br \/>\nV\u00e4rvus: h\u00f5bedane<\/p>\n<p>Kas teil on k\u00fcsimusi? v\u00f5ta meiega \u00fchendust\u00a0<a href=\"https:\/\/hookahshop.lt\/et\/kontaktid\/\">kontaktide leht<\/a>\u00a0v\u00f5i saatke meile e-kiri aadressil\u00a0<a href=\"https:\/\/facebook.com\/HookahShop.lt\/\" target=\"_blank\" rel=\"noopener\">Facebooki konto<\/a>\u00a0ja vastame teie taotlusele samal p\u00e4eval.<\/p>","protected":false},"excerpt":{"rendered":"<p>Soojuskamber BLADE HOOKAH H\u00f5bedane Valmistatud 98% alumiiniumsulamist, kaldseinad soodustavad \u00fchtlast soojusjaotust. Sellel on ka kuumuskindel kate ja see ei muuda v\u00e4rvi ega tekstuuri. Omadused: Materjal: alumiinium V\u00e4rv: h\u00f5bedane Kas teil on k\u00fcsimusi? V\u00f5tke meiega \u00fchendust kontaktide lehel v\u00f5i kirjutage meile meie Facebooki kontol ja vastame teie p\u00e4ringule samal p\u00e4eval.<\/p>","protected":false},"featured_media":37040,"comment_status":"open","ping_status":"closed","template":"","meta":[],"_links":{"self":[{"href":"https:\/\/hookahshop.lt\/et\/wp-json\/wp\/v2\/product\/37039"}],"collection":[{"href":"https:\/\/hookahshop.lt\/et\/wp-json\/wp\/v2\/product"}],"about":[{"href":"https:\/\/hookahshop.lt\/et\/wp-json\/wp\/v2\/types\/product"}],"replies":[{"embeddable":true,"href":"https:\/\/hookahshop.lt\/et\/wp-json\/wp\/v2\/comments?post=37039"}],"version-history":[{"count":4,"href":"https:\/\/hookahshop.lt\/et\/wp-json\/wp\/v2\/product\/37039\/revisions"}],"predecessor-version":[{"id":45640,"href":"https:\/\/hookahshop.lt\/et\/wp-json\/wp\/v2\/product\/37039\/revisions\/45640"}],"wp:featuredmedia":[{"embeddable":true,"href":"https:\/\/hookahshop.lt\/et\/wp-json\/wp\/v2\/media\/37040"}],"wp:attachment":[{"href":"https:\/\/hookahshop.lt\/et\/wp-json\/wp\/v2\/media?parent=37039"}],"curies":[{"name":"wp","href":"https:\/\/api.w.org\/{rel}","templated":true}]}}