{"id":37054,"date":"2023-09-13T20:11:44","date_gmt":"2023-09-13T17:11:44","guid":{"rendered":"https:\/\/hookahshop.lt\/?post_type=product&#038;p=37054"},"modified":"2026-04-09T12:29:18","modified_gmt":"2026-04-09T09:29:18","slug":"apsauginis-sietelis-kaljanui-big","status":"publish","type":"product","link":"https:\/\/hookahshop.lt\/et\/toode\/kaitsesoel-vesipiibu-jaoks-2\/","title":{"rendered":"Kaitsev s\u00f5el vesipiibu jaoks Big Silver"},"content":{"rendered":"<h2>Kaitsev s\u00f5el vesipiibu jaoks Big Silver<\/h2>\n<p>Vesipiibu kurn ei lase s\u00f6el kodus suitsetades kogemata teie v\u00e4\u00e4rtuslikku vara p\u00f5letada. Tuulekaitsega.<\/p>\n<p>Kas teil on k\u00fcsimusi? v\u00f5ta meiega \u00fchendust\u00a0<a href=\"https:\/\/hookahshop.lt\/et\/kontaktid\/\">kontaktide leht<\/a>\u00a0v\u00f5i saatke meile e-kiri aadressil\u00a0<a href=\"https:\/\/facebook.com\/HookahShop.lt\/\" target=\"_blank\" rel=\"noopener noreferrer\">Facebooki konto<\/a>\u00a0ja vastame teie taotlusele samal p\u00e4eval.<\/p>","protected":false},"excerpt":{"rendered":"<p>Vesipiibu kaitses\u00f5el Big Vesipiibu kurn ei lase s\u00f6el kodus suitsetades kogemata teie v\u00e4\u00e4rtuslikku vara p\u00f5letada. Tuulekaitsega. Kas teil on k\u00fcsimusi? V\u00f5tke meiega \u00fchendust kontaktide lehel v\u00f5i kirjutage meile meie Facebooki kontol ja vastame teie p\u00e4ringule samal p\u00e4eval.<\/p>","protected":false},"featured_media":37055,"comment_status":"open","ping_status":"closed","template":"","meta":[],"_links":{"self":[{"href":"https:\/\/hookahshop.lt\/et\/wp-json\/wp\/v2\/product\/37054"}],"collection":[{"href":"https:\/\/hookahshop.lt\/et\/wp-json\/wp\/v2\/product"}],"about":[{"href":"https:\/\/hookahshop.lt\/et\/wp-json\/wp\/v2\/types\/product"}],"replies":[{"embeddable":true,"href":"https:\/\/hookahshop.lt\/et\/wp-json\/wp\/v2\/comments?post=37054"}],"version-history":[{"count":4,"href":"https:\/\/hookahshop.lt\/et\/wp-json\/wp\/v2\/product\/37054\/revisions"}],"predecessor-version":[{"id":43098,"href":"https:\/\/hookahshop.lt\/et\/wp-json\/wp\/v2\/product\/37054\/revisions\/43098"}],"wp:featuredmedia":[{"embeddable":true,"href":"https:\/\/hookahshop.lt\/et\/wp-json\/wp\/v2\/media\/37055"}],"wp:attachment":[{"href":"https:\/\/hookahshop.lt\/et\/wp-json\/wp\/v2\/media?parent=37054"}],"curies":[{"name":"wp","href":"https:\/\/api.w.org\/{rel}","templated":true}]}}