{"id":37068,"date":"2023-09-15T14:49:20","date_gmt":"2023-09-15T11:49:20","guid":{"rendered":"https:\/\/hookahshop.lt\/?post_type=product&#038;p=37068"},"modified":"2026-04-17T23:29:54","modified_gmt":"2026-04-17T20:29:54","slug":"kolba-kaljanui-daly-black-blue","status":"publish","type":"product","link":"https:\/\/hookahshop.lt\/et\/toode\/kolb-piibu-daly-must-sinine\/","title":{"rendered":"Vesipiibu kolb DALY Must Sinine"},"content":{"rendered":"<h2>Vesipiibu kolb DALY Must Sinine<\/h2>\n<p>See kolb on valmistatud kvaliteetsest paksust klaasist. Kolvi p\u00f5hi on valmistatud mustast klaasist, mis tuhmub siniseks.<\/p>\n<p><strong>Spetsifikatsioonid:<\/strong><br \/>\nK\u00f5rgus: 243 mm<br \/>\nKaal: ~ 1775 g<br \/>\nV\u00e4lise augu l\u00e4bim\u00f5\u00f5t: 70 mm<br \/>\nSisemine augu l\u00e4bim\u00f5\u00f5t: 48 mm<br \/>\nToote materjal: klaas<\/p>\n<p>Kas teil on k\u00fcsimusi? v\u00f5ta meiega \u00fchendust\u00a0<a href=\"https:\/\/hookahshop.lt\/et\/kontaktid\/\">kontaktide leht<\/a>\u00a0v\u00f5i saatke meile e-kiri aadressil\u00a0<a href=\"https:\/\/facebook.com\/HookahShop.lt\/\" target=\"_blank\" rel=\"noopener noreferrer\">Facebooki konto<\/a>\u00a0ja vastame teie taotlusele samal p\u00e4eval.<\/p>","protected":false},"excerpt":{"rendered":"<p>Vesipiibu kolb DALY Black Blue See kolb on valmistatud kvaliteetsest paksust klaasist. Kolvi p\u00f5hi on valmistatud mustast klaasist, mis tuhmub siniseks. Tehnilised andmed: K\u00f5rgus: 243 mm Kaal: ~ 1775 g V\u00e4lisava l\u00e4bim\u00f5\u00f5t: 70 mm Sisemise augu l\u00e4bim\u00f5\u00f5t: 48 mm Tootematerjal: klaas K\u00fcsimused? V\u00f5tke meiega \u00fchendust kontaktide lehel v\u00f5i kirjutage meile meie Facebooki kontol ja [\u2026]<\/p>","protected":false},"featured_media":37069,"comment_status":"open","ping_status":"closed","template":"","meta":[],"_links":{"self":[{"href":"https:\/\/hookahshop.lt\/et\/wp-json\/wp\/v2\/product\/37068"}],"collection":[{"href":"https:\/\/hookahshop.lt\/et\/wp-json\/wp\/v2\/product"}],"about":[{"href":"https:\/\/hookahshop.lt\/et\/wp-json\/wp\/v2\/types\/product"}],"replies":[{"embeddable":true,"href":"https:\/\/hookahshop.lt\/et\/wp-json\/wp\/v2\/comments?post=37068"}],"version-history":[{"count":3,"href":"https:\/\/hookahshop.lt\/et\/wp-json\/wp\/v2\/product\/37068\/revisions"}],"predecessor-version":[{"id":37074,"href":"https:\/\/hookahshop.lt\/et\/wp-json\/wp\/v2\/product\/37068\/revisions\/37074"}],"wp:featuredmedia":[{"embeddable":true,"href":"https:\/\/hookahshop.lt\/et\/wp-json\/wp\/v2\/media\/37069"}],"wp:attachment":[{"href":"https:\/\/hookahshop.lt\/et\/wp-json\/wp\/v2\/media?parent=37068"}],"curies":[{"name":"wp","href":"https:\/\/api.w.org\/{rel}","templated":true}]}}