{"id":37073,"date":"2023-09-15T15:23:39","date_gmt":"2023-09-15T12:23:39","guid":{"rendered":"https:\/\/hookahshop.lt\/?post_type=product&#038;p=37073"},"modified":"2026-04-09T12:29:18","modified_gmt":"2026-04-09T09:29:18","slug":"kolba-kaljanui-craft-red-matt","status":"publish","type":"product","link":"https:\/\/hookahshop.lt\/et\/toode\/kolb-piibu-jaoks-kasitoo-punane-matt\/","title":{"rendered":"Vesipiibu kolb CRAFT Red Matt"},"content":{"rendered":"<h2>Vesipiibu kolb CRAFT Red Matt<\/h2>\n<p>See on toode, mis kestab palju aastaid. T\u00e4nu kvaliteetsele v\u00e4rvikattele s\u00e4ilitab see kolb oma esindusliku pildi kindlasti kaua ja n\u00e4eb v\u00e4lja nagu oleks just tulnud tootja koosteliinilt. See kolb on paksu seinaga. Paksud seinad tagavad suurep\u00e4rase heliisolatsiooni, mis on ilma difuusorita suitsetamisel piisavalt oluline.<\/p>\n<div class=\"tlid-results-container results-container\">\n<div class=\"tlid-result result-dict-wrapper\">\n<div class=\"result tlid-copy-target\">\n<div class=\"text-wrap tlid-copy-target\">\n<div class=\"result-shield-container tlid-copy-target\"><span class=\"tlid-translation translation\" lang=\"lt\"><strong><span title=\"\">Spetsifikatsioonid:<\/span><\/strong><br \/>\n<span title=\"\">K\u00f5rgus: 245 mm<\/span><br \/>\n<span title=\"\">Kaal: ~ 1495 g<\/span><br \/>\n<span class=\"\" title=\"\">V\u00e4lise augu l\u00e4bim\u00f5\u00f5t: 70 mm<\/span><br \/>\n<span class=\"\" title=\"\">Sisemise ava l\u00e4bim\u00f5\u00f5t: 47 mm<\/span><br \/>\n<span class=\"\" title=\"\">Toote materjal: paks klaas<\/span><\/span><\/div>\n<div><\/div>\n<div>Kas teil on k\u00fcsimusi? v\u00f5ta meiega \u00fchendust\u00a0<a href=\"https:\/\/hookahshop.lt\/et\/kontaktid\/\">kontaktide leht<\/a>\u00a0v\u00f5i saatke meile e-kiri aadressil\u00a0<a href=\"https:\/\/facebook.com\/HookahShop.lt\/\" target=\"_blank\" rel=\"noopener noreferrer\">Facebooki konto<\/a>\u00a0ja vastame teie taotlusele samal p\u00e4eval.<\/div>\n<\/div>\n<\/div>\n<\/div>\n<\/div>","protected":false},"excerpt":{"rendered":"<p>Vesipiibu kolb CRAFT Red Matt See on toode, mis kestab palju aastaid. T\u00e4nu kvaliteetsele v\u00e4rvikattele s\u00e4ilitab see kolb oma esindusliku pildi kindlasti kaua ja n\u00e4eb v\u00e4lja nagu oleks just tulnud tootja koosteliinilt. See kolb on paksu seinaga. Paksud seinad tagavad suurep\u00e4rase heliisolatsiooni, mis on ilma difuusorita suitsetamisel piisavalt oluline. Tehnilised andmed: K\u00f5rgus: 245 mm [\u2026]<\/p>","protected":false},"featured_media":37081,"comment_status":"open","ping_status":"closed","template":"","meta":[],"_links":{"self":[{"href":"https:\/\/hookahshop.lt\/et\/wp-json\/wp\/v2\/product\/37073"}],"collection":[{"href":"https:\/\/hookahshop.lt\/et\/wp-json\/wp\/v2\/product"}],"about":[{"href":"https:\/\/hookahshop.lt\/et\/wp-json\/wp\/v2\/types\/product"}],"replies":[{"embeddable":true,"href":"https:\/\/hookahshop.lt\/et\/wp-json\/wp\/v2\/comments?post=37073"}],"version-history":[{"count":6,"href":"https:\/\/hookahshop.lt\/et\/wp-json\/wp\/v2\/product\/37073\/revisions"}],"predecessor-version":[{"id":45007,"href":"https:\/\/hookahshop.lt\/et\/wp-json\/wp\/v2\/product\/37073\/revisions\/45007"}],"wp:featuredmedia":[{"embeddable":true,"href":"https:\/\/hookahshop.lt\/et\/wp-json\/wp\/v2\/media\/37081"}],"wp:attachment":[{"href":"https:\/\/hookahshop.lt\/et\/wp-json\/wp\/v2\/media?parent=37073"}],"curies":[{"name":"wp","href":"https:\/\/api.w.org\/{rel}","templated":true}]}}