{"id":37087,"date":"2023-09-15T17:24:43","date_gmt":"2023-09-15T14:24:43","guid":{"rendered":"https:\/\/hookahshop.lt\/?post_type=product&#038;p=37087"},"modified":"2026-04-10T23:29:40","modified_gmt":"2026-04-10T20:29:40","slug":"kolba-kaljanui-drop-smoke","status":"publish","type":"product","link":"https:\/\/hookahshop.lt\/et\/toode\/kolb-vesipiip-tilk-suits\/","title":{"rendered":"Vesipiibu kolb DROP Smoke"},"content":{"rendered":"<h2>Vesipiibu kolb DROP Smoke<\/h2>\n<p>Kolb on valmistatud eranditult k\u00e4sitsi parimate klaasipuhujate poolt. Tilkvorm on turul \u00fcks populaarsemaid. N\u00e4eb hea v\u00e4lja k\u00f5igi vesipiipudega. Must l\u00e4bipaistev v\u00e4rv.<\/p>\n<p id=\"tw-target-text\" class=\"tw-data-text tw-text-large XcVN5d tw-ta\" dir=\"ltr\" data-placeholder=\"Vertimas\"><strong>Omadused:<\/strong><br \/>\nK\u00f5rgus: 27 cm<br \/>\nKaela sisel\u00e4bim\u00f5\u00f5t: 4,5 cm<br \/>\nKaela v\u00e4lisl\u00e4bim\u00f5\u00f5t: 7,2 cm<br \/>\nKaal: 1,5 kg<\/p>\n<p dir=\"ltr\" data-placeholder=\"Vertimas\">Kas teil on k\u00fcsimusi? v\u00f5ta meiega \u00fchendust\u00a0<a href=\"https:\/\/hookahshop.lt\/et\/kontaktid\/\">kontaktide leht<\/a>\u00a0v\u00f5i saatke meile e-kiri aadressil\u00a0<a href=\"https:\/\/facebook.com\/HookahShop.lt\/\" target=\"_blank\" rel=\"noopener noreferrer\">Facebooki konto<\/a>\u00a0ja vastame teie taotlusele samal p\u00e4eval.<\/p>","protected":false},"excerpt":{"rendered":"<p>Vesipiibu termos DROP Smoke Termos on valmistatud k\u00e4sitsi parimate klaasipuhujate poolt. Tilgakuju on \u00fcks populaarsemaid turul. Sobib suurep\u00e4raselt k\u00f5igi vesipiipudega. Mustad ja l\u00e4bipaistvad v\u00e4rvid. Omadused: K\u00f5rgus: 27 cm Kaela sisel\u00e4bim\u00f5\u00f5t: 4,5 cm Kaela v\u00e4lisl\u00e4bim\u00f5\u00f5t: 7,2 cm Kaal: 1,5 kg Kas teil on k\u00fcsimusi? V\u00f5tke meiega \u00fchendust kontaktide lehel v\u00f5i kirjutage meile Facebookis ja me vastame teie [\u2026]<\/p>","protected":false},"featured_media":42403,"comment_status":"open","ping_status":"closed","template":"","meta":[],"_links":{"self":[{"href":"https:\/\/hookahshop.lt\/et\/wp-json\/wp\/v2\/product\/37087"}],"collection":[{"href":"https:\/\/hookahshop.lt\/et\/wp-json\/wp\/v2\/product"}],"about":[{"href":"https:\/\/hookahshop.lt\/et\/wp-json\/wp\/v2\/types\/product"}],"replies":[{"embeddable":true,"href":"https:\/\/hookahshop.lt\/et\/wp-json\/wp\/v2\/comments?post=37087"}],"version-history":[{"count":4,"href":"https:\/\/hookahshop.lt\/et\/wp-json\/wp\/v2\/product\/37087\/revisions"}],"predecessor-version":[{"id":43075,"href":"https:\/\/hookahshop.lt\/et\/wp-json\/wp\/v2\/product\/37087\/revisions\/43075"}],"wp:featuredmedia":[{"embeddable":true,"href":"https:\/\/hookahshop.lt\/et\/wp-json\/wp\/v2\/media\/42403"}],"wp:attachment":[{"href":"https:\/\/hookahshop.lt\/et\/wp-json\/wp\/v2\/media?parent=37087"}],"curies":[{"name":"wp","href":"https:\/\/api.w.org\/{rel}","templated":true}]}}