{"id":37149,"date":"2023-09-29T22:24:01","date_gmt":"2023-09-29T19:24:01","guid":{"rendered":"https:\/\/hookahshop.lt\/?post_type=product&#038;p=37149"},"modified":"2026-04-18T23:29:25","modified_gmt":"2026-04-18T20:29:25","slug":"kaljanas-gorky-hookah-ring-black","status":"publish","type":"product","link":"https:\/\/hookahshop.lt\/et\/toode\/vesipiibu-gorki-vesipiibu-sormus-must\/","title":{"rendered":"Vesipiip GORKY HOOKAH S\u00f5rmus must"},"content":{"rendered":"<h2>Vesipiip GORKY HOOKAH S\u00f5rmus must<\/h2>\n<p>Roostevabast terasest ja puidust valmistatud see annab edasi s\u00e4ravat ja rikkalikku maitset. Disain ja suitsetamise kvaliteet on eriti olulised esimesest hetkest kuni valmis suitsetamisseadmeni. See kasutab eemaldatavat difuusorit, mis tagab kerge ja vaikse vesipiibu seansi. Ilma disofoori kasutamata on t\u00f5mme klassikaline (raske, vastupanuga).<\/p>\n<p><strong>Spetsifikatsioon:<\/strong><br \/>\nK\u00f5rgus: 49 cm<br \/>\nHajuti: eemaldatav<br \/>\nMaterjalid: roostevaba teras, puit.<\/p>\n<p><strong>Varustus:<\/strong><br \/>\nV\u00f5lli<br \/>\nPlaat<br \/>\nHuulik<br \/>\nSilikoonvoolik<br \/>\nTihendid<br \/>\nHajuti<\/p>\n<p><img decoding=\"async\" loading=\"lazy\" class=\"alignnone size-medium wp-image-38521\" src=\"https:\/\/hookahshop.lt\/wp-content\/uploads\/2020\/09\/stiebas-zarna-kandiklis-1-300x273.jpg\" alt=\"- hookahshop.lt\" width=\"300\" height=\"273\" srcset=\"https:\/\/hookahshop.lt\/wp-content\/uploads\/2020\/09\/stiebas-zarna-kandiklis-1-300x273.jpg 300w, https:\/\/hookahshop.lt\/wp-content\/uploads\/2020\/09\/stiebas-zarna-kandiklis-1-13x12.jpg 13w, https:\/\/hookahshop.lt\/wp-content\/uploads\/2020\/09\/stiebas-zarna-kandiklis-1-64x58.jpg 64w, https:\/\/hookahshop.lt\/wp-content\/uploads\/2020\/09\/stiebas-zarna-kandiklis-1.jpg 420w\" sizes=\"(max-width: 300px) 100vw, 300px\" title=\"\"><\/p>\n<p>Kas teil on k\u00fcsimusi? v\u00f5ta meiega \u00fchendust\u00a0<a href=\"https:\/\/hookahshop.lt\/et\/kontaktid\/\">kontaktide leht<\/a>\u00a0v\u00f5i saatke meile e-kiri aadressil\u00a0<a href=\"https:\/\/facebook.com\/HookahShop.lt\/\" target=\"_blank\" rel=\"noopener\">Facebooki konto<\/a>\u00a0ja vastame teie taotlusele samal p\u00e4eval.<\/p>","protected":false},"excerpt":{"rendered":"<p>Vesipiip GORKY HOOKAH S\u00f5rmus Must Valmistatud roostevabast terasest ja puidust, annab edasi s\u00e4ravat ja rikkalikku maitset. Disain ja suitsetamise kvaliteet on eriti olulised esimesest hetkest kuni valmis suitsetamisseadmeni. See kasutab eemaldatavat difuusorit, mis tagab kerge ja vaikse vesipiibu seansi. Ilma disofoori kasutamata on t\u00f5mme klassikaline (raske, vastupanuga). Tehnilised andmed: K\u00f5rgus: 49 cm Hajuti: eemaldatav Materjalid: [\u2026]<\/p>","protected":false},"featured_media":37165,"comment_status":"open","ping_status":"closed","template":"","meta":[],"_links":{"self":[{"href":"https:\/\/hookahshop.lt\/et\/wp-json\/wp\/v2\/product\/37149"}],"collection":[{"href":"https:\/\/hookahshop.lt\/et\/wp-json\/wp\/v2\/product"}],"about":[{"href":"https:\/\/hookahshop.lt\/et\/wp-json\/wp\/v2\/types\/product"}],"replies":[{"embeddable":true,"href":"https:\/\/hookahshop.lt\/et\/wp-json\/wp\/v2\/comments?post=37149"}],"version-history":[{"count":6,"href":"https:\/\/hookahshop.lt\/et\/wp-json\/wp\/v2\/product\/37149\/revisions"}],"predecessor-version":[{"id":42557,"href":"https:\/\/hookahshop.lt\/et\/wp-json\/wp\/v2\/product\/37149\/revisions\/42557"}],"wp:featuredmedia":[{"embeddable":true,"href":"https:\/\/hookahshop.lt\/et\/wp-json\/wp\/v2\/media\/37165"}],"wp:attachment":[{"href":"https:\/\/hookahshop.lt\/et\/wp-json\/wp\/v2\/media?parent=37149"}],"curies":[{"name":"wp","href":"https:\/\/api.w.org\/{rel}","templated":true}]}}