{"id":37156,"date":"2023-09-29T22:40:27","date_gmt":"2023-09-29T19:40:27","guid":{"rendered":"https:\/\/hookahshop.lt\/?post_type=product&#038;p=37156"},"modified":"2026-04-16T23:30:07","modified_gmt":"2026-04-16T20:30:07","slug":"kaljanas-vortex-hookah-hurricane-dark-matte","status":"publish","type":"product","link":"https:\/\/hookahshop.lt\/et\/toode\/vesipiip-pooris-vesipiip-orkaan-tume-matt\/","title":{"rendered":"Vesipiibu VORTEX Vesipiibu orkaan Dark Matte"},"content":{"rendered":"<h2>Vesipiibu VORTEX Vesipiibu orkaan Dark Matte<\/h2>\n<p>Kvaliteetne roostevabast terasest vesipiip anodeeritud alumiiniumist sisestuste ja eemaldatava difuusoriga, mis tagab kerge ja vaikse vesipiibu seansi. Ilma disofoori kasutamata on t\u00f5mme klassikaline (raske, vastupanuga). Vesipiibul on eksklusiivne puhumiss\u00fcsteem, mis puhub l\u00e4bi vesipiibu varre jaotatud pikivahed alt \u00fcles. Vesipiibuplaat tuha jaoks on tavap\u00e4rasest suurem. Samuti pole plaati kruvitud vesipiibu k\u00fclge \u2013 see on mugavalt pealt \u00e4ra v\u00f5etud. Tee vesipiibu huuliku jaoks vooliku ja v\u00e4ljapuhumisventiili k\u00f5rvale s\u00fcvend. Veetaseme jooned on m\u00e4rgitud Vortexi vesipiibu v\u00f5llile: alumine joon - hajuti abil, \u00fclemine joon - p\u00e4rast hajuti eemaldamist.<\/p>\n<p><strong>Spetsifikatsioon:<\/strong><br \/>\nMaterjal: roostevaba teras<br \/>\nVooliku \u00fchendus: magnetiline<br \/>\nHajuti: eemaldatav<br \/>\nVesipiibu k\u00f5rgus: 40 cm<br \/>\nV\u00f5lli l\u00e4bim\u00f5\u00f5t: 13 mm<\/p>\n<p><strong>Varustus:<\/strong><br \/>\nV\u00f5lli<br \/>\nPlaat<br \/>\nSilikoonvoolik<br \/>\nHuulik<br \/>\nTihendid<br \/>\nKevad<br \/>\nHajuti<\/p>\n<p>Kas teil on k\u00fcsimusi? v\u00f5ta meiega \u00fchendust\u00a0<a href=\"https:\/\/hookahshop.lt\/et\/kontaktid\/\">kontaktide leht<\/a>\u00a0v\u00f5i saatke meile e-kiri aadressil\u00a0<a href=\"https:\/\/facebook.com\/HookahShop.lt\/\" target=\"_blank\" rel=\"noopener noreferrer\">Facebooki konto<\/a>\u00a0ja vastame teie taotlusele samal p\u00e4eval.<\/p>","protected":false},"excerpt":{"rendered":"<p>Vesipiibu VORTEX Hookah Hurricane Dark Matte Kvaliteetne roostevabast terasest vesipiip anodeeritud alumiiniumist vahet\u00fckkide ja eemaldatava difuusoriga, mis tagab kerge ja vaikse vesipiibusesansi. Ilma disofoori kasutamata on t\u00f5mme klassikaline (raske, vastupanuga). Vesipiibul on eksklusiivne puhumiss\u00fcsteem, mis puhub l\u00e4bi vesipiibu varre jaotatud pikivahed alt \u00fcles. Vesipiibuplaat tuha jaoks on suurem kui [\u2026]<\/p>","protected":false},"featured_media":37167,"comment_status":"open","ping_status":"closed","template":"","meta":[],"_links":{"self":[{"href":"https:\/\/hookahshop.lt\/et\/wp-json\/wp\/v2\/product\/37156"}],"collection":[{"href":"https:\/\/hookahshop.lt\/et\/wp-json\/wp\/v2\/product"}],"about":[{"href":"https:\/\/hookahshop.lt\/et\/wp-json\/wp\/v2\/types\/product"}],"replies":[{"embeddable":true,"href":"https:\/\/hookahshop.lt\/et\/wp-json\/wp\/v2\/comments?post=37156"}],"version-history":[{"count":6,"href":"https:\/\/hookahshop.lt\/et\/wp-json\/wp\/v2\/product\/37156\/revisions"}],"predecessor-version":[{"id":37384,"href":"https:\/\/hookahshop.lt\/et\/wp-json\/wp\/v2\/product\/37156\/revisions\/37384"}],"wp:featuredmedia":[{"embeddable":true,"href":"https:\/\/hookahshop.lt\/et\/wp-json\/wp\/v2\/media\/37167"}],"wp:attachment":[{"href":"https:\/\/hookahshop.lt\/et\/wp-json\/wp\/v2\/media?parent=37156"}],"curies":[{"name":"wp","href":"https:\/\/api.w.org\/{rel}","templated":true}]}}