{"id":37196,"date":"2023-09-30T09:25:04","date_gmt":"2023-09-30T06:25:04","guid":{"rendered":"https:\/\/hookahshop.lt\/?post_type=product&#038;p=37196"},"modified":"2026-04-18T23:29:25","modified_gmt":"2026-04-18T20:29:25","slug":"individualus-kaljano-kandiklis-moze-wave-red","status":"publish","type":"product","link":"https:\/\/hookahshop.lt\/et\/toode\/custom-vesipiibu-huulik-moze-wave-ed\/","title":{"rendered":"Individuaalne vesipiibu huulik MOZE Wave Red"},"content":{"rendered":"<h2>Individuaalne vesipiibu huulik MOZE Wave Red<\/h2>\n<p>Garanteerib teile h\u00fcgieenilise suitsetamiskogemuse, kuna t\u00e4idab \u00fchekordselt kasutatava huuliku eesm\u00e4rgi. Iga MOZE huulik on epoks\u00fcvaigu ja v\u00e4rvigradientide t\u00f5ttu ainulaadne, see pole kunagi sama. Huulikud on pestavad ja korduvkasutatavad. Seda huulikut kasutades ei tee te midagi head ainult endale ja oma h\u00fcgieenile, vaid ka keskkonnale, sest huulikuid ei visata p\u00e4rast suitsetamist minema nagu \u00fcksikuid \u00fchekordseid huulikuid.<\/p>\n<p>&nbsp;<\/p>\n<p>Kas teil on k\u00fcsimusi? v\u00f5ta meiega \u00fchendust\u00a0<a href=\"https:\/\/hookahshop.lt\/et\/kontaktid\/\">kontaktide leht<\/a>\u00a0v\u00f5i saatke meile e-kiri aadressil\u00a0<a href=\"https:\/\/facebook.com\/HookahShop.lt\/\" target=\"_blank\" rel=\"noopener\">Facebooki konto<\/a>\u00a0ja vastame teie taotlusele samal p\u00e4eval.<\/p>","protected":false},"excerpt":{"rendered":"<p>Individuaalne vesipiibu huulik MOZE Wave Red garanteerib teile h\u00fcgieenilise suitsetamiskogemuse, kuna t\u00e4idab \u00fchekordselt kasutatava huuliku eesm\u00e4rgi. Iga MOZE huulik on epoks\u00fcvaigu ja v\u00e4rvigradientide t\u00f5ttu ainulaadne, see pole kunagi sama. Huulikud on pestavad ja korduvkasutatavad. Seda huulikut kasutades ei tee te midagi head mitte ainult endale ja oma h\u00fcgieenile, vaid ka keskkonnale, [\u2026]<\/p>","protected":false},"featured_media":37202,"comment_status":"open","ping_status":"closed","template":"","meta":[],"_links":{"self":[{"href":"https:\/\/hookahshop.lt\/et\/wp-json\/wp\/v2\/product\/37196"}],"collection":[{"href":"https:\/\/hookahshop.lt\/et\/wp-json\/wp\/v2\/product"}],"about":[{"href":"https:\/\/hookahshop.lt\/et\/wp-json\/wp\/v2\/types\/product"}],"replies":[{"embeddable":true,"href":"https:\/\/hookahshop.lt\/et\/wp-json\/wp\/v2\/comments?post=37196"}],"version-history":[{"count":5,"href":"https:\/\/hookahshop.lt\/et\/wp-json\/wp\/v2\/product\/37196\/revisions"}],"predecessor-version":[{"id":43986,"href":"https:\/\/hookahshop.lt\/et\/wp-json\/wp\/v2\/product\/37196\/revisions\/43986"}],"wp:featuredmedia":[{"embeddable":true,"href":"https:\/\/hookahshop.lt\/et\/wp-json\/wp\/v2\/media\/37202"}],"wp:attachment":[{"href":"https:\/\/hookahshop.lt\/et\/wp-json\/wp\/v2\/media?parent=37196"}],"curies":[{"name":"wp","href":"https:\/\/api.w.org\/{rel}","templated":true}]}}