{"id":37203,"date":"2023-09-30T09:54:39","date_gmt":"2023-09-30T06:54:39","guid":{"rendered":"https:\/\/hookahshop.lt\/?post_type=product&#038;p=37203"},"modified":"2026-04-06T23:29:33","modified_gmt":"2026-04-06T20:29:33","slug":"zarna-silikonine-moze-matt-black","status":"publish","type":"product","link":"https:\/\/hookahshop.lt\/et\/toode\/voolik-silikoon-moze-matt-must\/","title":{"rendered":"Vooliku silikoon MOZE Matt Must"},"content":{"rendered":"<h2>Vooliku silikoon MOZE Matt Must<\/h2>\n<p>Tugevast silikoonist. Voolikut on v\u00e4ga lihtne puhastada, see on vastupidav v\u00e4rvimuutusele ja l\u00f5hnadele, mist\u00f5ttu on see ideaalne pikaajaliseks kasutamiseks.<\/p>\n<p><strong>Spetsifikatsioonid:<\/strong><br \/>\nPikkus: 150 cm<br \/>\nV\u00e4lisl\u00e4bim\u00f5\u00f5t: ~1,7 cm<br \/>\nSisel\u00e4bim\u00f5\u00f5t: ~1,0 cm<br \/>\nMaterjal: pehme puudutusega<br \/>\nV\u00e4rvus must<\/p>\n<p>&nbsp;<\/p>\n<p>Kas teil on k\u00fcsimusi? v\u00f5ta meiega \u00fchendust\u00a0<a href=\"https:\/\/hookahshop.lt\/et\/kontaktid\/\">kontaktide leht<\/a>\u00a0v\u00f5i saatke meile e-kiri aadressil\u00a0<a href=\"https:\/\/facebook.com\/HookahShop.lt\/\" target=\"_blank\" rel=\"noopener\">Facebooki konto<\/a>\u00a0ja vastame teie taotlusele samal p\u00e4eval.<\/p>","protected":false},"excerpt":{"rendered":"<p>Silikoonvoolik MOZE Matt Must Tugevast silikoonist. Voolikut on v\u00e4ga lihtne puhastada, see on vastupidav v\u00e4rvimuutusele ja l\u00f5hnadele, mist\u00f5ttu on see ideaalne pikaajaliseks kasutamiseks. Tehnilised andmed: Pikkus: 150 cm V\u00e4lisl\u00e4bim\u00f5\u00f5t: ~1,7 cm Sisemine l\u00e4bim\u00f5\u00f5t: ~1,0 cm Materjal: Soft-touch V\u00e4rv: Must Kas teil on k\u00fcsimusi? V\u00f5tke meiega \u00fchendust kontaktide lehel v\u00f5i kirjutage meile meie Facebooki kontol ja me vastame teie p\u00e4ringule [\u2026]<\/p>","protected":false},"featured_media":37205,"comment_status":"open","ping_status":"closed","template":"","meta":[],"_links":{"self":[{"href":"https:\/\/hookahshop.lt\/et\/wp-json\/wp\/v2\/product\/37203"}],"collection":[{"href":"https:\/\/hookahshop.lt\/et\/wp-json\/wp\/v2\/product"}],"about":[{"href":"https:\/\/hookahshop.lt\/et\/wp-json\/wp\/v2\/types\/product"}],"replies":[{"embeddable":true,"href":"https:\/\/hookahshop.lt\/et\/wp-json\/wp\/v2\/comments?post=37203"}],"version-history":[{"count":3,"href":"https:\/\/hookahshop.lt\/et\/wp-json\/wp\/v2\/product\/37203\/revisions"}],"predecessor-version":[{"id":39519,"href":"https:\/\/hookahshop.lt\/et\/wp-json\/wp\/v2\/product\/37203\/revisions\/39519"}],"wp:featuredmedia":[{"embeddable":true,"href":"https:\/\/hookahshop.lt\/et\/wp-json\/wp\/v2\/media\/37205"}],"wp:attachment":[{"href":"https:\/\/hookahshop.lt\/et\/wp-json\/wp\/v2\/media?parent=37203"}],"curies":[{"name":"wp","href":"https:\/\/api.w.org\/{rel}","templated":true}]}}