{"id":37222,"date":"2023-09-30T10:49:56","date_gmt":"2023-09-30T07:49:56","guid":{"rendered":"https:\/\/hookahshop.lt\/?post_type=product&#038;p=37222"},"modified":"2026-04-16T10:21:37","modified_gmt":"2026-04-16T07:21:37","slug":"taurele-kaljanui-fox-phunnel-mini-black","status":"publish","type":"product","link":"https:\/\/hookahshop.lt\/et\/toode\/tass-vesipiip-rebane-lehter-mini-must\/","title":{"rendered":"Vesipiibu tass FOX Phunnel Mini Black"},"content":{"rendered":"<h2>Vesipiibu tass FOX Phunnel Mini Black<\/h2>\n<p>Tass on valmistatud kvaliteetsest savist, nii et see jaotab soojust \u00fchtlaselt ja hoiab seda kogu suitsetamise ajal.<\/p>\n<p><strong>Spetsifikatsioonid:<\/strong><br \/>\nMaterjal: savi<br \/>\nT\u00fc\u00fcp: Phunnel<br \/>\nV\u00e4rvus must<br \/>\nK\u00f5rgus: 7,5 cm<br \/>\nTopsi l\u00e4bim\u00f5\u00f5t \u00fclaosas: 5,5 cm<\/p>\n<p>Kas teil on k\u00fcsimusi? v\u00f5ta meiega \u00fchendust\u00a0<a href=\"https:\/\/hookahshop.lt\/et\/kontaktid\/\">kontaktide leht<\/a>\u00a0v\u00f5i saatke meile e-kiri aadressil\u00a0<a href=\"https:\/\/facebook.com\/HookahShop.lt\/\" target=\"_blank\" rel=\"noopener\">Facebooki konto<\/a>\u00a0ja vastame teie taotlusele samal p\u00e4eval.<\/p>\n<p>&nbsp;<\/p>","protected":false},"excerpt":{"rendered":"<p>Vesipiibu tass FOX Phunnel Mini Black Tass on valmistatud kvaliteetsest savist, mist\u00f5ttu jaotab soojust \u00fchtlaselt ja hoiab seda kogu suitsutamisperioodi v\u00e4ltel. Tehnilised andmed: Materjal: Savi T\u00fc\u00fcp: Phunnel V\u00e4rv: Must K\u00f5rgus: 7,5 cm Tassi l\u00e4bim\u00f5\u00f5t \u00fclaosas: 5,5 cm Kas teil on k\u00fcsimusi? V\u00f5tke meiega \u00fchendust kontaktide lehel v\u00f5i kirjutage meile meie Facebooki kontol ja vastame teie p\u00e4ringule samal p\u00e4eval. [\u2026]<\/p>","protected":false},"featured_media":37224,"comment_status":"open","ping_status":"closed","template":"","meta":[],"_links":{"self":[{"href":"https:\/\/hookahshop.lt\/et\/wp-json\/wp\/v2\/product\/37222"}],"collection":[{"href":"https:\/\/hookahshop.lt\/et\/wp-json\/wp\/v2\/product"}],"about":[{"href":"https:\/\/hookahshop.lt\/et\/wp-json\/wp\/v2\/types\/product"}],"replies":[{"embeddable":true,"href":"https:\/\/hookahshop.lt\/et\/wp-json\/wp\/v2\/comments?post=37222"}],"version-history":[{"count":5,"href":"https:\/\/hookahshop.lt\/et\/wp-json\/wp\/v2\/product\/37222\/revisions"}],"predecessor-version":[{"id":43497,"href":"https:\/\/hookahshop.lt\/et\/wp-json\/wp\/v2\/product\/37222\/revisions\/43497"}],"wp:featuredmedia":[{"embeddable":true,"href":"https:\/\/hookahshop.lt\/et\/wp-json\/wp\/v2\/media\/37224"}],"wp:attachment":[{"href":"https:\/\/hookahshop.lt\/et\/wp-json\/wp\/v2\/media?parent=37222"}],"curies":[{"name":"wp","href":"https:\/\/api.w.org\/{rel}","templated":true}]}}