{"id":37229,"date":"2023-09-30T13:12:07","date_gmt":"2023-09-30T10:12:07","guid":{"rendered":"https:\/\/hookahshop.lt\/?post_type=product&#038;p=37229"},"modified":"2026-04-22T23:29:57","modified_gmt":"2026-04-22T20:29:57","slug":"taurele-kaljanui-werkbund-polygon-black","status":"publish","type":"product","link":"https:\/\/hookahshop.lt\/et\/toode\/tass-vesipiip-werkbund-polugon-must\/","title":{"rendered":"Vesipiibu tass WERKBUND Polygon Black"},"content":{"rendered":"<h2>Vesipiibu tass WERKBUND Polygon Black<\/h2>\n<p>Valmistatud kvaliteetsest savist, jaotab soojust \u00fchtlaselt ja hoiab seda kogu suitsutamisperioodi v\u00e4ltel.<br \/>\nTass mahutab tubakat: 18-20g. (olenevalt kasutatud pakkimismeetodist).<\/p>\n<p><strong>Spetsifikatsioonid:<\/strong><br \/>\nT\u00fc\u00fcp: Phunnel<br \/>\nV\u00e4rvus must<br \/>\nMaterjal: glasuuriga savi<br \/>\nLaius: ~7,5 cm<br \/>\nK\u00f5rgus: ~10,5 cm<br \/>\nS\u00fcgavus: ~1,3 cm<\/p>\n<p>&nbsp;<\/p>\n<p>Kas teil on k\u00fcsimusi? v\u00f5ta meiega \u00fchendust\u00a0<a href=\"https:\/\/hookahshop.lt\/et\/kontaktid\/\">kontaktide leht<\/a>\u00a0v\u00f5i saatke meile e-kiri aadressil\u00a0<a href=\"https:\/\/facebook.com\/HookahShop.lt\/\" target=\"_blank\" rel=\"noopener\">Facebooki konto<\/a>\u00a0ja vastame teie taotlusele samal p\u00e4eval.<\/p>","protected":false},"excerpt":{"rendered":"<p>Vesipiibu tass WERKBUND Polygon Black Valmistatud kvaliteetsest savist, jaotab soojust \u00fchtlaselt ja hoiab seda kogu suitsetamisperioodi v\u00e4ltel. Tass mahutab tubakat: 18-20g. (olenevalt kasutatud pakkimismeetodist). Tehnilised andmed: T\u00fc\u00fcp: Phunnel V\u00e4rv: Must Materjal: Glasuuriga savi Laius: ~7,5 cm K\u00f5rgus: ~10,5 cm S\u00fcgavus: ~1,3 cm K\u00fcsimused? V\u00f5tke meiega \u00fchendust kontaktide lehel v\u00f5i kirjutage [...]<\/p>","protected":false},"featured_media":37230,"comment_status":"open","ping_status":"closed","template":"","meta":[],"_links":{"self":[{"href":"https:\/\/hookahshop.lt\/et\/wp-json\/wp\/v2\/product\/37229"}],"collection":[{"href":"https:\/\/hookahshop.lt\/et\/wp-json\/wp\/v2\/product"}],"about":[{"href":"https:\/\/hookahshop.lt\/et\/wp-json\/wp\/v2\/types\/product"}],"replies":[{"embeddable":true,"href":"https:\/\/hookahshop.lt\/et\/wp-json\/wp\/v2\/comments?post=37229"}],"version-history":[{"count":4,"href":"https:\/\/hookahshop.lt\/et\/wp-json\/wp\/v2\/product\/37229\/revisions"}],"predecessor-version":[{"id":42223,"href":"https:\/\/hookahshop.lt\/et\/wp-json\/wp\/v2\/product\/37229\/revisions\/42223"}],"wp:featuredmedia":[{"embeddable":true,"href":"https:\/\/hookahshop.lt\/et\/wp-json\/wp\/v2\/media\/37230"}],"wp:attachment":[{"href":"https:\/\/hookahshop.lt\/et\/wp-json\/wp\/v2\/media?parent=37229"}],"curies":[{"name":"wp","href":"https:\/\/api.w.org\/{rel}","templated":true}]}}