{"id":37233,"date":"2023-09-30T14:17:07","date_gmt":"2023-09-30T11:17:07","guid":{"rendered":"https:\/\/hookahshop.lt\/?post_type=product&#038;p=37233"},"modified":"2026-04-15T23:29:32","modified_gmt":"2026-04-15T20:29:32","slug":"taurele-kaljanui-moon-phunnel-marble-fir","status":"publish","type":"product","link":"https:\/\/hookahshop.lt\/et\/toode\/tass-vesipiip-kuu-lehter-marmor-kuusk\/","title":{"rendered":"Vesipiibu tass MOON Phunnel Marble Fir"},"content":{"rendered":"<h2>Vesipiibu tass MOON Phunnel Marble Fir<\/h2>\n<p>K\u00e4sitsi valmistatud, suurep\u00e4rane t\u00f6\u00f6tlus, valmistatud kvaliteetsest savist, glasuuritud tass. Tass sobib nii tumedale kui heledale tubakale.<br \/>\nTassi mahub ~ 18-22 g tubakat. (olenevalt kasutatud pakkimismeetodist).<br \/>\nTopsis oleva tubaka jaotamiseks on kinnitatud puidust kahvel.<\/p>\n<p><strong>Spetsifikatsioonid:<\/strong><br \/>\nT\u00fc\u00fcp: Phunnel<br \/>\nV\u00e4rvus: roheline, valge<br \/>\nMaterjal: glasuuriga savi<br \/>\nK\u00f5rgus: 1,05 cm<br \/>\nL\u00e4bim\u00f5\u00f5t (v\u00e4limine): 7,4 cm<br \/>\nL\u00e4bim\u00f5\u00f5t (sisemine): 6,7 cm<br \/>\nS\u00fcgavus: 1 cm<\/p>\n<p>Kas teil on k\u00fcsimusi? v\u00f5ta meiega \u00fchendust\u00a0<a href=\"https:\/\/hookahshop.lt\/et\/kontaktid\/\">kontaktide leht<\/a>\u00a0v\u00f5i saatke meile e-kiri aadressil\u00a0<a href=\"https:\/\/facebook.com\/HookahShop.lt\/\" target=\"_blank\" rel=\"noopener\">Facebooki konto<\/a>\u00a0ja vastame teie taotlusele samal p\u00e4eval.<\/p>","protected":false},"excerpt":{"rendered":"<p>Vesipiibu kauss MOON Phunnel Marble Fir K\u00e4sitsi valmistatud, suurep\u00e4rane t\u00f6\u00f6tlus, valmistatud kvaliteetsest savist, glasuuritud kauss. Tass sobib nii tumedale kui heledale tubakale. Tassi mahub ~ 18-22 g tubakat. (olenevalt kasutatud pakkimismeetodist). Kaasas on puidust kahvel tubaka jaotamiseks topsis. Tehnilised andmed: T\u00fc\u00fcp: Phunnel V\u00e4rv: roheline, valge Materjal: glasuuriga savi K\u00f5rgus: 1,05 cm L\u00e4bim\u00f5\u00f5t [\u2026]<\/p>","protected":false},"featured_media":37234,"comment_status":"open","ping_status":"closed","template":"","meta":[],"_links":{"self":[{"href":"https:\/\/hookahshop.lt\/et\/wp-json\/wp\/v2\/product\/37233"}],"collection":[{"href":"https:\/\/hookahshop.lt\/et\/wp-json\/wp\/v2\/product"}],"about":[{"href":"https:\/\/hookahshop.lt\/et\/wp-json\/wp\/v2\/types\/product"}],"replies":[{"embeddable":true,"href":"https:\/\/hookahshop.lt\/et\/wp-json\/wp\/v2\/comments?post=37233"}],"version-history":[{"count":4,"href":"https:\/\/hookahshop.lt\/et\/wp-json\/wp\/v2\/product\/37233\/revisions"}],"predecessor-version":[{"id":45390,"href":"https:\/\/hookahshop.lt\/et\/wp-json\/wp\/v2\/product\/37233\/revisions\/45390"}],"wp:featuredmedia":[{"embeddable":true,"href":"https:\/\/hookahshop.lt\/et\/wp-json\/wp\/v2\/media\/37234"}],"wp:attachment":[{"href":"https:\/\/hookahshop.lt\/et\/wp-json\/wp\/v2\/media?parent=37233"}],"curies":[{"name":"wp","href":"https:\/\/api.w.org\/{rel}","templated":true}]}}