{"id":37237,"date":"2023-09-30T14:26:49","date_gmt":"2023-09-30T11:26:49","guid":{"rendered":"https:\/\/hookahshop.lt\/?post_type=product&#038;p=37237"},"modified":"2026-04-15T23:29:32","modified_gmt":"2026-04-15T20:29:32","slug":"taurele-kaljanui-moon-phunnel-black-space","status":"publish","type":"product","link":"https:\/\/hookahshop.lt\/et\/toode\/tass-vesipiip-kuu-lehter-must-ruum\/","title":{"rendered":"Vesipiibu tass MOON Phunnel Black Space"},"content":{"rendered":"<h2>Vesipiibu tass MOON Phunnel Black Space<\/h2>\n<p>K\u00e4sitsi valmistatud, suurep\u00e4rane t\u00f6\u00f6tlus, valmistatud kvaliteetsest savist, glasuuritud tass. Tass sobib nii tumedale kui heledale tubakale.<br \/>\nTassi mahub ~ 18-22 g tubakat. (olenevalt kasutatud pakkimismeetodist).<br \/>\nTopsis oleva tubaka jaotamiseks on kinnitatud puidust kahvel.<\/p>\n<p><strong>Spetsifikatsioonid:<\/strong><br \/>\nT\u00fc\u00fcp: Phunnel<br \/>\nV\u00e4rvus: must t\u00e4ppidega<br \/>\nMaterjal: glasuuriga savi<br \/>\nK\u00f5rgus: 1,05 cm<br \/>\nL\u00e4bim\u00f5\u00f5t (v\u00e4limine): 7,4 cm<br \/>\nL\u00e4bim\u00f5\u00f5t (sisemine): 6,7 cm<br \/>\nS\u00fcgavus: 1 cm<\/p>\n<p>&nbsp;<\/p>\n<p>Kas teil on k\u00fcsimusi? v\u00f5ta meiega \u00fchendust\u00a0<a href=\"https:\/\/hookahshop.lt\/et\/kontaktid\/\">kontaktide leht<\/a>\u00a0v\u00f5i saatke meile e-kiri aadressil\u00a0<a href=\"https:\/\/facebook.com\/HookahShop.lt\/\" target=\"_blank\" rel=\"noopener\">Facebooki konto<\/a>\u00a0ja vastame teie taotlusele samal p\u00e4eval.<\/p>","protected":false},"excerpt":{"rendered":"<p>Vesipiibutops MOON Phunnel Black Space K\u00e4sitsi valmistatud, suurep\u00e4rase t\u00f6\u00f6kvaliteediga savist, glasuuritud tops. Tops sobib nii tumedale kui ka heledale tubakale. Tops mahutab ~ 18-22 g tubakat (s\u00f5ltuvalt kasutatavast pakendamisviisist). Tubaka topsi jaotamiseks on kaasas puidust kahvel. Spetsifikatsioonid: T\u00fc\u00fcp: Phunnel V\u00e4rvus: Must t\u00e4ppidega Materjal: Glasuuriga savi K\u00f5rgus: 1,05 cm [\u2026]<\/p>","protected":false},"featured_media":37242,"comment_status":"open","ping_status":"closed","template":"","meta":[],"_links":{"self":[{"href":"https:\/\/hookahshop.lt\/et\/wp-json\/wp\/v2\/product\/37237"}],"collection":[{"href":"https:\/\/hookahshop.lt\/et\/wp-json\/wp\/v2\/product"}],"about":[{"href":"https:\/\/hookahshop.lt\/et\/wp-json\/wp\/v2\/types\/product"}],"replies":[{"embeddable":true,"href":"https:\/\/hookahshop.lt\/et\/wp-json\/wp\/v2\/comments?post=37237"}],"version-history":[{"count":3,"href":"https:\/\/hookahshop.lt\/et\/wp-json\/wp\/v2\/product\/37237\/revisions"}],"predecessor-version":[{"id":37240,"href":"https:\/\/hookahshop.lt\/et\/wp-json\/wp\/v2\/product\/37237\/revisions\/37240"}],"wp:featuredmedia":[{"embeddable":true,"href":"https:\/\/hookahshop.lt\/et\/wp-json\/wp\/v2\/media\/37242"}],"wp:attachment":[{"href":"https:\/\/hookahshop.lt\/et\/wp-json\/wp\/v2\/media?parent=37237"}],"curies":[{"name":"wp","href":"https:\/\/api.w.org\/{rel}","templated":true}]}}