{"id":37241,"date":"2023-09-30T14:50:22","date_gmt":"2023-09-30T11:50:22","guid":{"rendered":"https:\/\/hookahshop.lt\/?post_type=product&#038;p=37241"},"modified":"2026-05-14T23:29:55","modified_gmt":"2026-05-14T20:29:55","slug":"taurele-kaljanui-cosmo-turkish-phunnel-saturn","status":"publish","type":"product","link":"https:\/\/hookahshop.lt\/et\/toode\/tass-vesipiip-kosmo-turgi-lehter-saturn\/","title":{"rendered":"Tass vesipiibu jaoks COSMO T\u00fcrgi Phunnel Saturn"},"content":{"rendered":"<h2>Tass vesipiibu jaoks COSMO T\u00fcrgi Phunnel Saturn<\/h2>\n<p>K\u00e4sitsi valmistatud klaas, mis annab vesipiibu seansile intensiivse maitse. See tass on \u00fcks paljudest topsidest, mis kuuluvad kahte t\u00fc\u00fcpi: t\u00fcrgi- oma kumera kuju t\u00f5ttu ja phunnel- t\u00e4nu \u00fchele augule, nii et nende omaduste t\u00f5ttu on vesipiibu suits pehme ja rikkalik. Tass sobib kergeteks, keskmisteks ja tugevateks seanssideks. Universaalne v\u00f5imalus igat t\u00fc\u00fcpi vesipiibutubaka jaoks. Tassi p\u00f5hi ei kuumene \u00fcle paksu savi t\u00f5ttu, mist\u00f5ttu on seda p\u00e4rast vesipiibu seanssi ohutu ja mugav eemaldada.<\/p>\n<p>Tassi mahub ~ 18-20 g tubakat (olenevalt kasutatavast pakkimisviisist).<\/p>\n<p>&nbsp;<\/p>\n<p><strong>Spetsifikatsioonid:<\/strong><br \/>\nT\u00fc\u00fcp: t\u00fcrgi phunnel<br \/>\nMaterjal: savi<br \/>\nK\u00f5rgus: ~8,8 cm<br \/>\nLaius: ~7cm<br \/>\nKas teil on k\u00fcsimusi? v\u00f5ta meiega \u00fchendust\u00a0<a href=\"https:\/\/hookahshop.lt\/et\/kontaktid\/\">kontaktide leht<\/a>\u00a0v\u00f5i saatke meile e-kiri aadressil\u00a0<a href=\"https:\/\/facebook.com\/HookahShop.lt\/\" target=\"_blank\" rel=\"noopener\">Facebooki konto<\/a>\u00a0ja vastame teie taotlusele samal p\u00e4eval.<\/p>","protected":false},"excerpt":{"rendered":"<p>Vesipiibu tass COSMO T\u00fcrgi Phunnel Saturn K\u00e4sitsi valmistatud tass, mis annab vesipiibu seansile intensiivse maitse. See tass on \u00fcks paljudest topsidest, mis kuuluvad kahte t\u00fc\u00fcpi: t\u00fcrgi- oma kumera kuju t\u00f5ttu ja phunnel- t\u00e4nu \u00fchele augule, nii et nende omaduste t\u00f5ttu on vesipiibu suits pehme ja rikkalik. Tass sobib kergeteks, keskmisteks ja tugevateks seanssideks. Universaalne v\u00f5imalus k\u00f5ikidele vesipiipudele [\u2026]<\/p>","protected":false},"featured_media":37246,"comment_status":"open","ping_status":"closed","template":"","meta":[],"_links":{"self":[{"href":"https:\/\/hookahshop.lt\/et\/wp-json\/wp\/v2\/product\/37241"}],"collection":[{"href":"https:\/\/hookahshop.lt\/et\/wp-json\/wp\/v2\/product"}],"about":[{"href":"https:\/\/hookahshop.lt\/et\/wp-json\/wp\/v2\/types\/product"}],"replies":[{"embeddable":true,"href":"https:\/\/hookahshop.lt\/et\/wp-json\/wp\/v2\/comments?post=37241"}],"version-history":[{"count":4,"href":"https:\/\/hookahshop.lt\/et\/wp-json\/wp\/v2\/product\/37241\/revisions"}],"predecessor-version":[{"id":37569,"href":"https:\/\/hookahshop.lt\/et\/wp-json\/wp\/v2\/product\/37241\/revisions\/37569"}],"wp:featuredmedia":[{"embeddable":true,"href":"https:\/\/hookahshop.lt\/et\/wp-json\/wp\/v2\/media\/37246"}],"wp:attachment":[{"href":"https:\/\/hookahshop.lt\/et\/wp-json\/wp\/v2\/media?parent=37241"}],"curies":[{"name":"wp","href":"https:\/\/api.w.org\/{rel}","templated":true}]}}