{"id":37249,"date":"2023-09-30T15:02:38","date_gmt":"2023-09-30T12:02:38","guid":{"rendered":"https:\/\/hookahshop.lt\/?post_type=product&#038;p=37249"},"modified":"2026-04-15T12:29:38","modified_gmt":"2026-04-15T09:29:38","slug":"taurele-kaljanui-cosmo-phunnel-horeca","status":"publish","type":"product","link":"https:\/\/hookahshop.lt\/et\/toode\/klaas-vesipiip-kosmo-lehter-horeca\/","title":{"rendered":"Vesipiibu tass COSMO Phunnel Horeca"},"content":{"rendered":"<h2>Vesipiibu tass COSMO Phunnel Horeca<\/h2>\n<p>Unikaalne mitte ainult kvaliteetse savi, vaid ka disaini poolest. Tassi vars on m\u00e4hitud kasetohu sisse, nii et topsi p\u00f5hi ei kuumene \u00fcle ning vesipiibu seansi l\u00f5pus on tassi ohutu ja mugav eemaldada.<br \/>\nTassi mahub ~ 18-25 g tubakat (olenevalt kasutatavast pakkimisviisist).<\/p>\n<p><strong>Spetsifikatsioonid:<\/strong><br \/>\nT\u00fc\u00fcp: Phunnel<br \/>\nMaterjal: savi<br \/>\nTassi k\u00f5rgus: ~8,5 cm<\/p>\n<p>&nbsp;<\/p>\n<p>Kas teil on k\u00fcsimusi? v\u00f5ta meiega \u00fchendust\u00a0<a href=\"https:\/\/hookahshop.lt\/et\/kontaktid\/\">kontaktide leht<\/a>\u00a0v\u00f5i saatke meile e-kiri aadressil\u00a0<a href=\"https:\/\/facebook.com\/HookahShop.lt\/\" target=\"_blank\" rel=\"noopener\">Facebooki konto<\/a>\u00a0ja vastame teie taotlusele samal p\u00e4eval.<\/p>","protected":false},"excerpt":{"rendered":"<p>Vesipiibu tass COSMO Phunnel Horeca Unikaalne mitte ainult kvaliteetse savi, vaid ka disaini poolest. Tassi vars on m\u00e4hitud kasetohu sisse, mist\u00f5ttu ei kuumene topsi p\u00f5hi \u00fcle ning vesipiibu seansi l\u00f5ppedes on topsi ohutu ja mugav eemaldada. Tassi mahub ~ 18-25 g tubakat (olenevalt kasutatavast pakkimisviisist). Tehnilised andmed: T\u00fc\u00fcp: Phunnel Materjal: Savitassi k\u00f5rgus: ~8,5 cm Teil on [\u2026]<\/p>","protected":false},"featured_media":37250,"comment_status":"open","ping_status":"closed","template":"","meta":[],"_links":{"self":[{"href":"https:\/\/hookahshop.lt\/et\/wp-json\/wp\/v2\/product\/37249"}],"collection":[{"href":"https:\/\/hookahshop.lt\/et\/wp-json\/wp\/v2\/product"}],"about":[{"href":"https:\/\/hookahshop.lt\/et\/wp-json\/wp\/v2\/types\/product"}],"replies":[{"embeddable":true,"href":"https:\/\/hookahshop.lt\/et\/wp-json\/wp\/v2\/comments?post=37249"}],"version-history":[{"count":5,"href":"https:\/\/hookahshop.lt\/et\/wp-json\/wp\/v2\/product\/37249\/revisions"}],"predecessor-version":[{"id":38869,"href":"https:\/\/hookahshop.lt\/et\/wp-json\/wp\/v2\/product\/37249\/revisions\/38869"}],"wp:featuredmedia":[{"embeddable":true,"href":"https:\/\/hookahshop.lt\/et\/wp-json\/wp\/v2\/media\/37250"}],"wp:attachment":[{"href":"https:\/\/hookahshop.lt\/et\/wp-json\/wp\/v2\/media?parent=37249"}],"curies":[{"name":"wp","href":"https:\/\/api.w.org\/{rel}","templated":true}]}}