{"id":37317,"date":"2023-09-30T18:48:27","date_gmt":"2023-09-30T15:48:27","guid":{"rendered":"https:\/\/hookahshop.lt\/?post_type=product&#038;p=37317"},"modified":"2026-04-06T23:29:33","modified_gmt":"2026-04-06T20:29:33","slug":"akriline-vandens-pypke-yellow-20cm","status":"publish","type":"product","link":"https:\/\/hookahshop.lt\/et\/toode\/akruul-veetoru-kollane-20cm\/","title":{"rendered":"Akr\u00fc\u00fclist veetoru Kollane 20cm"},"content":{"rendered":"<h2>Akr\u00fc\u00fclist veetoru Kollane 20cm<\/h2>\n<p>V\u00e4ike k\u00e4ep\u00e4rane metalltoruga akr\u00fc\u00fclbong. Mugav reisil v\u00f5i kodus. Sellel bongil on v\u00e4ike kummitihendiga l\u00f6\u00f6giauk ning paindlik ja eemaldatav alus stabiilsuse ja haarde tagamiseks.<\/p>\n<p><strong>Spetsifikatsioonid:<\/strong><br \/>\nK\u00f5rgus: 20 cm<br \/>\nL\u00e4bim\u00f5\u00f5t: 3 cm<br \/>\nMaterjal: akr\u00fc\u00fcl<\/p>\n<p>Kas teil on k\u00fcsimusi? v\u00f5ta meiega \u00fchendust\u00a0<a href=\"https:\/\/hookahshop.lt\/et\/kontaktid\/\">kontaktide leht<\/a>\u00a0v\u00f5i saatke meile e-kiri aadressil\u00a0<a href=\"https:\/\/facebook.com\/HookahShop.lt\/\" target=\"_blank\" rel=\"noopener\">Facebooki konto<\/a>\u00a0ja vastame teie taotlusele samal p\u00e4eval.<\/p>\n<p>&nbsp;<\/p>","protected":false},"excerpt":{"rendered":"<p>Akr\u00fc\u00fclist veetoru Kollane 20cm V\u00e4ike, mugav metalltoruga akr\u00fc\u00fclbong. Mugav reisil v\u00f5i kodus. Sellel bongil on v\u00e4ike kummitihendiga Kick-Hole ning paindlik ja eemaldatav alus stabiilsuse ja haarde tagamiseks. Tehnilised andmed: K\u00f5rgus: 20cm L\u00e4bim\u00f5\u00f5t: 3cm Materjal: Akr\u00fc\u00fcl K\u00fcsimused? V\u00f5tke meiega \u00fchendust kontaktide lehel v\u00f5i kirjutage meile meie Facebooki kontol ja vastame teie p\u00e4ringule [\u2026]<\/p>","protected":false},"featured_media":37318,"comment_status":"open","ping_status":"closed","template":"","meta":[],"_links":{"self":[{"href":"https:\/\/hookahshop.lt\/et\/wp-json\/wp\/v2\/product\/37317"}],"collection":[{"href":"https:\/\/hookahshop.lt\/et\/wp-json\/wp\/v2\/product"}],"about":[{"href":"https:\/\/hookahshop.lt\/et\/wp-json\/wp\/v2\/types\/product"}],"replies":[{"embeddable":true,"href":"https:\/\/hookahshop.lt\/et\/wp-json\/wp\/v2\/comments?post=37317"}],"version-history":[{"count":5,"href":"https:\/\/hookahshop.lt\/et\/wp-json\/wp\/v2\/product\/37317\/revisions"}],"predecessor-version":[{"id":43289,"href":"https:\/\/hookahshop.lt\/et\/wp-json\/wp\/v2\/product\/37317\/revisions\/43289"}],"wp:featuredmedia":[{"embeddable":true,"href":"https:\/\/hookahshop.lt\/et\/wp-json\/wp\/v2\/media\/37318"}],"wp:attachment":[{"href":"https:\/\/hookahshop.lt\/et\/wp-json\/wp\/v2\/media?parent=37317"}],"curies":[{"name":"wp","href":"https:\/\/api.w.org\/{rel}","templated":true}]}}