{"id":37408,"date":"2023-10-16T00:23:50","date_gmt":"2023-10-15T21:23:50","guid":{"rendered":"https:\/\/hookahshop.lt\/?post_type=product&#038;p=37408"},"modified":"2026-04-06T23:29:33","modified_gmt":"2026-04-06T20:29:33","slug":"akriline-vandens-pypke-color-ivairiu-spalvu-16cm","status":"publish","type":"product","link":"https:\/\/hookahshop.lt\/et\/toode\/akruul-veetoru-varv-mitmesugust-varvi-16cm\/","title":{"rendered":"Akr\u00fc\u00fclist veetoru V\u00e4rv Erinevad v\u00e4rvid 16cm"},"content":{"rendered":"<h2>Akr\u00fc\u00fclist veetoru V\u00e4rv Erinevad v\u00e4rvid 16cm<\/h2>\n<p>Suurep\u00e4rane mini vesibong, mis on valmistatud esmaklassilisest akr\u00fc\u00fclist, nii et v\u00f5ime olla kindlad, et toru ei purune. Komplekti kuulub keskmise suurusega metallist tass.<\/p>\n<p><strong>Spetsifikatsioonid:<\/strong><br \/>\nMaterjal: akr\u00fc\u00fcl<br \/>\nK\u00f5rgus: 15 cm<br \/>\nL\u00e4bim\u00f5\u00f5t: 23mm<br \/>\nV\u00e4rvid: must, roheline, sinine, punane, kollane.<\/p>\n<p><strong>V\u00e4rvi saate valida, m\u00e4rkides selle tellimuse kommentaari, vastasel juhul saadetakse \u00fcks v\u00e4rvidest juhuslikult.<\/strong><\/p>\n<p>&nbsp;<\/p>\n<p>Kas teil on k\u00fcsimusi? v\u00f5ta meiega \u00fchendust\u00a0<a href=\"https:\/\/hookahshop.lt\/et\/kontaktid\/\">kontaktide leht<\/a>\u00a0v\u00f5i saatke meile e-kiri aadressil\u00a0<a href=\"https:\/\/facebook.com\/HookahShop.lt\/\" target=\"_blank\" rel=\"noopener noreferrer\">Facebooki konto<\/a>\u00a0ja vastame teie taotlusele samal p\u00e4eval.<\/p>","protected":false},"excerpt":{"rendered":"<p>Akr\u00fc\u00fclist veetoru V\u00e4rv Erinevad v\u00e4rvid 16cm Suurep\u00e4rane mini vesibong, mis on valmistatud k\u00f5rgeima kvaliteediga akr\u00fc\u00fclist, nii et v\u00f5ime olla kindlad, et toru ei purune. Komplekti kuulub keskmise suurusega metallist tass. Tehnilised andmed: Materjal: akr\u00fc\u00fcl K\u00f5rgus: 15cm L\u00e4bim\u00f5\u00f5t: 23mm V\u00e4rvid: must, roheline, sinine, punane, kollane. V\u00e4rvi saate valida, m\u00e4rkides selle tellimuse kommentaari, vastasel juhul saadetakse \u00fcks v\u00e4rvidest [...]<\/p>","protected":false},"featured_media":37409,"comment_status":"open","ping_status":"closed","template":"","meta":[],"_links":{"self":[{"href":"https:\/\/hookahshop.lt\/et\/wp-json\/wp\/v2\/product\/37408"}],"collection":[{"href":"https:\/\/hookahshop.lt\/et\/wp-json\/wp\/v2\/product"}],"about":[{"href":"https:\/\/hookahshop.lt\/et\/wp-json\/wp\/v2\/types\/product"}],"replies":[{"embeddable":true,"href":"https:\/\/hookahshop.lt\/et\/wp-json\/wp\/v2\/comments?post=37408"}],"version-history":[{"count":5,"href":"https:\/\/hookahshop.lt\/et\/wp-json\/wp\/v2\/product\/37408\/revisions"}],"predecessor-version":[{"id":45586,"href":"https:\/\/hookahshop.lt\/et\/wp-json\/wp\/v2\/product\/37408\/revisions\/45586"}],"wp:featuredmedia":[{"embeddable":true,"href":"https:\/\/hookahshop.lt\/et\/wp-json\/wp\/v2\/media\/37409"}],"wp:attachment":[{"href":"https:\/\/hookahshop.lt\/et\/wp-json\/wp\/v2\/media?parent=37408"}],"curies":[{"name":"wp","href":"https:\/\/api.w.org\/{rel}","templated":true}]}}