{"id":37416,"date":"2023-10-16T00:54:51","date_gmt":"2023-10-15T21:54:51","guid":{"rendered":"https:\/\/hookahshop.lt\/?post_type=product&#038;p=37416"},"modified":"2026-04-06T23:29:33","modified_gmt":"2026-04-06T20:29:33","slug":"sepetelis-siauras-black-32cm","status":"publish","type":"product","link":"https:\/\/hookahshop.lt\/et\/toode\/sepetel-kitsas-must-32cm\/","title":{"rendered":"Kitsas pintsel Must 32cm"},"content":{"rendered":"<h2>Kitsas pintsel Must 32cm<\/h2>\n<p>Nailonharjastega metallist traathari sobib seega suurep\u00e4raselt vesipiibukausside, bongikausside ja torude puhastamiseks.<\/p>\n<p><strong>Spetsifikatsioonid:<\/strong><br \/>\nPikkus: 32,5 cm<br \/>\nLaius: 1 cm<\/p>\n<p>Kas teil on k\u00fcsimusi? v\u00f5ta meiega \u00fchendust\u00a0<a href=\"https:\/\/hookahshop.lt\/et\/kontaktid\/\">kontaktide leht<\/a>\u00a0v\u00f5i saatke meile e-kiri aadressil\u00a0<a href=\"https:\/\/facebook.com\/HookahShop.lt\/\" target=\"_blank\" rel=\"noopener noreferrer\">Facebooki konto<\/a>\u00a0ja vastame teie taotlusele samal p\u00e4eval.<\/p>","protected":false},"excerpt":{"rendered":"<p>Harja kitsas Must 32cm metallist traathari nailonharjastega, seega sobib suurep\u00e4raselt vesipiibukausside, bongikausside ja torude puhastamiseks. Tehnilised andmed: Pikkus: 32,5 cm Laius: 1 cm Kas teil on k\u00fcsimusi? V\u00f5tke meiega \u00fchendust kontaktide lehel v\u00f5i kirjutage meile meie Facebooki kontol ja vastame teie p\u00e4ringule samal p\u00e4eval.<\/p>","protected":false},"featured_media":37417,"comment_status":"open","ping_status":"closed","template":"","meta":[],"_links":{"self":[{"href":"https:\/\/hookahshop.lt\/et\/wp-json\/wp\/v2\/product\/37416"}],"collection":[{"href":"https:\/\/hookahshop.lt\/et\/wp-json\/wp\/v2\/product"}],"about":[{"href":"https:\/\/hookahshop.lt\/et\/wp-json\/wp\/v2\/types\/product"}],"replies":[{"embeddable":true,"href":"https:\/\/hookahshop.lt\/et\/wp-json\/wp\/v2\/comments?post=37416"}],"version-history":[{"count":5,"href":"https:\/\/hookahshop.lt\/et\/wp-json\/wp\/v2\/product\/37416\/revisions"}],"predecessor-version":[{"id":44953,"href":"https:\/\/hookahshop.lt\/et\/wp-json\/wp\/v2\/product\/37416\/revisions\/44953"}],"wp:featuredmedia":[{"embeddable":true,"href":"https:\/\/hookahshop.lt\/et\/wp-json\/wp\/v2\/media\/37417"}],"wp:attachment":[{"href":"https:\/\/hookahshop.lt\/et\/wp-json\/wp\/v2\/media?parent=37416"}],"curies":[{"name":"wp","href":"https:\/\/api.w.org\/{rel}","templated":true}]}}