{"id":37512,"date":"2023-10-27T13:29:50","date_gmt":"2023-10-27T10:29:50","guid":{"rendered":"https:\/\/hookahshop.lt\/?post_type=product&#038;p=37512"},"modified":"2026-04-06T23:29:33","modified_gmt":"2026-04-06T20:29:33","slug":"znyples-kaljano-anglims-alpha-hookah-x-alpha","status":"publish","type":"product","link":"https:\/\/hookahshop.lt\/et\/toode\/vesipiibu-aoetangid-alfa-hookah-x-alfa\/","title":{"rendered":"Tangid vesipiibu s\u00fcsinikule ALPHA HOOKAH X Alpha"},"content":{"rendered":"<h2>Tangid vesipiibu s\u00fcsinikule ALPHA HOOKAH X Alpha<\/h2>\n<p>Stiilsed, kompaktsed ja eksklusiivsed tangid on disaininud tuntud vesipiibutootja Alpha Hookah. Tangid on valmistatud ka kvaliteetsest roostevabast terasest. Tangid eristuvad nende originaalse graveeringu poolest. Tangidesse tehtud 3 l\u00f5iget, et neid oleks lihtne taldrikule riputada.<\/p>\n<p><strong>Omadused:<\/strong><br \/>\nMaterjal: roostevaba teras<br \/>\nPikkus: 20,3 cm<\/p>\n<p>Kas teil on k\u00fcsimusi? v\u00f5ta meiega \u00fchendust\u00a0<a href=\"https:\/\/hookahshop.lt\/et\/kontaktid\/\">kontaktide leht<\/a>\u00a0v\u00f5i saatke meile e-kiri aadressil\u00a0<a href=\"https:\/\/facebook.com\/HookahShop.lt\/\" target=\"_blank\" rel=\"noopener noreferrer\">Facebooki konto<\/a>\u00a0ja vastame teie taotlusele samal p\u00e4eval.<\/p>\n<p>&nbsp;<\/p>","protected":false},"excerpt":{"rendered":"<p>Tangid vesipiibu s\u00f6e jaoks ALPHA HOOKAH X Alpha Stiilsed, kompaktsed ja eksklusiivsed tangid, mille on loonud tuntud vesipiibutootja Alpha Hookah. Tangid on valmistatud ka kvaliteetsest roostevabast terasest. Tangid eristuvad nende originaalse graveeringu poolest. Tangidesse tehtud 3 l\u00f5iget, et neid oleks lihtne taldrikule riputada. Omadused: Materjal: roostevaba teras Pikkus: 20,3 cm Kas teil on k\u00fcsimusi? V\u00f5tke meiega \u00fchendust kontaktide lehel v\u00f5i kirjutage [...]<\/p>","protected":false},"featured_media":37513,"comment_status":"open","ping_status":"closed","template":"","meta":[],"_links":{"self":[{"href":"https:\/\/hookahshop.lt\/et\/wp-json\/wp\/v2\/product\/37512"}],"collection":[{"href":"https:\/\/hookahshop.lt\/et\/wp-json\/wp\/v2\/product"}],"about":[{"href":"https:\/\/hookahshop.lt\/et\/wp-json\/wp\/v2\/types\/product"}],"replies":[{"embeddable":true,"href":"https:\/\/hookahshop.lt\/et\/wp-json\/wp\/v2\/comments?post=37512"}],"version-history":[{"count":3,"href":"https:\/\/hookahshop.lt\/et\/wp-json\/wp\/v2\/product\/37512\/revisions"}],"predecessor-version":[{"id":37515,"href":"https:\/\/hookahshop.lt\/et\/wp-json\/wp\/v2\/product\/37512\/revisions\/37515"}],"wp:featuredmedia":[{"embeddable":true,"href":"https:\/\/hookahshop.lt\/et\/wp-json\/wp\/v2\/media\/37513"}],"wp:attachment":[{"href":"https:\/\/hookahshop.lt\/et\/wp-json\/wp\/v2\/media?parent=37512"}],"curies":[{"name":"wp","href":"https:\/\/api.w.org\/{rel}","templated":true}]}}