{"id":37754,"date":"2023-11-29T22:23:50","date_gmt":"2023-11-29T20:23:50","guid":{"rendered":"https:\/\/hookahshop.lt\/?post_type=product&#038;p=37754"},"modified":"2026-04-06T23:29:33","modified_gmt":"2026-04-06T20:29:33","slug":"kandiklis-kaljanui-aladin-lux-red","status":"publish","type":"product","link":"https:\/\/hookahshop.lt\/et\/toode\/huuliku-for-vesipiibu-aladin-lux-red\/","title":{"rendered":"Vesipiibu huulik ALADIN Lux Red"},"content":{"rendered":"<h2>Vesipiibu huulik ALADIN Lux Red<\/h2>\n<p>See on \u00fches t\u00fckis integreeritud huulik, mis sobib peaaegu k\u00f5igile silikoonvoolikutele. Sobib erinevat t\u00fc\u00fcpi \u00fchekordselt kasutatavate huulike jaoks.<\/p>\n<p><strong>Spetsifikatsioon:<\/strong><br \/>\nV\u00e4rv: punane<br \/>\nMaterjal: Alumiinium<br \/>\nM\u00f5\u00f5dud: 24,5 cm<\/p>\n<p>Kas teil on k\u00fcsimusi? v\u00f5ta meiega \u00fchendust\u00a0<a href=\"https:\/\/hookahshop.lt\/et\/kontaktid\/\">kontaktide leht<\/a>\u00a0v\u00f5i saatke meile e-kiri aadressil\u00a0<a href=\"https:\/\/facebook.com\/HookahShop.lt\/\" target=\"_blank\" rel=\"noopener noreferrer\">Facebooki konto<\/a>\u00a0ja vastame teie taotlusele samal p\u00e4eval.<\/p>","protected":false},"excerpt":{"rendered":"<p>Vesipiibu huulik ALADIN Lux Red See on \u00fches t\u00fckis integreeritud huulik, mis sobib peaaegu k\u00f5ikidele silikoonvoolikutele. Sobib erinevat t\u00fc\u00fcpi \u00fchekordseks kasutamiseks m\u00f5eldud huulikutele. Spetsifikatsioon: V\u00e4rv: punane Materjal: alumiinium M\u00f5\u00f5dud: 24,5 cm Kas teil on k\u00fcsimusi? V\u00f5tke meiega \u00fchendust kontaktide lehel v\u00f5i kirjutage meile meie Facebooki kontol ja vastame teie p\u00e4ringule samal p\u00e4eval.<\/p>","protected":false},"featured_media":37751,"comment_status":"open","ping_status":"closed","template":"","meta":[],"_links":{"self":[{"href":"https:\/\/hookahshop.lt\/et\/wp-json\/wp\/v2\/product\/37754"}],"collection":[{"href":"https:\/\/hookahshop.lt\/et\/wp-json\/wp\/v2\/product"}],"about":[{"href":"https:\/\/hookahshop.lt\/et\/wp-json\/wp\/v2\/types\/product"}],"replies":[{"embeddable":true,"href":"https:\/\/hookahshop.lt\/et\/wp-json\/wp\/v2\/comments?post=37754"}],"version-history":[{"count":4,"href":"https:\/\/hookahshop.lt\/et\/wp-json\/wp\/v2\/product\/37754\/revisions"}],"predecessor-version":[{"id":45457,"href":"https:\/\/hookahshop.lt\/et\/wp-json\/wp\/v2\/product\/37754\/revisions\/45457"}],"wp:featuredmedia":[{"embeddable":true,"href":"https:\/\/hookahshop.lt\/et\/wp-json\/wp\/v2\/media\/37751"}],"wp:attachment":[{"href":"https:\/\/hookahshop.lt\/et\/wp-json\/wp\/v2\/media?parent=37754"}],"curies":[{"name":"wp","href":"https:\/\/api.w.org\/{rel}","templated":true}]}}