{"id":37933,"date":"2024-01-11T17:43:41","date_gmt":"2024-01-11T15:43:41","guid":{"rendered":"https:\/\/hookahshop.lt\/?post_type=product&#038;p=37933"},"modified":"2026-04-22T23:29:58","modified_gmt":"2026-04-22T20:29:58","slug":"zarna-silikonine-caesar-silver","status":"publish","type":"product","link":"https:\/\/hookahshop.lt\/et\/toode\/voolik-silikoon-caesar-hobe\/","title":{"rendered":"Voolik silikoon CAESAR Silver"},"content":{"rendered":"<h2>Voolik silikoon CAESAR Silver<\/h2>\n<p>Valmistatud meditsiinilisest silikoonist antistaatilise kattega &quot;Soft-Touch&quot; ja ei sisalda v\u00f5\u00f5raid l\u00f5hnu. Nende omadustega j\u00e4\u00e4b voolik paindlikuks.<br \/>\n<strong>Spetsifikatsioonid:<\/strong><br \/>\nPikkus: 1,50 m<br \/>\nV\u00e4lisl\u00e4bim\u00f5\u00f5t: 18 mm<br \/>\nVooliku sisel\u00e4bim\u00f5\u00f5t: 11 mm<br \/>\nKate: pehme pehme puudutus<br \/>\nKaal: umbes 240 g.<\/p>\n<p>Kas teil on k\u00fcsimusi? v\u00f5ta meiega \u00fchendust\u00a0<a href=\"https:\/\/hookahshop.lt\/et\/kontaktid\/\">kontaktide leht<\/a>\u00a0v\u00f5i saatke meile e-kiri aadressil\u00a0<a href=\"https:\/\/facebook.com\/HookahShop.lt\/\" target=\"_blank\" rel=\"noopener noreferrer\">Facebooki konto<\/a>\u00a0ja vastame teie taotlusele samal p\u00e4eval.<\/p>","protected":false},"excerpt":{"rendered":"<p>Silikoonvoolik CAESAR Silver Valmistatud meditsiinilisest silikoonist antistaatilise Soft-Touch kattega ja sellel pole k\u00f5rvalisi l\u00f5hnu. Need omadused hoiavad vooliku paindlikuna. Tehnilised andmed: Pikkus: 1,50 m V\u00e4lisl\u00e4bim\u00f5\u00f5t: 18 mm Vooliku sisel\u00e4bim\u00f5\u00f5t: 11 mm Kate: pehme pehme puudutus Kaal: umbes 240 g. Kas teil on k\u00fcsimusi? V\u00f5tke meiega \u00fchendust kontaktide lehel v\u00f5i kirjutage meile meie Facebooki kontol ja me vastame [\u2026]<\/p>","protected":false},"featured_media":37935,"comment_status":"open","ping_status":"closed","template":"","meta":[],"_links":{"self":[{"href":"https:\/\/hookahshop.lt\/et\/wp-json\/wp\/v2\/product\/37933"}],"collection":[{"href":"https:\/\/hookahshop.lt\/et\/wp-json\/wp\/v2\/product"}],"about":[{"href":"https:\/\/hookahshop.lt\/et\/wp-json\/wp\/v2\/types\/product"}],"replies":[{"embeddable":true,"href":"https:\/\/hookahshop.lt\/et\/wp-json\/wp\/v2\/comments?post=37933"}],"version-history":[{"count":4,"href":"https:\/\/hookahshop.lt\/et\/wp-json\/wp\/v2\/product\/37933\/revisions"}],"predecessor-version":[{"id":44617,"href":"https:\/\/hookahshop.lt\/et\/wp-json\/wp\/v2\/product\/37933\/revisions\/44617"}],"wp:featuredmedia":[{"embeddable":true,"href":"https:\/\/hookahshop.lt\/et\/wp-json\/wp\/v2\/media\/37935"}],"wp:attachment":[{"href":"https:\/\/hookahshop.lt\/et\/wp-json\/wp\/v2\/media?parent=37933"}],"curies":[{"name":"wp","href":"https:\/\/api.w.org\/{rel}","templated":true}]}}